{"id":7676,"date":"2021-09-08T13:16:53","date_gmt":"2021-09-08T11:16:53","guid":{"rendered":"https:\/\/idis.conselldeivissa.es\/?page_id=7676"},"modified":"2023-09-07T11:05:00","modified_gmt":"2023-09-07T09:05:00","slug":"dias-internacionales-secundaria-23-24","status":"publish","type":"page","link":"https:\/\/idis.conselldeivissa.es\/es\/salud\/cepca\/programas-educativos\/agenda-secundaria-1\/dias-internacionales-secundaria-23-24\/","title":{"rendered":"D\u00edas Internacionales"},"content":{"rendered":"[vc_row type=\u00bbin_container\u00bb full_screen_row_position=\u00bbmiddle\u00bb column_margin=\u00bbdefault\u00bb column_direction=\u00bbdefault\u00bb column_direction_tablet=\u00bbdefault\u00bb column_direction_phone=\u00bbdefault\u00bb scene_position=\u00bbcenter\u00bb text_color=\u00bbdark\u00bb text_align=\u00bbleft\u00bb row_border_radius=\u00bbnone\u00bb row_border_radius_applies=\u00bbbg\u00bb overlay_strength=\u00bb0.3&#8243; gradient_direction=\u00bbleft_to_right\u00bb shape_divider_position=\u00bbbottom\u00bb bg_image_animation=\u00bbnone\u00bb][vc_column column_padding=\u00bbno-extra-padding\u00bb column_padding_tablet=\u00bbinherit\u00bb column_padding_phone=\u00bbinherit\u00bb column_padding_position=\u00bball\u00bb column_element_spacing=\u00bbdefault\u00bb background_color_opacity=\u00bb1&#8243; background_hover_color_opacity=\u00bb1&#8243; column_shadow=\u00bbnone\u00bb column_border_radius=\u00bbnone\u00bb column_link_target=\u00bb_self\u00bb gradient_direction=\u00bbleft_to_right\u00bb overlay_strength=\u00bb0.3&#8243; width=\u00bb1\/1&#8243; tablet_width_inherit=\u00bbdefault\u00bb tablet_text_alignment=\u00bbdefault\u00bb phone_text_alignment=\u00bbdefault\u00bb bg_image_animation=\u00bbnone\u00bb border_type=\u00bbsimple\u00bb column_border_width=\u00bbnone\u00bb column_border_style=\u00bbsolid\u00bb][vc_custom_heading source=\u00bbpost_title\u00bb font_container=\u00bbtag:h1|text_align:center\u00bb use_theme_fonts=\u00bbyes\u00bb][\/vc_column][\/vc_row][vc_row type=\u00bbin_container\u00bb full_screen_row_position=\u00bbmiddle\u00bb column_margin=\u00bbdefault\u00bb column_direction=\u00bbdefault\u00bb column_direction_tablet=\u00bbdefault\u00bb column_direction_phone=\u00bbdefault\u00bb scene_position=\u00bbcenter\u00bb text_color=\u00bbdark\u00bb text_align=\u00bbleft\u00bb row_border_radius=\u00bbnone\u00bb row_border_radius_applies=\u00bbbg\u00bb id=\u00bbbdiasinter\u00bb overlay_strength=\u00bb0.3&#8243; gradient_direction=\u00bbleft_to_right\u00bb shape_divider_position=\u00bbbottom\u00bb bg_image_animation=\u00bbnone\u00bb shape_type=\u00bb\u00bb][vc_column column_padding=\u00bbno-extra-padding\u00bb column_padding_tablet=\u00bbinherit\u00bb column_padding_phone=\u00bbinherit\u00bb column_padding_position=\u00bball\u00bb column_element_spacing=\u00bbdefault\u00bb background_color_opacity=\u00bb1&#8243; background_hover_color_opacity=\u00bb1&#8243; column_shadow=\u00bbnone\u00bb column_border_radius=\u00bbnone\u00bb column_link_target=\u00bb_self\u00bb gradient_direction=\u00bbleft_to_right\u00bb overlay_strength=\u00bb0.3&#8243; width=\u00bb1\/1&#8243; tablet_width_inherit=\u00bbdefault\u00bb tablet_text_alignment=\u00bbdefault\u00bb phone_text_alignment=\u00bbdefault\u00bb bg_image_animation=\u00bbnone\u00bb border_type=\u00bbsimple\u00bb column_border_width=\u00bbnone\u00bb column_border_style=\u00bbsolid\u00bb][vc_text_separator title=\u00bbEnero\u00bb color=\u00bbcustom\u00bb border_width=\u00bb2&#8243; accent_color=\u00bb#333333&#8243;][vc_column_text el_class=\u00bbfecha\u00bb]<strong>30 de enero<br \/>\n<\/strong>[\/vc_column_text][vc_custom_heading text=\u00bbD\u00eda Escolar de la No Violencia y la Paz\u00bb font_container=\u00bbtag:h2|text_align:left|color:%233b164a\u00bb use_theme_fonts=\u00bbyes\u00bb][vc_column_text]Desde 1964, para conmemorar la muerte de Gandhi, se celebra el 30 de enero el D\u00eda de la No Violencia y la Paz, reconocido por la UNESCO en 1993. El objetivo de este d\u00eda es la educaci\u00f3n en y para la tolerancia, la solidaridad, la concordia, el respeto a los Derechos Humanos, la no-violencia y la paz. As\u00ed, los centros educativos se convierten en instrumentos de paz y entendimiento entre personas de distinta formaci\u00f3n, raza, cultura y religi\u00f3n.<\/p>\n<p><a href=\"https:\/\/www.diainternacionalde.com\/ficha\/dia-escolar-paz-y-no-violencia\" target=\"_blank\" rel=\"noopener\">M\u00e1s informaci\u00f3n<\/a>[\/vc_column_text][vc_text_separator title=\u00bbFebrero\u00bb color=\u00bbcustom\u00bb border_width=\u00bb2&#8243; accent_color=\u00bb#333333&#8243;][vc_column_text el_class=\u00bbfecha\u00bb]<strong>11 de febrero<\/strong><\/p>\n[\/vc_column_text][vc_custom_heading text=\u00bbD\u00eda Internacional de la Mujer y la Ni\u00f1a en la Ciencia\u00bb font_container=\u00bbtag:h2|text_align:left|color:%233b164a\u00bb use_theme_fonts=\u00bbyes\u00bb][vc_column_text]El D\u00eda Internacional de la Mujer y la Ni\u00f1a en la Ciencia se celebra el 11 de febrero. Fue proclamado en 2015 por la Asamblea General de las Naciones Unidas con el fin de lograr el acceso y la participaci\u00f3n plena y equitativa en la ciencia para las mujeres y las ni\u00f1as, adem\u00e1s para lograr la igualdad de g\u00e9nero y el empoderamiento de las mujeres y las ni\u00f1as.<\/p>\n<p><a href=\"https:\/\/es.unesco.org\/commemorations\/womenandgirlinscienceday\" target=\"_blank\" rel=\"noopener\">M\u00e1s informaci\u00f3n<\/a>[\/vc_column_text][divider line_type=\u00bbFull Width Line\u00bb line_thickness=\u00bb1&#8243; divider_color=\u00bbdefault\u00bb custom_height=\u00bb40&#8243;][vc_column_text el_class=\u00bbfecha\u00bb]<strong>22 de febrero<\/strong>[\/vc_column_text][vc_custom_heading text=\u00bbD\u00eda Europeo de la Igualdad Salarial\u00bb font_container=\u00bbtag:h2|text_align:left|color:%233b164a\u00bb use_theme_fonts=\u00bbyes\u00bb][vc_column_text]Para sensibilizar a la ciudadan\u00eda contra la brecha salarial de g\u00e9nero, se promueve en Espa\u00f1a y en la UE, un d\u00eda relacionado con la igualdad salarial, cuyo objetivo es poner de relieve que mujeres y hombres no ganan lo mismo por la realizaci\u00f3n del mismo trabajo o de un trabajo de igual valor. En definitiva, las mujeres de cualquier edad, sector en el que trabajen, tipo de jornada o contrato, etc. tienen que trabajar m\u00e1s para ganar lo mismo que los hombres.<\/p>\n<p><a href=\"https:\/\/www.diainternacionalde.com\/ficha\/dia-igualdad-salarial\" target=\"_blank\" rel=\"noopener\">M\u00e1s informaci\u00f3n<\/a>[\/vc_column_text][vc_text_separator title=\u00bbMarzo\u00bb color=\u00bbcustom\u00bb border_width=\u00bb2&#8243; accent_color=\u00bb#333333&#8243;][vc_column_text el_class=\u00bbfecha\u00bb]<strong>8 de marzo<\/strong>[\/vc_column_text][vc_custom_heading text=\u00bbD\u00eda Internacional de la Mujer\u00bb font_container=\u00bbtag:h2|text_align:left|color:%233b164a\u00bb use_theme_fonts=\u00bbyes\u00bb][vc_column_text]El 8 de marzo se celebra el D\u00eda Internacional de la Mujer, un d\u00eda para luchar por la igualdad, la participaci\u00f3n y el empoderamiento de la mujer en todos los \u00e1mbitos de la sociedad. Se celebra en muchos pa\u00edses del mundo. En algunos de estos pa\u00edses es fiesta nacional.<\/p>\n<p><a href=\"https:\/\/es.unesco.org\/commemorations\/womenday\" target=\"_blank\" rel=\"noopener\">M\u00e1s informaci\u00f3n<\/a>[\/vc_column_text][vc_text_separator title=\u00bbAbril\u00bb color=\u00bbcustom\u00bb border_width=\u00bb2&#8243; accent_color=\u00bb#333333&#8243;][vc_column_text el_class=\u00bbfecha\u00bb]<strong>15 de abril (Espa\u00f1a)<\/strong>[\/vc_column_text][vc_custom_heading text=\u00bbD\u00eda del Ni\u00f1o\u00bb font_container=\u00bbtag:h2|text_align:left|color:%233b164a\u00bb use_theme_fonts=\u00bbyes\u00bb][vc_column_text]El 15 de abril se celebra en Espa\u00f1a el D\u00eda del Ni\u00f1o, con la finalidad de homenajear a los m\u00e1s peque\u00f1os, promoviendo sus derechos e impulsar su bienestar. Asimismo, se pretende sensibilizar a la poblaci\u00f3n acerca de las necesidades integrales de los ni\u00f1os espa\u00f1oles y por supuesto de otras nacionalidades como base fundamental de la Sociedad. La ONU lo celebra el 20 de noviembre de cada a\u00f1o, con el nombre de D\u00eda Universal del Ni\u00f1o.<\/p>\n<p><a href=\"https:\/\/www.diainternacionalde.com\/ficha\/dia-nino-espana\" target=\"_blank\" rel=\"noopener\">M\u00e1s informaci\u00f3n<\/a>[\/vc_column_text][vc_text_separator title=\u00bbMayo\u00bb color=\u00bbcustom\u00bb border_width=\u00bb2&#8243; accent_color=\u00bb#333333&#8243;][vc_column_text el_class=\u00bbfecha\u00bb]<strong>2 de mayo<\/strong>[\/vc_column_text][vc_custom_heading text=\u00bbD\u00eda Internacional contra el Bullying o el Acoso Escolar\u00bb font_container=\u00bbtag:h2|text_align:left|color:%233b164a\u00bb use_theme_fonts=\u00bbyes\u00bb][vc_column_text]El 2 de mayo se celebra el D\u00eda Internacional del contra el Bullying o el Acoso Escolar, con el objetivo de concienciar sobre el riesgo del acoso escolar y el bullying en los ni\u00f1os y j\u00f3venes a nivel mundial. As\u00ed como buscar los mecanismos para evitar este mal, que hoy, se ha convertido en un terrible peligro para la poblaci\u00f3n infantil y juvenil.<\/p>\n<p><a href=\"https:\/\/www.diainternacionalde.com\/ficha\/dia-internacional-contra-bullying-acoso-escolar\" target=\"_blank\" rel=\"noopener\">M\u00e1s informaci\u00f3n<\/a>[\/vc_column_text][vc_text_separator title=\u00bbJunio\u00bb color=\u00bbcustom\u00bb border_width=\u00bb2&#8243; accent_color=\u00bb#333333&#8243;][vc_column_text el_class=\u00bbfecha\u00bb]<strong>5 de junio<\/strong>[\/vc_column_text][vc_custom_heading text=\u00bbD\u00eda Mundial del Medio Ambiente\u00bb font_container=\u00bbtag:h2|text_align:left|color:%233b164a\u00bb use_theme_fonts=\u00bbyes\u00bb][vc_column_text]En el D\u00eda Mundial del Medio Ambiente, que se celebra cada a\u00f1o el 5 de junio, pretende sensibilizar a la sociedad en todos los temas relacionados con el medio ambiente, el cuidado de la biodiversidad y su protecci\u00f3n. Las familias as\u00ed como los educadores juegan un importante papel en la educaci\u00f3n medioambiental.<\/p>\n<p><a href=\"https:\/\/www.un.org\/es\/observances\/environment-day\" target=\"_blank\" rel=\"noopener\">M\u00e1s informaci\u00f3n<\/a>[\/vc_column_text][divider line_type=\u00bbFull Width Line\u00bb line_thickness=\u00bb1&#8243; divider_color=\u00bbdefault\u00bb custom_height=\u00bb40&#8243;][vc_column_text el_class=\u00bbfecha\u00bb]<strong>28 de junio<\/strong>[\/vc_column_text][vc_custom_heading text=\u00bbD\u00eda Internacional del Orgullo LGTB+\u00bb font_container=\u00bbtag:h2|text_align:left|color:%233b164a\u00bb use_theme_fonts=\u00bbyes\u00bb][vc_column_text]El D\u00eda Internacional del Orgullo LGBT+ (lesbiana, gay, bisexual y transexual, etc.), tambi\u00e9n conocido como D\u00eda del Orgullo Gay se celebra cada a\u00f1o el 28 de junio y consiste en una serie de eventos que los distintos colectivos realizan p\u00fablicamente para luchar por la igualdad y la dignidad de las personas gays, lesbianas, bisexuales y transexuales.<\/p>\n<p><a href=\"https:\/\/www.diainternacionalde.com\/ficha\/dia-orgullo-gay\" target=\"_blank\" rel=\"noopener\">M\u00e1s informaci\u00f3n<\/a>[\/vc_column_text][vc_text_separator title=\u00bbNoviembre\u00bb color=\u00bbcustom\u00bb border_width=\u00bb2&#8243; accent_color=\u00bb#333333&#8243;][vc_column_text el_class=\u00bbfecha\u00bb]<strong>25 de noviembre<\/strong>[\/vc_column_text][vc_custom_heading text=\u00bbD\u00eda Internacional de la Eliminaci\u00f3n de la Violencia contra la Mujer\u00bb font_container=\u00bbtag:h2|text_align:left|color:%233b164a\u00bb use_theme_fonts=\u00bbyes\u00bb][vc_column_text]El D\u00eda Internacional de la Eliminaci\u00f3n de la Violencia contra la Mujer se conmemora anualmente el 25 de noviembre para denunciar la violencia que se ejerce sobre las mujeres en todo el mundo y reclamar pol\u00edticas en todos los pa\u00edses para su erradicaci\u00f3n.<\/p>\n<p><a href=\"https:\/\/www.diainternacionalde.com\/ficha\/dia-internacional-eliminacion-violencia-mujer\" target=\"_blank\" rel=\"noopener\">M\u00e1s informaci\u00f3n<\/a>[\/vc_column_text][vc_text_separator title=\u00bbDiciembre\u00bb color=\u00bbcustom\u00bb border_width=\u00bb2&#8243; accent_color=\u00bb#333333&#8243;][vc_column_text el_class=\u00bbfecha\u00bb]<strong>10 de diciembre<\/strong>[\/vc_column_text][vc_custom_heading text=\u00bbD\u00eda de los Derechos Humanos\u00bb font_container=\u00bbtag:h2|text_align:left|color:%233b164a\u00bb use_theme_fonts=\u00bbyes\u00bb][vc_column_text]El 10 de diciembre de 1948 la Asamblea General de las Naciones Unidas adopt\u00f3 la Declaraci\u00f3n Universal de Derechos Humanos, en donde se proclaman los derechos inalienables de toda persona como ser humano, m\u00e1s all\u00e1 de su sexo, raza, religi\u00f3n, color, idioma, opiniones, origen, posici\u00f3n econ\u00f3mica o cualquier otra condici\u00f3n.<\/p>\n<p><a href=\"https:\/\/www.un.org\/es\/observances\/human-rights-day\" target=\"_blank\" rel=\"noopener\">M\u00e1s informaci\u00f3n<\/a>[\/vc_column_text][\/vc_column][\/vc_row]\n","protected":false},"excerpt":{"rendered":"<p>[vc_row type=\u00bbin_container\u00bb full_screen_row_position=\u00bbmiddle\u00bb column_margin=\u00bbdefault\u00bb column_direction=\u00bbdefault\u00bb column_direction_tablet=\u00bbdefault\u00bb column_direction_phone=\u00bbdefault\u00bb scene_position=\u00bbcenter\u00bb text_color=\u00bbdark\u00bb text_align=\u00bbleft\u00bb row_border_radius=\u00bbnone\u00bb row_border_radius_applies=\u00bbbg\u00bb overlay_strength=\u00bb0.3&#8243; gradient_direction=\u00bbleft_to_right\u00bb shape_divider_position=\u00bbbottom\u00bb bg_image_animation=\u00bbnone\u00bb][vc_column column_padding=\u00bbno-extra-padding\u00bb column_padding_tablet=\u00bbinherit\u00bb column_padding_phone=\u00bbinherit\u00bb column_padding_position=\u00bball\u00bb column_element_spacing=\u00bbdefault\u00bb background_color_opacity=\u00bb1&#8243; background_hover_color_opacity=\u00bb1&#8243; column_shadow=\u00bbnone\u00bb column_border_radius=\u00bbnone\u00bb column_link_target=\u00bb_self\u00bb gradient_direction=\u00bbleft_to_right\u00bb overlay_strength=\u00bb0.3&#8243; width=\u00bb1\/1&#8243; tablet_width_inherit=\u00bbdefault\u00bb&#8230;<\/p>\n","protected":false},"author":4,"featured_media":0,"parent":7496,"menu_order":0,"comment_status":"closed","ping_status":"closed","template":"page-child.php","meta":{"footnotes":""},"tags":[],"class_list":["post-7676","page","type-page","status-publish"],"yoast_head":"<!-- This site is optimized with the Yoast SEO plugin v18.4.1 - https:\/\/yoast.com\/wordpress\/plugins\/seo\/ -->\n<title>D\u00edas Internacionales - IDIS. Igualdad, Diversidad, Inclusi\u00f3n y Salud<\/title>\n<meta name=\"robots\" content=\"index, follow, max-snippet:-1, max-image-preview:large, max-video-preview:-1\" \/>\n<link rel=\"canonical\" href=\"https:\/\/idis.conselldeivissa.es\/es\/salud\/cepca\/programas-educativos\/agenda-secundaria-1\/dias-internacionales-secundaria-23-24\/\" \/>\n<meta property=\"og:locale\" content=\"es_ES\" \/>\n<meta property=\"og:type\" content=\"article\" \/>\n<meta property=\"og:title\" content=\"D\u00edas Internacionales - IDIS. Igualdad, Diversidad, Inclusi\u00f3n y Salud\" \/>\n<meta property=\"og:description\" content=\"[vc_row type=\u00bbin_container\u00bb full_screen_row_position=\u00bbmiddle\u00bb column_margin=\u00bbdefault\u00bb column_direction=\u00bbdefault\u00bb column_direction_tablet=\u00bbdefault\u00bb column_direction_phone=\u00bbdefault\u00bb scene_position=\u00bbcenter\u00bb text_color=\u00bbdark\u00bb text_align=\u00bbleft\u00bb row_border_radius=\u00bbnone\u00bb row_border_radius_applies=\u00bbbg\u00bb overlay_strength=\u00bb0.3&#8243; gradient_direction=\u00bbleft_to_right\u00bb shape_divider_position=\u00bbbottom\u00bb bg_image_animation=\u00bbnone\u00bb][vc_column column_padding=\u00bbno-extra-padding\u00bb column_padding_tablet=\u00bbinherit\u00bb column_padding_phone=\u00bbinherit\u00bb column_padding_position=\u00bball\u00bb column_element_spacing=\u00bbdefault\u00bb background_color_opacity=\u00bb1&#8243; background_hover_color_opacity=\u00bb1&#8243; column_shadow=\u00bbnone\u00bb column_border_radius=\u00bbnone\u00bb column_link_target=\u00bb_self\u00bb gradient_direction=\u00bbleft_to_right\u00bb overlay_strength=\u00bb0.3&#8243; width=\u00bb1\/1&#8243; tablet_width_inherit=\u00bbdefault\u00bb...\" \/>\n<meta property=\"og:url\" content=\"https:\/\/idis.conselldeivissa.es\/es\/salud\/cepca\/programas-educativos\/agenda-secundaria-1\/dias-internacionales-secundaria-23-24\/\" \/>\n<meta property=\"og:site_name\" content=\"IDIS. Igualdad, Diversidad, Inclusi\u00f3n y Salud\" \/>\n<meta property=\"article:modified_time\" content=\"2023-09-07T09:05:00+00:00\" \/>\n<meta name=\"twitter:card\" content=\"summary_large_image\" \/>\n<meta name=\"twitter:label1\" content=\"Tiempo de lectura\" \/>\n\t<meta name=\"twitter:data1\" content=\"4 minutos\" \/>\n<script type=\"application\/ld+json\" class=\"yoast-schema-graph\">{\"@context\":\"https:\/\/schema.org\",\"@graph\":[{\"@type\":\"WebSite\",\"@id\":\"https:\/\/idis.conselldeivissa.es\/#website\",\"url\":\"https:\/\/idis.conselldeivissa.es\/\",\"name\":\"IDIS. Igualdad, Diversidad, Inclusi\u00f3n y Salud\",\"description\":\"Consell Insular d&#039;Eivissa\",\"potentialAction\":[{\"@type\":\"SearchAction\",\"target\":{\"@type\":\"EntryPoint\",\"urlTemplate\":\"https:\/\/idis.conselldeivissa.es\/?s={search_term_string}\"},\"query-input\":\"required name=search_term_string\"}],\"inLanguage\":\"es\"},{\"@type\":\"WebPage\",\"@id\":\"https:\/\/idis.conselldeivissa.es\/es\/salud\/cepca\/programas-educativos\/agenda-secundaria-1\/dias-internacionales-secundaria-23-24\/#webpage\",\"url\":\"https:\/\/idis.conselldeivissa.es\/es\/salud\/cepca\/programas-educativos\/agenda-secundaria-1\/dias-internacionales-secundaria-23-24\/\",\"name\":\"D\u00edas Internacionales - IDIS. Igualdad, Diversidad, Inclusi\u00f3n y Salud\",\"isPartOf\":{\"@id\":\"https:\/\/idis.conselldeivissa.es\/#website\"},\"datePublished\":\"2021-09-08T11:16:53+00:00\",\"dateModified\":\"2023-09-07T09:05:00+00:00\",\"breadcrumb\":{\"@id\":\"https:\/\/idis.conselldeivissa.es\/es\/salud\/cepca\/programas-educativos\/agenda-secundaria-1\/dias-internacionales-secundaria-23-24\/#breadcrumb\"},\"inLanguage\":\"es\",\"potentialAction\":[{\"@type\":\"ReadAction\",\"target\":[\"https:\/\/idis.conselldeivissa.es\/es\/salud\/cepca\/programas-educativos\/agenda-secundaria-1\/dias-internacionales-secundaria-23-24\/\"]}]},{\"@type\":\"BreadcrumbList\",\"@id\":\"https:\/\/idis.conselldeivissa.es\/es\/salud\/cepca\/programas-educativos\/agenda-secundaria-1\/dias-internacionales-secundaria-23-24\/#breadcrumb\",\"itemListElement\":[{\"@type\":\"ListItem\",\"position\":1,\"name\":\"Inici\",\"item\":\"https:\/\/idis.conselldeivissa.es\/es\/\"},{\"@type\":\"ListItem\",\"position\":2,\"name\":\"Salud\",\"item\":\"https:\/\/idis.conselldeivissa.es\/es\/salud\/\"},{\"@type\":\"ListItem\",\"position\":3,\"name\":\"CEPCA\",\"item\":\"https:\/\/idis.conselldeivissa.es\/es\/salud\/cepca\/\"},{\"@type\":\"ListItem\",\"position\":4,\"name\":\"Programas preventivos\",\"item\":\"https:\/\/idis.conselldeivissa.es\/es\/salud\/cepca\/programas-educativos\/\"},{\"@type\":\"ListItem\",\"position\":5,\"name\":\"Agenda Secundaria 2023 &#8211; 2024\",\"item\":\"https:\/\/idis.conselldeivissa.es\/es\/salud\/cepca\/programas-educativos\/agenda-secundaria-1\/\"},{\"@type\":\"ListItem\",\"position\":6,\"name\":\"D\u00edas Internacionales\"}]}]}<\/script>\n<!-- \/ Yoast SEO plugin. -->","yoast_head_json":{"title":"D\u00edas Internacionales - IDIS. Igualdad, Diversidad, Inclusi\u00f3n y Salud","robots":{"index":"index","follow":"follow","max-snippet":"max-snippet:-1","max-image-preview":"max-image-preview:large","max-video-preview":"max-video-preview:-1"},"canonical":"https:\/\/idis.conselldeivissa.es\/es\/salud\/cepca\/programas-educativos\/agenda-secundaria-1\/dias-internacionales-secundaria-23-24\/","og_locale":"es_ES","og_type":"article","og_title":"D\u00edas Internacionales - IDIS. Igualdad, Diversidad, Inclusi\u00f3n y Salud","og_description":"[vc_row type=\u00bbin_container\u00bb full_screen_row_position=\u00bbmiddle\u00bb column_margin=\u00bbdefault\u00bb column_direction=\u00bbdefault\u00bb column_direction_tablet=\u00bbdefault\u00bb column_direction_phone=\u00bbdefault\u00bb scene_position=\u00bbcenter\u00bb text_color=\u00bbdark\u00bb text_align=\u00bbleft\u00bb row_border_radius=\u00bbnone\u00bb row_border_radius_applies=\u00bbbg\u00bb overlay_strength=\u00bb0.3&#8243; gradient_direction=\u00bbleft_to_right\u00bb shape_divider_position=\u00bbbottom\u00bb bg_image_animation=\u00bbnone\u00bb][vc_column column_padding=\u00bbno-extra-padding\u00bb column_padding_tablet=\u00bbinherit\u00bb column_padding_phone=\u00bbinherit\u00bb column_padding_position=\u00bball\u00bb column_element_spacing=\u00bbdefault\u00bb background_color_opacity=\u00bb1&#8243; background_hover_color_opacity=\u00bb1&#8243; column_shadow=\u00bbnone\u00bb column_border_radius=\u00bbnone\u00bb column_link_target=\u00bb_self\u00bb gradient_direction=\u00bbleft_to_right\u00bb overlay_strength=\u00bb0.3&#8243; width=\u00bb1\/1&#8243; tablet_width_inherit=\u00bbdefault\u00bb...","og_url":"https:\/\/idis.conselldeivissa.es\/es\/salud\/cepca\/programas-educativos\/agenda-secundaria-1\/dias-internacionales-secundaria-23-24\/","og_site_name":"IDIS. Igualdad, Diversidad, Inclusi\u00f3n y Salud","article_modified_time":"2023-09-07T09:05:00+00:00","twitter_card":"summary_large_image","twitter_misc":{"Tiempo de lectura":"4 minutos"},"schema":{"@context":"https:\/\/schema.org","@graph":[{"@type":"WebSite","@id":"https:\/\/idis.conselldeivissa.es\/#website","url":"https:\/\/idis.conselldeivissa.es\/","name":"IDIS. Igualdad, Diversidad, Inclusi\u00f3n y Salud","description":"Consell Insular d&#039;Eivissa","potentialAction":[{"@type":"SearchAction","target":{"@type":"EntryPoint","urlTemplate":"https:\/\/idis.conselldeivissa.es\/?s={search_term_string}"},"query-input":"required name=search_term_string"}],"inLanguage":"es"},{"@type":"WebPage","@id":"https:\/\/idis.conselldeivissa.es\/es\/salud\/cepca\/programas-educativos\/agenda-secundaria-1\/dias-internacionales-secundaria-23-24\/#webpage","url":"https:\/\/idis.conselldeivissa.es\/es\/salud\/cepca\/programas-educativos\/agenda-secundaria-1\/dias-internacionales-secundaria-23-24\/","name":"D\u00edas Internacionales - IDIS. Igualdad, Diversidad, Inclusi\u00f3n y Salud","isPartOf":{"@id":"https:\/\/idis.conselldeivissa.es\/#website"},"datePublished":"2021-09-08T11:16:53+00:00","dateModified":"2023-09-07T09:05:00+00:00","breadcrumb":{"@id":"https:\/\/idis.conselldeivissa.es\/es\/salud\/cepca\/programas-educativos\/agenda-secundaria-1\/dias-internacionales-secundaria-23-24\/#breadcrumb"},"inLanguage":"es","potentialAction":[{"@type":"ReadAction","target":["https:\/\/idis.conselldeivissa.es\/es\/salud\/cepca\/programas-educativos\/agenda-secundaria-1\/dias-internacionales-secundaria-23-24\/"]}]},{"@type":"BreadcrumbList","@id":"https:\/\/idis.conselldeivissa.es\/es\/salud\/cepca\/programas-educativos\/agenda-secundaria-1\/dias-internacionales-secundaria-23-24\/#breadcrumb","itemListElement":[{"@type":"ListItem","position":1,"name":"Inici","item":"https:\/\/idis.conselldeivissa.es\/es\/"},{"@type":"ListItem","position":2,"name":"Salud","item":"https:\/\/idis.conselldeivissa.es\/es\/salud\/"},{"@type":"ListItem","position":3,"name":"CEPCA","item":"https:\/\/idis.conselldeivissa.es\/es\/salud\/cepca\/"},{"@type":"ListItem","position":4,"name":"Programas preventivos","item":"https:\/\/idis.conselldeivissa.es\/es\/salud\/cepca\/programas-educativos\/"},{"@type":"ListItem","position":5,"name":"Agenda Secundaria 2023 &#8211; 2024","item":"https:\/\/idis.conselldeivissa.es\/es\/salud\/cepca\/programas-educativos\/agenda-secundaria-1\/"},{"@type":"ListItem","position":6,"name":"D\u00edas Internacionales"}]}]}},"acf":[],"_links":{"self":[{"href":"https:\/\/idis.conselldeivissa.es\/es\/wp-json\/wp\/v2\/pages\/7676","targetHints":{"allow":["GET"]}}],"collection":[{"href":"https:\/\/idis.conselldeivissa.es\/es\/wp-json\/wp\/v2\/pages"}],"about":[{"href":"https:\/\/idis.conselldeivissa.es\/es\/wp-json\/wp\/v2\/types\/page"}],"author":[{"embeddable":true,"href":"https:\/\/idis.conselldeivissa.es\/es\/wp-json\/wp\/v2\/users\/4"}],"replies":[{"embeddable":true,"href":"https:\/\/idis.conselldeivissa.es\/es\/wp-json\/wp\/v2\/comments?post=7676"}],"version-history":[{"count":2,"href":"https:\/\/idis.conselldeivissa.es\/es\/wp-json\/wp\/v2\/pages\/7676\/revisions"}],"predecessor-version":[{"id":7678,"href":"https:\/\/idis.conselldeivissa.es\/es\/wp-json\/wp\/v2\/pages\/7676\/revisions\/7678"}],"up":[{"embeddable":true,"href":"https:\/\/idis.conselldeivissa.es\/es\/wp-json\/wp\/v2\/pages\/7496"}],"wp:attachment":[{"href":"https:\/\/idis.conselldeivissa.es\/es\/wp-json\/wp\/v2\/media?parent=7676"}],"wp:term":[{"taxonomy":"post_tag","embeddable":true,"href":"https:\/\/idis.conselldeivissa.es\/es\/wp-json\/wp\/v2\/tags?post=7676"}],"curies":[{"name":"wp","href":"https:\/\/api.w.org\/{rel}","templated":true}]}}