{"id":7503,"date":"2022-09-12T11:43:06","date_gmt":"2022-09-12T09:43:06","guid":{"rendered":"https:\/\/idis.conselldeivissa.es\/?page_id=7503"},"modified":"2023-09-19T17:35:12","modified_gmt":"2023-09-19T15:35:12","slug":"las-relaciones-sexuales-23-24","status":"publish","type":"page","link":"https:\/\/idis.conselldeivissa.es\/es\/salud\/cepca\/programas-educativos\/agenda-secundaria-1\/las-relaciones-sexuales-23-24\/","title":{"rendered":"Las relaciones sexuales&#8230; siempre con protecci\u00f3n!"},"content":{"rendered":"[vc_row type=\u00bbin_container\u00bb full_screen_row_position=\u00bbmiddle\u00bb column_margin=\u00bbdefault\u00bb column_direction=\u00bbdefault\u00bb column_direction_tablet=\u00bbdefault\u00bb column_direction_phone=\u00bbdefault\u00bb scene_position=\u00bbcenter\u00bb text_color=\u00bbdark\u00bb text_align=\u00bbleft\u00bb row_border_radius=\u00bbnone\u00bb row_border_radius_applies=\u00bbbg\u00bb overlay_strength=\u00bb0.3&#8243; gradient_direction=\u00bbleft_to_right\u00bb shape_divider_position=\u00bbbottom\u00bb bg_image_animation=\u00bbnone\u00bb][vc_column column_padding=\u00bbno-extra-padding\u00bb column_padding_tablet=\u00bbinherit\u00bb column_padding_phone=\u00bbinherit\u00bb column_padding_position=\u00bball\u00bb column_element_spacing=\u00bbdefault\u00bb background_color_opacity=\u00bb1&#8243; background_hover_color_opacity=\u00bb1&#8243; column_shadow=\u00bbnone\u00bb column_border_radius=\u00bbnone\u00bb column_link_target=\u00bb_self\u00bb gradient_direction=\u00bbleft_to_right\u00bb overlay_strength=\u00bb0.3&#8243; width=\u00bb2\/3&#8243; tablet_width_inherit=\u00bbdefault\u00bb tablet_text_alignment=\u00bbdefault\u00bb phone_text_alignment=\u00bbdefault\u00bb bg_image_animation=\u00bbnone\u00bb border_type=\u00bbsimple\u00bb column_border_width=\u00bbnone\u00bb column_border_style=\u00bbsolid\u00bb][vc_custom_heading source=\u00bbpost_title\u00bb font_container=\u00bbtag:h1|text_align:left|color:%233b164a\u00bb use_theme_fonts=\u00bbyes\u00bb][divider line_type=\u00bbNo Line\u00bb][divider line_type=\u00bbNo Line\u00bb][vc_column_text]\n<h2><strong>Conceptos generales sobre sexualidad:<\/strong><\/h2>\n[\/vc_column_text]<div class=\"iwithtext\"><div class=\"iwt-icon\"> <i class=\"icon-default-style fa fa-globe accent-color\"><\/i> <\/div><div class=\"iwt-text\"> \n<h3><a href=\"https:\/\/www.asignaturapendiente.com\/contenidos-aula\/app-olimpia?rq=app%20olimpia\" target=\"_blank\" rel=\"noopener\">App Olimpia<\/a><\/h3>\n <\/div><div class=\"clear\"><\/div><\/div>[divider line_type=\u00bbNo Line\u00bb]<div class=\"iwithtext\"><div class=\"iwt-icon\"> <i class=\"icon-default-style fa fa-globe accent-color\"><\/i> <\/div><div class=\"iwt-text\"> \n<h3><a href=\"https:\/\/www.javiergomezzapiain.com\/copia-de-cuadernos-sexumuxu-2\" target=\"_blank\" rel=\"noopener\">Cuadernos alumnado<\/a><\/h3>\n <\/div><div class=\"clear\"><\/div><\/div>[divider line_type=\u00bbNo Line\u00bb]<div class=\"iwithtext\"><div class=\"iwt-icon\"> <i class=\"icon-default-style fa fa-file-pdf-o accent-color\"><\/i> <\/div><div class=\"iwt-text\"> \n<h3><a href=\"https:\/\/static1.squarespace.com\/static\/63495f3e2c5dc4316fbc602c\/t\/6421d15e4f5d8b6afd0b75dd\/1679937924148\/Deseo_placer_satisfacciones.pdf\" target=\"_blank\" rel=\"noopener\">Deseo, placer y satisfacci\u00f3n<\/a><\/h3>\n <\/div><div class=\"clear\"><\/div><\/div>[divider line_type=\u00bbNo Line\u00bb]<div class=\"iwithtext\"><div class=\"iwt-icon\"> <i class=\"icon-default-style fa fa-file-pdf-o accent-color\"><\/i> <\/div><div class=\"iwt-text\"> \n<h3><a href=\"https:\/\/idis.conselldeivissa.es\/wp-content\/uploads\/2022\/09\/Parlem-de-Sexualitat.pdf\" target=\"_blank\" rel=\"noopener\">Hablemos de&#8230; sexualidad<\/a><\/h3>\n <\/div><div class=\"clear\"><\/div><\/div>[divider line_type=\u00bbNo Line\u00bb][divider line_type=\u00bbNo Line\u00bb][vc_column_text]\n<h2><strong>Diversidad sexual:<\/strong><\/h2>\n[\/vc_column_text]<div class=\"iwithtext\"><div class=\"iwt-icon\"> <i class=\"icon-default-style fa fa-globe accent-color\"><\/i> <\/div><div class=\"iwt-text\"> \n<h3><a href=\"https:\/\/www.gobiernodecanarias.org\/igualdad\/documentos\/publicaciones\/sexualidad_femenina_guia4.pdf\" target=\"_blank\" rel=\"noopener\">Sexualidad. Cuerpos, identidades y orientaciones<\/a><\/h3>\n <\/div><div class=\"clear\"><\/div><\/div>[divider line_type=\u00bbNo Line\u00bb]<div class=\"iwithtext\"><div class=\"iwt-icon\"> <i class=\"icon-default-style fa fa-globe accent-color\"><\/i> <\/div><div class=\"iwt-text\"> \n<h3><a href=\"https:\/\/www.gobiernodecanarias.org\/igualdad\/documentos\/publicaciones\/sexualidad_masculina_guia4.pdf\" target=\"_blank\" rel=\"noopener\">Otras formas de sexualidades masculinas y diversidad<\/a><\/h3>\n <\/div><div class=\"clear\"><\/div><\/div>[divider line_type=\u00bbNo Line\u00bb]<div class=\"iwithtext\"><div class=\"iwt-icon\"> <i class=\"icon-default-style fa fa-globe accent-color\"><\/i> <\/div><div class=\"iwt-text\"> \n<h3><a href=\"https:\/\/guialgtbi.com\/\" target=\"_blank\" rel=\"noopener\">Gu\u00eda LGTBI<\/a><\/h3>\n <\/div><div class=\"clear\"><\/div><\/div>[divider line_type=\u00bbNo Line\u00bb][vc_video link=\u00bbhttps:\/\/www.youtube.com\/watch?v=1QbTZYiQ6BA&amp;t=313s\u00bb css=\u00bb.vc_custom_1662976430091{margin-top: 20px !important;}\u00bb][divider line_type=\u00bbNo Line\u00bb][divider line_type=\u00bbNo Line\u00bb][vc_column_text]\n<h2><strong>\u00a1No al sexismo! :<\/strong><\/h2>\n[\/vc_column_text]<div class=\"iwithtext\"><div class=\"iwt-icon\"> <i class=\"icon-default-style fa fa-file-pdf-o accent-color\"><\/i> <\/div><div class=\"iwt-text\"> \n<h3><a href=\"https:\/\/idis.conselldeivissa.es\/wp-content\/uploads\/2022\/09\/Sexting.pdf\" target=\"_blank\" rel=\"noopener\">Sexting<\/a><\/h3>\n <\/div><div class=\"clear\"><\/div><\/div>[divider line_type=\u00bbNo Line\u00bb][vc_video link=\u00bbhttps:\/\/www.youtube.com\/watch?v=9ODDzdPL44k&amp;t=114s\u00bb][vc_video link=\u00bbhttps:\/\/www.youtube.com\/watch?v=-AUHSmMbz2k\u00bb][divider line_type=\u00bbNo Line\u00bb][divider line_type=\u00bbNo Line\u00bb][vc_column_text]\n<h2><strong>Relaciones sexuales:<\/strong><\/h2>\n<h3><b>&#8211; Preservativos masculinos y otros m\u00e9todos anticonceptivos<\/b><\/h3>\n[\/vc_column_text]<div class=\"iwithtext\"><div class=\"iwt-icon\"> <i class=\"icon-default-style fa fa-file-pdf-o accent-color\"><\/i> <\/div><div class=\"iwt-text\"> \n<h3><a href=\"https:\/\/www.gobiernodecanarias.org\/igualdad\/documentos\/publicaciones\/sexualidad_femenina_guia1_anticoncepcion.pdf\" target=\"_blank\" rel=\"noopener\">Anticoncepci\u00f3n y embarazos no planificados<\/a><\/h3>\n <\/div><div class=\"clear\"><\/div><\/div>[divider line_type=\u00bbNo Line\u00bb]<div class=\"iwithtext\"><div class=\"iwt-icon\"> <i class=\"icon-default-style fa fa-file-pdf-o accent-color\"><\/i> <\/div><div class=\"iwt-text\"> \n<h3><a href=\"https:\/\/idis.conselldeivissa.es\/wp-content\/uploads\/2022\/09\/Metodes-anticonceptius.pdf\" target=\"_blank\" rel=\"noopener\">M\u00e9todos anticonceptivos<\/a><\/h3>\n <\/div><div class=\"clear\"><\/div><\/div>[divider line_type=\u00bbNo Line\u00bb]<div class=\"iwithtext\"><div class=\"iwt-icon\"> <i class=\"icon-default-style fa fa-file-pdf-o accent-color\"><\/i> <\/div><div class=\"iwt-text\"> \n<h3><a href=\"https:\/\/idis.conselldeivissa.es\/wp-content\/uploads\/2022\/09\/La-pindola-de-lendema.pdf\" target=\"_blank\" rel=\"noopener\">La p\u00edldora del d\u00eda despu\u00e9s<\/a><\/h3>\n <\/div><div class=\"clear\"><\/div><\/div>[divider line_type=\u00bbNo Line\u00bb]<div class=\"iwithtext\"><div class=\"iwt-icon\"> <i class=\"icon-default-style fa fa-caret-square-o-left accent-color\"><\/i> <\/div><div class=\"iwt-text\"> \n<h3><a href=\"https:\/\/www.youtube.com\/watch?v=0piqja9kFzc\" target=\"_blank\" rel=\"noopener\">Dudas sobre el uso del preservativo<\/a><\/h3>\n <\/div><div class=\"clear\"><\/div><\/div>[divider line_type=\u00bbNo Line\u00bb][vc_video link=\u00bbhttps:\/\/www.youtube.com\/watch?v=YoLPJclIvPw&amp;t=582s\u00bb css=\u00bb.vc_custom_1662976442888{margin-top: 20px !important;}\u00bb][divider line_type=\u00bbNo Line\u00bb][divider line_type=\u00bbNo Line\u00bb][vc_column_text]\n<h3><b>&#8211; Infecciones de transmisi\u00f3n sexual:<\/b><\/h3>\n[\/vc_column_text]<div class=\"iwithtext\"><div class=\"iwt-icon\"> <i class=\"icon-default-style fa fa-file-pdf-o accent-color\"><\/i> <\/div><div class=\"iwt-text\"> \n<h3><a href=\"https:\/\/www.gobiernodecanarias.org\/igualdad\/documentos\/publicaciones\/sexualidad_femenina_guia3.pdf\" target=\"_blank\" rel=\"noopener\">Pr\u00e1cticas er\u00f3ticas seguras frente a las ITS<\/a><\/h3>\n <\/div><div class=\"clear\"><\/div><\/div>[divider line_type=\u00bbNo Line\u00bb]<div class=\"iwithtext\"><div class=\"iwt-icon\"> <i class=\"icon-default-style fa fa-file-pdf-o accent-color\"><\/i> <\/div><div class=\"iwt-text\"> \n<h3><a href=\"https:\/\/www.gobiernodecanarias.org\/igualdad\/documentos\/publicaciones\/sexualidad_masculina_guia3.pdf\" target=\"_blank\" rel=\"noopener\">Embarazos no deseados, ITS y riesgos masculinos<\/a><\/h3>\n <\/div><div class=\"clear\"><\/div><\/div>[divider line_type=\u00bbNo Line\u00bb]<div class=\"iwithtext\"><div class=\"iwt-icon\"> <i class=\"icon-default-style fa fa-file-pdf-o accent-color\"><\/i> <\/div><div class=\"iwt-text\"> \n<h3><a href=\"https:\/\/idis.conselldeivissa.es\/wp-content\/uploads\/2022\/09\/ITS.pdf\" target=\"_blank\" rel=\"noopener\">ITS<\/a><\/h3>\n <\/div><div class=\"clear\"><\/div><\/div>[divider line_type=\u00bbNo Line\u00bb]<div class=\"iwithtext\"><div class=\"iwt-icon\"> <i class=\"icon-default-style fa fa-file-pdf-o accent-color\"><\/i> <\/div><div class=\"iwt-text\"> \n<h3><a href=\"https:\/\/idis.conselldeivissa.es\/wp-content\/uploads\/2022\/09\/VIH.pdf\" target=\"_blank\" rel=\"noopener\">VIH<\/a><\/h3>\n <\/div><div class=\"clear\"><\/div><\/div>[divider line_type=\u00bbNo Line\u00bb]<div class=\"iwithtext\"><div class=\"iwt-icon\"> <i class=\"icon-default-style fa fa-file-pdf-o accent-color\"><\/i> <\/div><div class=\"iwt-text\"> \n<h3><a href=\"https:\/\/idis.conselldeivissa.es\/wp-content\/uploads\/2022\/09\/Test-rapid-VIH-SIDA.pdf\" target=\"_blank\" rel=\"noopener\">Test r\u00e1pido VIH-SIDA<\/a><\/h3>\n <\/div><div class=\"clear\"><\/div><\/div>[\/vc_column][vc_column column_padding=\u00bbpadding-5-percent\u00bb column_padding_tablet=\u00bbinherit\u00bb column_padding_phone=\u00bbinherit\u00bb column_padding_position=\u00bbleft\u00bb column_element_spacing=\u00bbdefault\u00bb background_color_opacity=\u00bb1&#8243; background_hover_color_opacity=\u00bb1&#8243; column_shadow=\u00bbnone\u00bb column_border_radius=\u00bbnone\u00bb column_link_target=\u00bb_self\u00bb gradient_direction=\u00bbleft_to_right\u00bb overlay_strength=\u00bb0.3&#8243; width=\u00bb1\/3&#8243; tablet_width_inherit=\u00bbdefault\u00bb tablet_text_alignment=\u00bbdefault\u00bb phone_text_alignment=\u00bbdefault\u00bb bg_image_animation=\u00bbnone\u00bb border_type=\u00bbsimple\u00bb column_border_width=\u00bbnone\u00bb column_border_style=\u00bbsolid\u00bb][\/vc_column][\/vc_row]\n","protected":false},"excerpt":{"rendered":"<p>[vc_row type=\u00bbin_container\u00bb full_screen_row_position=\u00bbmiddle\u00bb column_margin=\u00bbdefault\u00bb column_direction=\u00bbdefault\u00bb column_direction_tablet=\u00bbdefault\u00bb column_direction_phone=\u00bbdefault\u00bb scene_position=\u00bbcenter\u00bb text_color=\u00bbdark\u00bb text_align=\u00bbleft\u00bb row_border_radius=\u00bbnone\u00bb row_border_radius_applies=\u00bbbg\u00bb overlay_strength=\u00bb0.3&#8243; gradient_direction=\u00bbleft_to_right\u00bb shape_divider_position=\u00bbbottom\u00bb bg_image_animation=\u00bbnone\u00bb][vc_column column_padding=\u00bbno-extra-padding\u00bb column_padding_tablet=\u00bbinherit\u00bb column_padding_phone=\u00bbinherit\u00bb column_padding_position=\u00bball\u00bb column_element_spacing=\u00bbdefault\u00bb background_color_opacity=\u00bb1&#8243; background_hover_color_opacity=\u00bb1&#8243; column_shadow=\u00bbnone\u00bb column_border_radius=\u00bbnone\u00bb column_link_target=\u00bb_self\u00bb gradient_direction=\u00bbleft_to_right\u00bb overlay_strength=\u00bb0.3&#8243; width=\u00bb2\/3&#8243; tablet_width_inherit=\u00bbdefault\u00bb&#8230;<\/p>\n","protected":false},"author":4,"featured_media":0,"parent":7496,"menu_order":0,"comment_status":"closed","ping_status":"closed","template":"page-child.php","meta":{"footnotes":""},"tags":[],"class_list":["post-7503","page","type-page","status-publish"],"yoast_head":"<!-- This site is optimized with the Yoast SEO plugin v18.4.1 - https:\/\/yoast.com\/wordpress\/plugins\/seo\/ -->\n<title>Las relaciones sexuales... siempre con protecci\u00f3n! - IDIS. Igualdad, Diversidad, Inclusi\u00f3n y Salud<\/title>\n<meta name=\"robots\" content=\"index, follow, max-snippet:-1, max-image-preview:large, max-video-preview:-1\" \/>\n<link rel=\"canonical\" href=\"https:\/\/idis.conselldeivissa.es\/es\/salud\/cepca\/programas-educativos\/agenda-secundaria-1\/las-relaciones-sexuales-23-24\/\" \/>\n<meta property=\"og:locale\" content=\"es_ES\" \/>\n<meta property=\"og:type\" content=\"article\" \/>\n<meta property=\"og:title\" content=\"Las relaciones sexuales... siempre con protecci\u00f3n! - IDIS. Igualdad, Diversidad, Inclusi\u00f3n y Salud\" \/>\n<meta property=\"og:description\" content=\"[vc_row type=\u00bbin_container\u00bb full_screen_row_position=\u00bbmiddle\u00bb column_margin=\u00bbdefault\u00bb column_direction=\u00bbdefault\u00bb column_direction_tablet=\u00bbdefault\u00bb column_direction_phone=\u00bbdefault\u00bb scene_position=\u00bbcenter\u00bb text_color=\u00bbdark\u00bb text_align=\u00bbleft\u00bb row_border_radius=\u00bbnone\u00bb row_border_radius_applies=\u00bbbg\u00bb overlay_strength=\u00bb0.3&#8243; gradient_direction=\u00bbleft_to_right\u00bb shape_divider_position=\u00bbbottom\u00bb bg_image_animation=\u00bbnone\u00bb][vc_column column_padding=\u00bbno-extra-padding\u00bb column_padding_tablet=\u00bbinherit\u00bb column_padding_phone=\u00bbinherit\u00bb column_padding_position=\u00bball\u00bb column_element_spacing=\u00bbdefault\u00bb background_color_opacity=\u00bb1&#8243; background_hover_color_opacity=\u00bb1&#8243; column_shadow=\u00bbnone\u00bb column_border_radius=\u00bbnone\u00bb column_link_target=\u00bb_self\u00bb gradient_direction=\u00bbleft_to_right\u00bb overlay_strength=\u00bb0.3&#8243; width=\u00bb2\/3&#8243; tablet_width_inherit=\u00bbdefault\u00bb...\" \/>\n<meta property=\"og:url\" content=\"https:\/\/idis.conselldeivissa.es\/es\/salud\/cepca\/programas-educativos\/agenda-secundaria-1\/las-relaciones-sexuales-23-24\/\" \/>\n<meta property=\"og:site_name\" content=\"IDIS. Igualdad, Diversidad, Inclusi\u00f3n y Salud\" \/>\n<meta property=\"article:modified_time\" content=\"2023-09-19T15:35:12+00:00\" \/>\n<meta name=\"twitter:card\" content=\"summary_large_image\" \/>\n<meta name=\"twitter:label1\" content=\"Tiempo de lectura\" \/>\n\t<meta name=\"twitter:data1\" content=\"1 minuto\" \/>\n<script type=\"application\/ld+json\" class=\"yoast-schema-graph\">{\"@context\":\"https:\/\/schema.org\",\"@graph\":[{\"@type\":\"WebSite\",\"@id\":\"https:\/\/idis.conselldeivissa.es\/#website\",\"url\":\"https:\/\/idis.conselldeivissa.es\/\",\"name\":\"IDIS. Igualdad, Diversidad, Inclusi\u00f3n y Salud\",\"description\":\"Consell Insular d&#039;Eivissa\",\"potentialAction\":[{\"@type\":\"SearchAction\",\"target\":{\"@type\":\"EntryPoint\",\"urlTemplate\":\"https:\/\/idis.conselldeivissa.es\/?s={search_term_string}\"},\"query-input\":\"required name=search_term_string\"}],\"inLanguage\":\"es\"},{\"@type\":\"WebPage\",\"@id\":\"https:\/\/idis.conselldeivissa.es\/es\/salud\/cepca\/programas-educativos\/agenda-secundaria-1\/las-relaciones-sexuales-23-24\/#webpage\",\"url\":\"https:\/\/idis.conselldeivissa.es\/es\/salud\/cepca\/programas-educativos\/agenda-secundaria-1\/las-relaciones-sexuales-23-24\/\",\"name\":\"Las relaciones sexuales... siempre con protecci\u00f3n! - IDIS. Igualdad, Diversidad, Inclusi\u00f3n y Salud\",\"isPartOf\":{\"@id\":\"https:\/\/idis.conselldeivissa.es\/#website\"},\"datePublished\":\"2022-09-12T09:43:06+00:00\",\"dateModified\":\"2023-09-19T15:35:12+00:00\",\"breadcrumb\":{\"@id\":\"https:\/\/idis.conselldeivissa.es\/es\/salud\/cepca\/programas-educativos\/agenda-secundaria-1\/las-relaciones-sexuales-23-24\/#breadcrumb\"},\"inLanguage\":\"es\",\"potentialAction\":[{\"@type\":\"ReadAction\",\"target\":[\"https:\/\/idis.conselldeivissa.es\/es\/salud\/cepca\/programas-educativos\/agenda-secundaria-1\/las-relaciones-sexuales-23-24\/\"]}]},{\"@type\":\"BreadcrumbList\",\"@id\":\"https:\/\/idis.conselldeivissa.es\/es\/salud\/cepca\/programas-educativos\/agenda-secundaria-1\/las-relaciones-sexuales-23-24\/#breadcrumb\",\"itemListElement\":[{\"@type\":\"ListItem\",\"position\":1,\"name\":\"Inici\",\"item\":\"https:\/\/idis.conselldeivissa.es\/es\/\"},{\"@type\":\"ListItem\",\"position\":2,\"name\":\"Salud\",\"item\":\"https:\/\/idis.conselldeivissa.es\/es\/salud\/\"},{\"@type\":\"ListItem\",\"position\":3,\"name\":\"CEPCA\",\"item\":\"https:\/\/idis.conselldeivissa.es\/es\/salud\/cepca\/\"},{\"@type\":\"ListItem\",\"position\":4,\"name\":\"Programas preventivos\",\"item\":\"https:\/\/idis.conselldeivissa.es\/es\/salud\/cepca\/programas-educativos\/\"},{\"@type\":\"ListItem\",\"position\":5,\"name\":\"Agenda Secundaria 2023 &#8211; 2024\",\"item\":\"https:\/\/idis.conselldeivissa.es\/es\/salud\/cepca\/programas-educativos\/agenda-secundaria-1\/\"},{\"@type\":\"ListItem\",\"position\":6,\"name\":\"Las relaciones sexuales&#8230; siempre con protecci\u00f3n!\"}]}]}<\/script>\n<!-- \/ Yoast SEO plugin. -->","yoast_head_json":{"title":"Las relaciones sexuales... siempre con protecci\u00f3n! - IDIS. Igualdad, Diversidad, Inclusi\u00f3n y Salud","robots":{"index":"index","follow":"follow","max-snippet":"max-snippet:-1","max-image-preview":"max-image-preview:large","max-video-preview":"max-video-preview:-1"},"canonical":"https:\/\/idis.conselldeivissa.es\/es\/salud\/cepca\/programas-educativos\/agenda-secundaria-1\/las-relaciones-sexuales-23-24\/","og_locale":"es_ES","og_type":"article","og_title":"Las relaciones sexuales... siempre con protecci\u00f3n! - IDIS. Igualdad, Diversidad, Inclusi\u00f3n y Salud","og_description":"[vc_row type=\u00bbin_container\u00bb full_screen_row_position=\u00bbmiddle\u00bb column_margin=\u00bbdefault\u00bb column_direction=\u00bbdefault\u00bb column_direction_tablet=\u00bbdefault\u00bb column_direction_phone=\u00bbdefault\u00bb scene_position=\u00bbcenter\u00bb text_color=\u00bbdark\u00bb text_align=\u00bbleft\u00bb row_border_radius=\u00bbnone\u00bb row_border_radius_applies=\u00bbbg\u00bb overlay_strength=\u00bb0.3&#8243; gradient_direction=\u00bbleft_to_right\u00bb shape_divider_position=\u00bbbottom\u00bb bg_image_animation=\u00bbnone\u00bb][vc_column column_padding=\u00bbno-extra-padding\u00bb column_padding_tablet=\u00bbinherit\u00bb column_padding_phone=\u00bbinherit\u00bb column_padding_position=\u00bball\u00bb column_element_spacing=\u00bbdefault\u00bb background_color_opacity=\u00bb1&#8243; background_hover_color_opacity=\u00bb1&#8243; column_shadow=\u00bbnone\u00bb column_border_radius=\u00bbnone\u00bb column_link_target=\u00bb_self\u00bb gradient_direction=\u00bbleft_to_right\u00bb overlay_strength=\u00bb0.3&#8243; width=\u00bb2\/3&#8243; tablet_width_inherit=\u00bbdefault\u00bb...","og_url":"https:\/\/idis.conselldeivissa.es\/es\/salud\/cepca\/programas-educativos\/agenda-secundaria-1\/las-relaciones-sexuales-23-24\/","og_site_name":"IDIS. Igualdad, Diversidad, Inclusi\u00f3n y Salud","article_modified_time":"2023-09-19T15:35:12+00:00","twitter_card":"summary_large_image","twitter_misc":{"Tiempo de lectura":"1 minuto"},"schema":{"@context":"https:\/\/schema.org","@graph":[{"@type":"WebSite","@id":"https:\/\/idis.conselldeivissa.es\/#website","url":"https:\/\/idis.conselldeivissa.es\/","name":"IDIS. Igualdad, Diversidad, Inclusi\u00f3n y Salud","description":"Consell Insular d&#039;Eivissa","potentialAction":[{"@type":"SearchAction","target":{"@type":"EntryPoint","urlTemplate":"https:\/\/idis.conselldeivissa.es\/?s={search_term_string}"},"query-input":"required name=search_term_string"}],"inLanguage":"es"},{"@type":"WebPage","@id":"https:\/\/idis.conselldeivissa.es\/es\/salud\/cepca\/programas-educativos\/agenda-secundaria-1\/las-relaciones-sexuales-23-24\/#webpage","url":"https:\/\/idis.conselldeivissa.es\/es\/salud\/cepca\/programas-educativos\/agenda-secundaria-1\/las-relaciones-sexuales-23-24\/","name":"Las relaciones sexuales... siempre con protecci\u00f3n! - IDIS. Igualdad, Diversidad, Inclusi\u00f3n y Salud","isPartOf":{"@id":"https:\/\/idis.conselldeivissa.es\/#website"},"datePublished":"2022-09-12T09:43:06+00:00","dateModified":"2023-09-19T15:35:12+00:00","breadcrumb":{"@id":"https:\/\/idis.conselldeivissa.es\/es\/salud\/cepca\/programas-educativos\/agenda-secundaria-1\/las-relaciones-sexuales-23-24\/#breadcrumb"},"inLanguage":"es","potentialAction":[{"@type":"ReadAction","target":["https:\/\/idis.conselldeivissa.es\/es\/salud\/cepca\/programas-educativos\/agenda-secundaria-1\/las-relaciones-sexuales-23-24\/"]}]},{"@type":"BreadcrumbList","@id":"https:\/\/idis.conselldeivissa.es\/es\/salud\/cepca\/programas-educativos\/agenda-secundaria-1\/las-relaciones-sexuales-23-24\/#breadcrumb","itemListElement":[{"@type":"ListItem","position":1,"name":"Inici","item":"https:\/\/idis.conselldeivissa.es\/es\/"},{"@type":"ListItem","position":2,"name":"Salud","item":"https:\/\/idis.conselldeivissa.es\/es\/salud\/"},{"@type":"ListItem","position":3,"name":"CEPCA","item":"https:\/\/idis.conselldeivissa.es\/es\/salud\/cepca\/"},{"@type":"ListItem","position":4,"name":"Programas preventivos","item":"https:\/\/idis.conselldeivissa.es\/es\/salud\/cepca\/programas-educativos\/"},{"@type":"ListItem","position":5,"name":"Agenda Secundaria 2023 &#8211; 2024","item":"https:\/\/idis.conselldeivissa.es\/es\/salud\/cepca\/programas-educativos\/agenda-secundaria-1\/"},{"@type":"ListItem","position":6,"name":"Las relaciones sexuales&#8230; siempre con protecci\u00f3n!"}]}]}},"acf":[],"_links":{"self":[{"href":"https:\/\/idis.conselldeivissa.es\/es\/wp-json\/wp\/v2\/pages\/7503","targetHints":{"allow":["GET"]}}],"collection":[{"href":"https:\/\/idis.conselldeivissa.es\/es\/wp-json\/wp\/v2\/pages"}],"about":[{"href":"https:\/\/idis.conselldeivissa.es\/es\/wp-json\/wp\/v2\/types\/page"}],"author":[{"embeddable":true,"href":"https:\/\/idis.conselldeivissa.es\/es\/wp-json\/wp\/v2\/users\/4"}],"replies":[{"embeddable":true,"href":"https:\/\/idis.conselldeivissa.es\/es\/wp-json\/wp\/v2\/comments?post=7503"}],"version-history":[{"count":7,"href":"https:\/\/idis.conselldeivissa.es\/es\/wp-json\/wp\/v2\/pages\/7503\/revisions"}],"predecessor-version":[{"id":7707,"href":"https:\/\/idis.conselldeivissa.es\/es\/wp-json\/wp\/v2\/pages\/7503\/revisions\/7707"}],"up":[{"embeddable":true,"href":"https:\/\/idis.conselldeivissa.es\/es\/wp-json\/wp\/v2\/pages\/7496"}],"wp:attachment":[{"href":"https:\/\/idis.conselldeivissa.es\/es\/wp-json\/wp\/v2\/media?parent=7503"}],"wp:term":[{"taxonomy":"post_tag","embeddable":true,"href":"https:\/\/idis.conselldeivissa.es\/es\/wp-json\/wp\/v2\/tags?post=7503"}],"curies":[{"name":"wp","href":"https:\/\/api.w.org\/{rel}","templated":true}]}}