{"id":5336,"date":"2022-06-22T17:05:12","date_gmt":"2022-06-22T15:05:12","guid":{"rendered":"https:\/\/idis.conselldeivissa.es\/?page_id=5336"},"modified":"2022-06-27T10:46:47","modified_gmt":"2022-06-27T08:46:47","slug":"certamen-tiktok-rodando-por-la-igualdad","status":"publish","type":"page","link":"https:\/\/idis.conselldeivissa.es\/es\/diversidad\/recursos-multimedia\/certamen-tiktok-rodando-por-la-igualdad\/","title":{"rendered":"Certamen TikTok \u00abRodando por la igualdad\u00bb"},"content":{"rendered":"[vc_row type=\u00bbin_container\u00bb full_screen_row_position=\u00bbmiddle\u00bb column_margin=\u00bbdefault\u00bb column_direction=\u00bbdefault\u00bb column_direction_tablet=\u00bbdefault\u00bb column_direction_phone=\u00bbdefault\u00bb scene_position=\u00bbcenter\u00bb text_color=\u00bbdark\u00bb text_align=\u00bbleft\u00bb row_border_radius=\u00bbnone\u00bb row_border_radius_applies=\u00bbbg\u00bb overlay_strength=\u00bb0.3&#8243; gradient_direction=\u00bbleft_to_right\u00bb shape_divider_position=\u00bbbottom\u00bb bg_image_animation=\u00bbnone\u00bb][vc_column column_padding=\u00bbpadding-5-percent\u00bb column_padding_tablet=\u00bbinherit\u00bb column_padding_phone=\u00bbinherit\u00bb column_padding_position=\u00bbright\u00bb column_element_spacing=\u00bbdefault\u00bb background_color_opacity=\u00bb1&#8243; background_hover_color_opacity=\u00bb1&#8243; column_shadow=\u00bbnone\u00bb column_border_radius=\u00bbnone\u00bb column_link_target=\u00bb_self\u00bb gradient_direction=\u00bbleft_to_right\u00bb overlay_strength=\u00bb0.3&#8243; width=\u00bb1\/2&#8243; tablet_width_inherit=\u00bbdefault\u00bb tablet_text_alignment=\u00bbdefault\u00bb phone_text_alignment=\u00bbdefault\u00bb bg_image_animation=\u00bbnone\u00bb border_type=\u00bbsimple\u00bb column_border_width=\u00bbnone\u00bb column_border_style=\u00bbsolid\u00bb][vc_custom_heading source=\u00bbpost_title\u00bb font_container=\u00bbtag:h1|text_align:left\u00bb][vc_column_text el_class=\u00bbfechasGen\u00bb css=\u00bb.vc_custom_1655913905238{padding-bottom: 30px !important;}\u00bb]4 de <span class=\"VIiyi\" lang=\"ca\"><span class=\"JLqJ4b ChMk0b\" data-language-for-alternatives=\"ca\" data-language-to-translate-into=\"es\" data-phrase-index=\"0\" data-number-of-phrases=\"1\"><span class=\"Q4iAWc\">marzo <\/span><\/span><\/span>de 2021[\/vc_column_text][vc_column_text css_animation=\u00bbfadeIn\u00bb]El proyecto \u00abRodando por la igualdad\u00bb, es un certamen nacional de v\u00eddeos en TikTok por la igualdad de g\u00e9nero organizado alrededor del 8 de marzo, D\u00eda Internacional de la Mujer.<\/p>\n<p>\u00abRodando por la igualdad\u00bb estuvo compuesto en el a\u00f1o 2021 por la suma de 60 cert\u00e1menes locales y regionales de todo el pa\u00eds, en los que participaron m\u00e1s de 700 obras que generaron m\u00e1s de 5 millones de visualizaciones en TikTok alrededor del <em>hashtag<\/em> #rodandoporlaigualdad. Este 2022 el certamen vuelve con m\u00e1s fuerza si cabe.<\/p>\n<p>Impulsado para fomentar la creatividad, las nuevas formas de creaci\u00f3n visual, y la reflexi\u00f3n y la capacidad cr\u00edtica respecto a una igualdad real entre mujeres y hombres.[\/vc_column_text][\/vc_column][vc_column column_padding=\u00bbno-extra-padding\u00bb column_padding_tablet=\u00bbinherit\u00bb column_padding_phone=\u00bbinherit\u00bb column_padding_position=\u00bball\u00bb column_element_spacing=\u00bbdefault\u00bb background_color_opacity=\u00bb1&#8243; background_hover_color_opacity=\u00bb1&#8243; column_shadow=\u00bbnone\u00bb column_border_radius=\u00bbnone\u00bb column_link_target=\u00bb_self\u00bb gradient_direction=\u00bbleft_to_right\u00bb overlay_strength=\u00bb0.3&#8243; width=\u00bb1\/2&#8243; tablet_width_inherit=\u00bbdefault\u00bb tablet_text_alignment=\u00bbdefault\u00bb phone_text_alignment=\u00bbdefault\u00bb bg_image_animation=\u00bbnone\u00bb border_type=\u00bbsimple\u00bb column_border_width=\u00bbnone\u00bb column_border_style=\u00bbsolid\u00bb][image_with_animation image_url=\u00bb5323&#8243; animation=\u00bbFade In\u00bb hover_animation=\u00bbnone\u00bb alignment=\u00bb\u00bb border_radius=\u00bbnone\u00bb box_shadow=\u00bbnone\u00bb image_loading=\u00bbdefault\u00bb max_width=\u00bb100%\u00bb max_width_mobile=\u00bbdefault\u00bb][divider line_type=\u00bbNo Line\u00bb][divider line_type=\u00bbNo Line\u00bb][vc_custom_heading text=\u00bbP\u00e1gina web i redes sociales\u00bb]<div class=\"iwithtext\"><div class=\"iwt-icon\"> <i class=\"icon-default-style linecon-icon-world accent-color\"><\/i> <\/div><div class=\"iwt-text\"> <a href=\"https:\/\/www.rodandoporlaigualdad.com\/\" target=\"_blank\" rel=\"noopener\">www.rodandoporlaigualdad.com<\/a> <\/div><div class=\"clear\"><\/div><\/div>[divider line_type=\u00bbNo Line\u00bb]<div class=\"iwithtext\"><div class=\"iwt-icon\"> <i class=\"icon-default-style fa fa-facebook-official accent-color\"><\/i> <\/div><div class=\"iwt-text\"> <a href=\"https:\/\/www.facebook.com\/rodandoporlaigualdad\" target=\"_blank\" rel=\"noopener\">Facebook de \u00abRodando por la igualdad\u00bb<\/a> <\/div><div class=\"clear\"><\/div><\/div>[divider line_type=\u00bbNo Line\u00bb]<div class=\"iwithtext\"><div class=\"iwt-icon\"> <i class=\"icon-default-style fa fa-instagram accent-color\"><\/i> <\/div><div class=\"iwt-text\"> <a href=\"https:\/\/www.instagram.com\/rodandoporlaigualdad\/\" target=\"_blank\" rel=\"noopener\">Instagram\u00a0de \u00abRodando por la igualdad\u00bb<\/a> <\/div><div class=\"clear\"><\/div><\/div>[divider line_type=\u00bbNo Line\u00bb]<div class=\"iwithtext\"><div class=\"iwt-icon\"> <i class=\"icon-default-style linecon-icon-world accent-color\"><\/i> <\/div><div class=\"iwt-text\"> <a href=\"https:\/\/www.tiktok.com\/@rodandoporlaigualdad\" target=\"_blank\" rel=\"noopener\">TikTok de \u00abRodando por la igualdad\u00bb<\/a> <\/div><div class=\"clear\"><\/div><\/div>[divider line_type=\u00bbNo Line\u00bb][divider line_type=\u00bbNo Line\u00bb][vc_custom_heading text=\u00bbDescargas\u00bb]<div class=\"iwithtext\"><div class=\"iwt-icon\"> <i class=\"icon-default-style steadysets-icon-chat-3 accent-color\"><\/i> <\/div><div class=\"iwt-text\"> <a href=\"https:\/\/idis.conselldeivissa.es\/wp-content\/uploads\/2022\/06\/Ibiza-2022-Entrevista-primer-premio.pdf\" target=\"_blank\" rel=\"noopener\">Entrevista de Yasmina Santos, ganadora del primer premio<\/a> <\/div><div class=\"clear\"><\/div><\/div>[divider line_type=\u00bbNo Line\u00bb]<div class=\"iwithtext\"><div class=\"iwt-icon\"> <i class=\"icon-default-style fa fa-film accent-color\"><\/i> <\/div><div class=\"iwt-text\"> <a href=\"https:\/\/www.tiktok.com\/foryou?_d=secCgwIARCbDRjEFSACKAESPgo8hL1q2iVcELWaDEFsZkfbBIc7KNY5zXg5yxBHDZe3r6vMKwncQjONA91soeOL%2FlR2P9uMPwLggwj4c24uGgA%3D&amp;_r=1&amp;checksum=4994ee83f937a91acc41ccf03fb6b2d4fcd0986233c762da375f79b51aa829c7&amp;is_from_webapp=v1&amp;item_id=7073229104115371270&amp;language=es&amp;preview_pb=0&amp;sec_user_id=MS4wLjABAAAAE7sX0aO4cazCruRE5dJSUrgo_o2Tx_T1Rbr-FGQFtBHauF39k5tgYsh-k4FXtUhv&amp;share_app_id=1233&amp;share_item_id=7073229104115371270&amp;share_link_id=062E0987-1C9C-4A82-970D-F5FBE8F905BE&amp;social_sharing=v2&amp;source=h5_m&amp;timestamp=1646864829&amp;tt_from=copy&amp;u_code=diimji2f6hdj76&amp;user_id=6965033544411628549&amp;utm_campaign=client_share&amp;utm_medium=ios&amp;utm_source=copy#\/@elbolloylaprincesa.evnts\/video\/7073229104115371270\" target=\"_blank\" rel=\"noopener\">TikTok de Yasmina Santos<\/a> <\/div><div class=\"clear\"><\/div><\/div>[\/vc_column][\/vc_row]\n","protected":false},"excerpt":{"rendered":"<p>[vc_row type=\u00bbin_container\u00bb full_screen_row_position=\u00bbmiddle\u00bb column_margin=\u00bbdefault\u00bb column_direction=\u00bbdefault\u00bb column_direction_tablet=\u00bbdefault\u00bb column_direction_phone=\u00bbdefault\u00bb scene_position=\u00bbcenter\u00bb text_color=\u00bbdark\u00bb text_align=\u00bbleft\u00bb row_border_radius=\u00bbnone\u00bb row_border_radius_applies=\u00bbbg\u00bb overlay_strength=\u00bb0.3&#8243; gradient_direction=\u00bbleft_to_right\u00bb shape_divider_position=\u00bbbottom\u00bb bg_image_animation=\u00bbnone\u00bb][vc_column column_padding=\u00bbpadding-5-percent\u00bb column_padding_tablet=\u00bbinherit\u00bb column_padding_phone=\u00bbinherit\u00bb column_padding_position=\u00bbright\u00bb column_element_spacing=\u00bbdefault\u00bb background_color_opacity=\u00bb1&#8243; background_hover_color_opacity=\u00bb1&#8243; column_shadow=\u00bbnone\u00bb column_border_radius=\u00bbnone\u00bb column_link_target=\u00bb_self\u00bb gradient_direction=\u00bbleft_to_right\u00bb overlay_strength=\u00bb0.3&#8243; width=\u00bb1\/2&#8243; tablet_width_inherit=\u00bbdefault\u00bb&#8230;<\/p>\n","protected":false},"author":4,"featured_media":0,"parent":5284,"menu_order":0,"comment_status":"closed","ping_status":"closed","template":"page-child.php","meta":{"footnotes":""},"tags":[],"class_list":["post-5336","page","type-page","status-publish"],"yoast_head":"<!-- This site is optimized with the Yoast SEO plugin v18.4.1 - https:\/\/yoast.com\/wordpress\/plugins\/seo\/ -->\n<title>Certamen TikTok &quot;Rodando por la igualdad&quot; - IDIS. Igualdad, Diversidad, Inclusi\u00f3n y Salud<\/title>\n<meta name=\"robots\" content=\"index, follow, max-snippet:-1, max-image-preview:large, max-video-preview:-1\" \/>\n<link rel=\"canonical\" href=\"https:\/\/idis.conselldeivissa.es\/es\/diversidad\/recursos-multimedia\/certamen-tiktok-rodando-por-la-igualdad\/\" \/>\n<meta property=\"og:locale\" content=\"es_ES\" \/>\n<meta property=\"og:type\" content=\"article\" \/>\n<meta property=\"og:title\" content=\"Certamen TikTok &quot;Rodando por la igualdad&quot; - IDIS. Igualdad, Diversidad, Inclusi\u00f3n y Salud\" \/>\n<meta property=\"og:description\" content=\"[vc_row type=\u00bbin_container\u00bb full_screen_row_position=\u00bbmiddle\u00bb column_margin=\u00bbdefault\u00bb column_direction=\u00bbdefault\u00bb column_direction_tablet=\u00bbdefault\u00bb column_direction_phone=\u00bbdefault\u00bb scene_position=\u00bbcenter\u00bb text_color=\u00bbdark\u00bb text_align=\u00bbleft\u00bb row_border_radius=\u00bbnone\u00bb row_border_radius_applies=\u00bbbg\u00bb overlay_strength=\u00bb0.3&#8243; gradient_direction=\u00bbleft_to_right\u00bb shape_divider_position=\u00bbbottom\u00bb bg_image_animation=\u00bbnone\u00bb][vc_column column_padding=\u00bbpadding-5-percent\u00bb column_padding_tablet=\u00bbinherit\u00bb column_padding_phone=\u00bbinherit\u00bb column_padding_position=\u00bbright\u00bb column_element_spacing=\u00bbdefault\u00bb background_color_opacity=\u00bb1&#8243; background_hover_color_opacity=\u00bb1&#8243; column_shadow=\u00bbnone\u00bb column_border_radius=\u00bbnone\u00bb column_link_target=\u00bb_self\u00bb gradient_direction=\u00bbleft_to_right\u00bb overlay_strength=\u00bb0.3&#8243; width=\u00bb1\/2&#8243; tablet_width_inherit=\u00bbdefault\u00bb...\" \/>\n<meta property=\"og:url\" content=\"https:\/\/idis.conselldeivissa.es\/es\/diversidad\/recursos-multimedia\/certamen-tiktok-rodando-por-la-igualdad\/\" \/>\n<meta property=\"og:site_name\" content=\"IDIS. Igualdad, Diversidad, Inclusi\u00f3n y Salud\" \/>\n<meta property=\"article:modified_time\" content=\"2022-06-27T08:46:47+00:00\" \/>\n<meta name=\"twitter:card\" content=\"summary_large_image\" \/>\n<meta name=\"twitter:label1\" content=\"Tiempo de lectura\" \/>\n\t<meta name=\"twitter:data1\" content=\"2 minutos\" \/>\n<script type=\"application\/ld+json\" class=\"yoast-schema-graph\">{\"@context\":\"https:\/\/schema.org\",\"@graph\":[{\"@type\":\"WebSite\",\"@id\":\"https:\/\/idis.conselldeivissa.es\/#website\",\"url\":\"https:\/\/idis.conselldeivissa.es\/\",\"name\":\"IDIS. Igualdad, Diversidad, Inclusi\u00f3n y Salud\",\"description\":\"Consell Insular d&#039;Eivissa\",\"potentialAction\":[{\"@type\":\"SearchAction\",\"target\":{\"@type\":\"EntryPoint\",\"urlTemplate\":\"https:\/\/idis.conselldeivissa.es\/?s={search_term_string}\"},\"query-input\":\"required name=search_term_string\"}],\"inLanguage\":\"es\"},{\"@type\":\"WebPage\",\"@id\":\"https:\/\/idis.conselldeivissa.es\/es\/diversidad\/recursos-multimedia\/certamen-tiktok-rodando-por-la-igualdad\/#webpage\",\"url\":\"https:\/\/idis.conselldeivissa.es\/es\/diversidad\/recursos-multimedia\/certamen-tiktok-rodando-por-la-igualdad\/\",\"name\":\"Certamen TikTok \\\"Rodando por la igualdad\\\" - IDIS. Igualdad, Diversidad, Inclusi\u00f3n y Salud\",\"isPartOf\":{\"@id\":\"https:\/\/idis.conselldeivissa.es\/#website\"},\"datePublished\":\"2022-06-22T15:05:12+00:00\",\"dateModified\":\"2022-06-27T08:46:47+00:00\",\"breadcrumb\":{\"@id\":\"https:\/\/idis.conselldeivissa.es\/es\/diversidad\/recursos-multimedia\/certamen-tiktok-rodando-por-la-igualdad\/#breadcrumb\"},\"inLanguage\":\"es\",\"potentialAction\":[{\"@type\":\"ReadAction\",\"target\":[\"https:\/\/idis.conselldeivissa.es\/es\/diversidad\/recursos-multimedia\/certamen-tiktok-rodando-por-la-igualdad\/\"]}]},{\"@type\":\"BreadcrumbList\",\"@id\":\"https:\/\/idis.conselldeivissa.es\/es\/diversidad\/recursos-multimedia\/certamen-tiktok-rodando-por-la-igualdad\/#breadcrumb\",\"itemListElement\":[{\"@type\":\"ListItem\",\"position\":1,\"name\":\"Inici\",\"item\":\"https:\/\/idis.conselldeivissa.es\/es\/\"},{\"@type\":\"ListItem\",\"position\":2,\"name\":\"Diversidad\",\"item\":\"https:\/\/idis.conselldeivissa.es\/es\/diversidad\/\"},{\"@type\":\"ListItem\",\"position\":3,\"name\":\"Recursos Multimedia\",\"item\":\"https:\/\/idis.conselldeivissa.es\/es\/diversidad\/recursos-multimedia\/\"},{\"@type\":\"ListItem\",\"position\":4,\"name\":\"Certamen TikTok \u00abRodando por la igualdad\u00bb\"}]}]}<\/script>\n<!-- \/ Yoast SEO plugin. -->","yoast_head_json":{"title":"Certamen TikTok \"Rodando por la igualdad\" - IDIS. Igualdad, Diversidad, Inclusi\u00f3n y Salud","robots":{"index":"index","follow":"follow","max-snippet":"max-snippet:-1","max-image-preview":"max-image-preview:large","max-video-preview":"max-video-preview:-1"},"canonical":"https:\/\/idis.conselldeivissa.es\/es\/diversidad\/recursos-multimedia\/certamen-tiktok-rodando-por-la-igualdad\/","og_locale":"es_ES","og_type":"article","og_title":"Certamen TikTok \"Rodando por la igualdad\" - IDIS. Igualdad, Diversidad, Inclusi\u00f3n y Salud","og_description":"[vc_row type=\u00bbin_container\u00bb full_screen_row_position=\u00bbmiddle\u00bb column_margin=\u00bbdefault\u00bb column_direction=\u00bbdefault\u00bb column_direction_tablet=\u00bbdefault\u00bb column_direction_phone=\u00bbdefault\u00bb scene_position=\u00bbcenter\u00bb text_color=\u00bbdark\u00bb text_align=\u00bbleft\u00bb row_border_radius=\u00bbnone\u00bb row_border_radius_applies=\u00bbbg\u00bb overlay_strength=\u00bb0.3&#8243; gradient_direction=\u00bbleft_to_right\u00bb shape_divider_position=\u00bbbottom\u00bb bg_image_animation=\u00bbnone\u00bb][vc_column column_padding=\u00bbpadding-5-percent\u00bb column_padding_tablet=\u00bbinherit\u00bb column_padding_phone=\u00bbinherit\u00bb column_padding_position=\u00bbright\u00bb column_element_spacing=\u00bbdefault\u00bb background_color_opacity=\u00bb1&#8243; background_hover_color_opacity=\u00bb1&#8243; column_shadow=\u00bbnone\u00bb column_border_radius=\u00bbnone\u00bb column_link_target=\u00bb_self\u00bb gradient_direction=\u00bbleft_to_right\u00bb overlay_strength=\u00bb0.3&#8243; width=\u00bb1\/2&#8243; tablet_width_inherit=\u00bbdefault\u00bb...","og_url":"https:\/\/idis.conselldeivissa.es\/es\/diversidad\/recursos-multimedia\/certamen-tiktok-rodando-por-la-igualdad\/","og_site_name":"IDIS. Igualdad, Diversidad, Inclusi\u00f3n y Salud","article_modified_time":"2022-06-27T08:46:47+00:00","twitter_card":"summary_large_image","twitter_misc":{"Tiempo de lectura":"2 minutos"},"schema":{"@context":"https:\/\/schema.org","@graph":[{"@type":"WebSite","@id":"https:\/\/idis.conselldeivissa.es\/#website","url":"https:\/\/idis.conselldeivissa.es\/","name":"IDIS. Igualdad, Diversidad, Inclusi\u00f3n y Salud","description":"Consell Insular d&#039;Eivissa","potentialAction":[{"@type":"SearchAction","target":{"@type":"EntryPoint","urlTemplate":"https:\/\/idis.conselldeivissa.es\/?s={search_term_string}"},"query-input":"required name=search_term_string"}],"inLanguage":"es"},{"@type":"WebPage","@id":"https:\/\/idis.conselldeivissa.es\/es\/diversidad\/recursos-multimedia\/certamen-tiktok-rodando-por-la-igualdad\/#webpage","url":"https:\/\/idis.conselldeivissa.es\/es\/diversidad\/recursos-multimedia\/certamen-tiktok-rodando-por-la-igualdad\/","name":"Certamen TikTok \"Rodando por la igualdad\" - IDIS. Igualdad, Diversidad, Inclusi\u00f3n y Salud","isPartOf":{"@id":"https:\/\/idis.conselldeivissa.es\/#website"},"datePublished":"2022-06-22T15:05:12+00:00","dateModified":"2022-06-27T08:46:47+00:00","breadcrumb":{"@id":"https:\/\/idis.conselldeivissa.es\/es\/diversidad\/recursos-multimedia\/certamen-tiktok-rodando-por-la-igualdad\/#breadcrumb"},"inLanguage":"es","potentialAction":[{"@type":"ReadAction","target":["https:\/\/idis.conselldeivissa.es\/es\/diversidad\/recursos-multimedia\/certamen-tiktok-rodando-por-la-igualdad\/"]}]},{"@type":"BreadcrumbList","@id":"https:\/\/idis.conselldeivissa.es\/es\/diversidad\/recursos-multimedia\/certamen-tiktok-rodando-por-la-igualdad\/#breadcrumb","itemListElement":[{"@type":"ListItem","position":1,"name":"Inici","item":"https:\/\/idis.conselldeivissa.es\/es\/"},{"@type":"ListItem","position":2,"name":"Diversidad","item":"https:\/\/idis.conselldeivissa.es\/es\/diversidad\/"},{"@type":"ListItem","position":3,"name":"Recursos Multimedia","item":"https:\/\/idis.conselldeivissa.es\/es\/diversidad\/recursos-multimedia\/"},{"@type":"ListItem","position":4,"name":"Certamen TikTok \u00abRodando por la igualdad\u00bb"}]}]}},"acf":[],"_links":{"self":[{"href":"https:\/\/idis.conselldeivissa.es\/es\/wp-json\/wp\/v2\/pages\/5336","targetHints":{"allow":["GET"]}}],"collection":[{"href":"https:\/\/idis.conselldeivissa.es\/es\/wp-json\/wp\/v2\/pages"}],"about":[{"href":"https:\/\/idis.conselldeivissa.es\/es\/wp-json\/wp\/v2\/types\/page"}],"author":[{"embeddable":true,"href":"https:\/\/idis.conselldeivissa.es\/es\/wp-json\/wp\/v2\/users\/4"}],"replies":[{"embeddable":true,"href":"https:\/\/idis.conselldeivissa.es\/es\/wp-json\/wp\/v2\/comments?post=5336"}],"version-history":[{"count":3,"href":"https:\/\/idis.conselldeivissa.es\/es\/wp-json\/wp\/v2\/pages\/5336\/revisions"}],"predecessor-version":[{"id":5410,"href":"https:\/\/idis.conselldeivissa.es\/es\/wp-json\/wp\/v2\/pages\/5336\/revisions\/5410"}],"up":[{"embeddable":true,"href":"https:\/\/idis.conselldeivissa.es\/es\/wp-json\/wp\/v2\/pages\/5284"}],"wp:attachment":[{"href":"https:\/\/idis.conselldeivissa.es\/es\/wp-json\/wp\/v2\/media?parent=5336"}],"wp:term":[{"taxonomy":"post_tag","embeddable":true,"href":"https:\/\/idis.conselldeivissa.es\/es\/wp-json\/wp\/v2\/tags?post=5336"}],"curies":[{"name":"wp","href":"https:\/\/api.w.org\/{rel}","templated":true}]}}