{"id":4525,"date":"2022-05-10T11:08:49","date_gmt":"2022-05-10T09:08:49","guid":{"rendered":"https:\/\/idis.conselldeivissa.es\/salud\/cepca\/programas-educativos\/hablamos\/activitats\/"},"modified":"2022-06-14T12:26:29","modified_gmt":"2022-06-14T10:26:29","slug":"actividades","status":"publish","type":"page","link":"https:\/\/idis.conselldeivissa.es\/es\/salud\/cepca\/programas-educativos\/hablamos\/actividades\/","title":{"rendered":"Sesiones del programa \u00abEn Parlam?\u00bb"},"content":{"rendered":"[vc_row type=\u00bbin_container\u00bb full_screen_row_position=\u00bbmiddle\u00bb column_margin=\u00bbdefault\u00bb column_direction=\u00bbdefault\u00bb column_direction_tablet=\u00bbdefault\u00bb column_direction_phone=\u00bbdefault\u00bb scene_position=\u00bbcenter\u00bb text_color=\u00bbdark\u00bb text_align=\u00bbleft\u00bb row_border_radius=\u00bbnone\u00bb row_border_radius_applies=\u00bbbg\u00bb overlay_strength=\u00bb0.3&#8243; gradient_direction=\u00bbleft_to_right\u00bb shape_divider_position=\u00bbbottom\u00bb bg_image_animation=\u00bbnone\u00bb shape_type=\u00bb\u00bb][vc_column column_padding=\u00bbno-extra-padding\u00bb column_padding_tablet=\u00bbinherit\u00bb column_padding_phone=\u00bbinherit\u00bb column_padding_position=\u00bball\u00bb column_element_spacing=\u00bbdefault\u00bb background_color_opacity=\u00bb1&#8243; background_hover_color_opacity=\u00bb1&#8243; column_shadow=\u00bbnone\u00bb column_border_radius=\u00bbnone\u00bb column_link_target=\u00bb_self\u00bb gradient_direction=\u00bbleft_to_right\u00bb overlay_strength=\u00bb0.3&#8243; width=\u00bb1\/2&#8243; tablet_width_inherit=\u00bbdefault\u00bb tablet_text_alignment=\u00bbdefault\u00bb phone_text_alignment=\u00bbdefault\u00bb bg_image_animation=\u00bbnone\u00bb border_type=\u00bbsimple\u00bb column_border_width=\u00bbnone\u00bb column_border_style=\u00bbsolid\u00bb][vc_custom_heading source=\u00bbpost_title\u00bb font_container=\u00bbtag:h1|text_align:left\u00bb css=\u00bb.vc_custom_1652433561382{padding-bottom: 30px !important;}\u00bb][vc_column_text css_animation=\u00bbfadeIn\u00bb]\n<div class=\"J0lOec\"><span class=\"VIiyi\" lang=\"es\"><span class=\"JLqJ4b ChMk0b\" data-language-for-alternatives=\"es\" data-language-to-translate-into=\"ca\" data-phrase-index=\"0\" data-number-of-phrases=\"1\"><span class=\"Q4iAWc\">A continuaci\u00f3n os exponemos las diferentes sesiones del programa con una breve descripci\u00f3n de los contenidos de cada una:<\/span><\/span><\/span><\/div>\n[\/vc_column_text][vc_column_text css_animation=\u00bbfadeIn\u00bb]\n<h3>Educaci\u00f3n para la salud:<\/h3>\n<p>Consumo de sustancias. Los principales objetivos de estas sesiones son dar informaci\u00f3n y formaci\u00f3n sobre las drogas m\u00e1s consumidas, practicar habilidades sociales para saber afrontar la presi\u00f3n grupal y fomentar una actitud cr\u00edtica sobre la promoci\u00f3n del consumo como forma de diversi\u00f3n.<\/p>\n<ul>\n<li><a href=\"https:\/\/idis.conselldeivissa.es\/es\/salud\/cepca\/programas-educativos\/hablamos\/drogas-y-adolescencia\/\">Drogas y adolescencia<\/a><\/li>\n<li><a href=\"https:\/\/idis.conselldeivissa.es\/es\/salud\/cepca\/programas-educativos\/hablamos\/alcohol-reduccion-de-riesgos\/\">Alcohol. Reducci\u00f3n de riesgos<\/a><\/li>\n<li><a href=\"https:\/\/idis.conselldeivissa.es\/es\/salud\/cepca\/programas-educativos\/hablamos\/tabaco-reduccion-de-riesgos\/\">Tabaco. Reducci\u00f3n de riesgos<\/a><\/li>\n<li><a href=\"https:\/\/idis.conselldeivissa.es\/es\/salud\/cepca\/programas-educativos\/hablamos\/el-cannabis-i\/\">El cannabis (I)<\/a><\/li>\n<li><a href=\"https:\/\/idis.conselldeivissa.es\/es\/salud\/cepca\/programas-educativos\/hablamos\/el-cannabis-ii\/\">El cannabis (II)<\/a><\/li>\n<li><a href=\"https:\/\/idis.conselldeivissa.es\/es\/salud\/cepca\/programas-educativos\/hablamos\/drogas-otras-sustancias\">Drogas: otras substancias<\/a><\/li>\n<\/ul>\n[\/vc_column_text][vc_column_text css_animation=\u00bbfadeIn\u00bb]\n<h3>H\u00e1bitos saludables:<\/h3>\n<p>Los principales objetivos de esta sesi\u00f3n son concienciar sobre la importancia de cuidar la salud como motor de bienestar y felicidad y fomentar una actitud cr\u00edtica sobre la importancia de la imagen que se da hoy en d\u00eda en nuestra sociedad.<\/p>\n<ul>\n<li><a href=\"https:\/\/idis.conselldeivissa.es\/es\/salud\/cepca\/programas-educativos\/hablamos\/trastornos-alimentarios\/\">Trastornos Alimentarios<\/a><\/li>\n<\/ul>\n[\/vc_column_text][vc_column_text css_animation=\u00bbfadeIn\u00bb]\n<h3>Nuevas tecnolog\u00edas de la informaci\u00f3n y la comunicaci\u00f3n (NTIC):<\/h3>\n<div class=\"left\"><span class=\"VIiyi\" lang=\"es\"><span class=\"JLqJ4b ChMk0b\" data-language-for-alternatives=\"es\" data-language-to-translate-into=\"ca\" data-phrase-index=\"0\" data-number-of-phrases=\"1\"><span class=\"Q4iAWc\">El objetivo principal de esta sesi\u00f3n es reflexionar sobre la influencia y el uso que realizan los\/las adolescentes actuales del m\u00f3vil y las redes sociales e informar sobre sus riesgos.<\/span><\/span><\/span><\/div>\n<ul>\n<li class=\"left\"><a href=\"https:\/\/idis.conselldeivissa.es\/es\/salud\/cepca\/programas-educativos\/hablamos\/internet-y-las-redes-sociales\/\">Internet y las redes sociales<\/a><\/li>\n<\/ul>\n[\/vc_column_text][vc_column_text css_animation=\u00bbfadeIn\u00bb]\n<h3>Las buenas relaciones:<\/h3>\n<p><span class=\"VIiyi\" lang=\"es\"><span class=\"JLqJ4b ChMk0b\" data-language-for-alternatives=\"es\" data-language-to-translate-into=\"ca\" data-phrase-index=\"0\" data-number-of-phrases=\"2\"><span class=\"Q4iAWc\">Los objetivos principales de estas sesiones son trabajar las habilidades sociales para gestionar sus relaciones sociales, clarificar conceptos de discriminaci\u00f3n y sus expresiones, informar sobre las relaciones igualitarias para prevenir situaciones de abuso, acoso y violencia de g\u00e9nero.<\/span><\/span> <span class=\"JLqJ4b ChMk0b\" data-language-for-alternatives=\"es\" data-language-to-translate-into=\"ca\" data-phrase-index=\"1\" data-number-of-phrases=\"2\"><span class=\"Q4iAWc\">Dar informaci\u00f3n sobre c\u00f3mo la pornograf\u00eda afecta negativamente las relaciones sexuales entre los adolescentes.<\/span><\/span><\/span><\/p>\n<ul>\n<li><a href=\"https:\/\/idis.conselldeivissa.es\/es\/salud\/cepca\/programas-educativos\/hablamos\/las-buenas-relaciones-entre-iguales\/\">Las buenas relaciones entre iguales<\/a><\/li>\n<li><a href=\"https:\/\/idis.conselldeivissa.es\/es\/salud\/cepca\/programas-educativos\/hablamos\/igualdad-y-tolerenacia\/\">Igualdad y tolerancia<\/a><\/li>\n<li><a href=\"https:\/\/idis.conselldeivissa.es\/es\/salud\/cepca\/programas-educativos\/hablamos\/la-igualdad-de-genero\/\">La igualdad de g\u00e9nero<\/a><\/li>\n<li><a href=\"https:\/\/idis.conselldeivissa.es\/es\/salud\/cepca\/programas-educativos\/hablamos\/prevencion-de-la-violencia-de-genero\/\">Prevenci\u00f3n de la violencia de g\u00e9nero<\/a><\/li>\n<li><a href=\"https:\/\/idis.conselldeivissa.es\/es\/salud\/cepca\/programas-educativos\/hablamos\/sexo-vs-pornografia\/\">Sexo vs. pornograf\u00eda<\/a><\/li>\n<\/ul>\n[\/vc_column_text][vc_column_text css_animation=\u00bbfadeIn\u00bb]<em>* Tambi\u00e9n se pueden solicitar las charlas para grupos de formaci\u00f3n profesional (FP) b\u00e1sica, FP de grado medio o FP de grado superior.<\/em>[\/vc_column_text][\/vc_column][vc_column column_padding=\u00bbpadding-5-percent\u00bb column_padding_tablet=\u00bbinherit\u00bb column_padding_phone=\u00bbinherit\u00bb column_padding_position=\u00bbleft\u00bb column_element_spacing=\u00bbdefault\u00bb background_color_opacity=\u00bb1&#8243; background_hover_color_opacity=\u00bb1&#8243; column_shadow=\u00bbnone\u00bb column_border_radius=\u00bbnone\u00bb column_link_target=\u00bb_self\u00bb gradient_direction=\u00bbleft_to_right\u00bb overlay_strength=\u00bb0.3&#8243; width=\u00bb1\/2&#8243; tablet_width_inherit=\u00bbdefault\u00bb tablet_text_alignment=\u00bbdefault\u00bb phone_text_alignment=\u00bbdefault\u00bb bg_image_animation=\u00bbnone\u00bb border_type=\u00bbsimple\u00bb column_border_width=\u00bbnone\u00bb column_border_style=\u00bbsolid\u00bb][image_with_animation image_url=\u00bb1534&#8243; animation=\u00bbFade In\u00bb hover_animation=\u00bbnone\u00bb alignment=\u00bb\u00bb border_radius=\u00bbnone\u00bb box_shadow=\u00bbnone\u00bb image_loading=\u00bbdefault\u00bb max_width=\u00bb100%\u00bb max_width_mobile=\u00bbdefault\u00bb][\/vc_column][\/vc_row]\n","protected":false},"excerpt":{"rendered":"<p>[vc_row type=\u00bbin_container\u00bb full_screen_row_position=\u00bbmiddle\u00bb column_margin=\u00bbdefault\u00bb column_direction=\u00bbdefault\u00bb column_direction_tablet=\u00bbdefault\u00bb column_direction_phone=\u00bbdefault\u00bb scene_position=\u00bbcenter\u00bb text_color=\u00bbdark\u00bb text_align=\u00bbleft\u00bb row_border_radius=\u00bbnone\u00bb row_border_radius_applies=\u00bbbg\u00bb overlay_strength=\u00bb0.3&#8243; gradient_direction=\u00bbleft_to_right\u00bb shape_divider_position=\u00bbbottom\u00bb bg_image_animation=\u00bbnone\u00bb shape_type=\u00bb\u00bb][vc_column column_padding=\u00bbno-extra-padding\u00bb column_padding_tablet=\u00bbinherit\u00bb column_padding_phone=\u00bbinherit\u00bb column_padding_position=\u00bball\u00bb column_element_spacing=\u00bbdefault\u00bb background_color_opacity=\u00bb1&#8243; background_hover_color_opacity=\u00bb1&#8243; column_shadow=\u00bbnone\u00bb column_border_radius=\u00bbnone\u00bb column_link_target=\u00bb_self\u00bb gradient_direction=\u00bbleft_to_right\u00bb overlay_strength=\u00bb0.3&#8243; width=\u00bb1\/2&#8243;&#8230;<\/p>\n","protected":false},"author":5,"featured_media":0,"parent":3385,"menu_order":0,"comment_status":"closed","ping_status":"closed","template":"page-child.php","meta":{"footnotes":""},"tags":[],"class_list":["post-4525","page","type-page","status-publish"],"yoast_head":"<!-- This site is optimized with the Yoast SEO plugin v18.4.1 - https:\/\/yoast.com\/wordpress\/plugins\/seo\/ -->\n<title>Sesiones del programa &quot;En Parlam?&quot; - IDIS. Igualdad, Diversidad, Inclusi\u00f3n y Salud<\/title>\n<meta name=\"robots\" content=\"index, follow, max-snippet:-1, max-image-preview:large, max-video-preview:-1\" \/>\n<link rel=\"canonical\" href=\"https:\/\/idis.conselldeivissa.es\/es\/salud\/cepca\/programas-educativos\/hablamos\/actividades\/\" \/>\n<meta property=\"og:locale\" content=\"es_ES\" \/>\n<meta property=\"og:type\" content=\"article\" \/>\n<meta property=\"og:title\" content=\"Sesiones del programa &quot;En Parlam?&quot; - IDIS. Igualdad, Diversidad, Inclusi\u00f3n y Salud\" \/>\n<meta property=\"og:description\" content=\"[vc_row type=\u00bbin_container\u00bb full_screen_row_position=\u00bbmiddle\u00bb column_margin=\u00bbdefault\u00bb column_direction=\u00bbdefault\u00bb column_direction_tablet=\u00bbdefault\u00bb column_direction_phone=\u00bbdefault\u00bb scene_position=\u00bbcenter\u00bb text_color=\u00bbdark\u00bb text_align=\u00bbleft\u00bb row_border_radius=\u00bbnone\u00bb row_border_radius_applies=\u00bbbg\u00bb overlay_strength=\u00bb0.3&#8243; gradient_direction=\u00bbleft_to_right\u00bb shape_divider_position=\u00bbbottom\u00bb bg_image_animation=\u00bbnone\u00bb shape_type=\u00bb\u00bb][vc_column column_padding=\u00bbno-extra-padding\u00bb column_padding_tablet=\u00bbinherit\u00bb column_padding_phone=\u00bbinherit\u00bb column_padding_position=\u00bball\u00bb column_element_spacing=\u00bbdefault\u00bb background_color_opacity=\u00bb1&#8243; background_hover_color_opacity=\u00bb1&#8243; column_shadow=\u00bbnone\u00bb column_border_radius=\u00bbnone\u00bb column_link_target=\u00bb_self\u00bb gradient_direction=\u00bbleft_to_right\u00bb overlay_strength=\u00bb0.3&#8243; width=\u00bb1\/2&#8243;...\" \/>\n<meta property=\"og:url\" content=\"https:\/\/idis.conselldeivissa.es\/es\/salud\/cepca\/programas-educativos\/hablamos\/actividades\/\" \/>\n<meta property=\"og:site_name\" content=\"IDIS. Igualdad, Diversidad, Inclusi\u00f3n y Salud\" \/>\n<meta property=\"article:modified_time\" content=\"2022-06-14T10:26:29+00:00\" \/>\n<meta name=\"twitter:card\" content=\"summary_large_image\" \/>\n<meta name=\"twitter:label1\" content=\"Tiempo de lectura\" \/>\n\t<meta name=\"twitter:data1\" content=\"2 minutos\" \/>\n<script type=\"application\/ld+json\" class=\"yoast-schema-graph\">{\"@context\":\"https:\/\/schema.org\",\"@graph\":[{\"@type\":\"WebSite\",\"@id\":\"https:\/\/idis.conselldeivissa.es\/#website\",\"url\":\"https:\/\/idis.conselldeivissa.es\/\",\"name\":\"IDIS. Igualdad, Diversidad, Inclusi\u00f3n y Salud\",\"description\":\"Consell Insular d&#039;Eivissa\",\"potentialAction\":[{\"@type\":\"SearchAction\",\"target\":{\"@type\":\"EntryPoint\",\"urlTemplate\":\"https:\/\/idis.conselldeivissa.es\/?s={search_term_string}\"},\"query-input\":\"required name=search_term_string\"}],\"inLanguage\":\"es\"},{\"@type\":\"WebPage\",\"@id\":\"https:\/\/idis.conselldeivissa.es\/es\/salud\/cepca\/programas-educativos\/hablamos\/actividades\/#webpage\",\"url\":\"https:\/\/idis.conselldeivissa.es\/es\/salud\/cepca\/programas-educativos\/hablamos\/actividades\/\",\"name\":\"Sesiones del programa \\\"En Parlam?\\\" - IDIS. Igualdad, Diversidad, Inclusi\u00f3n y Salud\",\"isPartOf\":{\"@id\":\"https:\/\/idis.conselldeivissa.es\/#website\"},\"datePublished\":\"2022-05-10T09:08:49+00:00\",\"dateModified\":\"2022-06-14T10:26:29+00:00\",\"breadcrumb\":{\"@id\":\"https:\/\/idis.conselldeivissa.es\/es\/salud\/cepca\/programas-educativos\/hablamos\/actividades\/#breadcrumb\"},\"inLanguage\":\"es\",\"potentialAction\":[{\"@type\":\"ReadAction\",\"target\":[\"https:\/\/idis.conselldeivissa.es\/es\/salud\/cepca\/programas-educativos\/hablamos\/actividades\/\"]}]},{\"@type\":\"BreadcrumbList\",\"@id\":\"https:\/\/idis.conselldeivissa.es\/es\/salud\/cepca\/programas-educativos\/hablamos\/actividades\/#breadcrumb\",\"itemListElement\":[{\"@type\":\"ListItem\",\"position\":1,\"name\":\"Inici\",\"item\":\"https:\/\/idis.conselldeivissa.es\/es\/\"},{\"@type\":\"ListItem\",\"position\":2,\"name\":\"Salud\",\"item\":\"https:\/\/idis.conselldeivissa.es\/es\/salud\/\"},{\"@type\":\"ListItem\",\"position\":3,\"name\":\"CEPCA\",\"item\":\"https:\/\/idis.conselldeivissa.es\/es\/salud\/cepca\/\"},{\"@type\":\"ListItem\",\"position\":4,\"name\":\"Programas preventivos\",\"item\":\"https:\/\/idis.conselldeivissa.es\/es\/salud\/cepca\/programas-educativos\/\"},{\"@type\":\"ListItem\",\"position\":5,\"name\":\"\u00abEn Parlam?\u00bb\",\"item\":\"https:\/\/idis.conselldeivissa.es\/es\/salud\/cepca\/programas-educativos\/hablamos\/\"},{\"@type\":\"ListItem\",\"position\":6,\"name\":\"Sesiones del programa \u00abEn Parlam?\u00bb\"}]}]}<\/script>\n<!-- \/ Yoast SEO plugin. -->","yoast_head_json":{"title":"Sesiones del programa \"En Parlam?\" - IDIS. Igualdad, Diversidad, Inclusi\u00f3n y Salud","robots":{"index":"index","follow":"follow","max-snippet":"max-snippet:-1","max-image-preview":"max-image-preview:large","max-video-preview":"max-video-preview:-1"},"canonical":"https:\/\/idis.conselldeivissa.es\/es\/salud\/cepca\/programas-educativos\/hablamos\/actividades\/","og_locale":"es_ES","og_type":"article","og_title":"Sesiones del programa \"En Parlam?\" - IDIS. Igualdad, Diversidad, Inclusi\u00f3n y Salud","og_description":"[vc_row type=\u00bbin_container\u00bb full_screen_row_position=\u00bbmiddle\u00bb column_margin=\u00bbdefault\u00bb column_direction=\u00bbdefault\u00bb column_direction_tablet=\u00bbdefault\u00bb column_direction_phone=\u00bbdefault\u00bb scene_position=\u00bbcenter\u00bb text_color=\u00bbdark\u00bb text_align=\u00bbleft\u00bb row_border_radius=\u00bbnone\u00bb row_border_radius_applies=\u00bbbg\u00bb overlay_strength=\u00bb0.3&#8243; gradient_direction=\u00bbleft_to_right\u00bb shape_divider_position=\u00bbbottom\u00bb bg_image_animation=\u00bbnone\u00bb shape_type=\u00bb\u00bb][vc_column column_padding=\u00bbno-extra-padding\u00bb column_padding_tablet=\u00bbinherit\u00bb column_padding_phone=\u00bbinherit\u00bb column_padding_position=\u00bball\u00bb column_element_spacing=\u00bbdefault\u00bb background_color_opacity=\u00bb1&#8243; background_hover_color_opacity=\u00bb1&#8243; column_shadow=\u00bbnone\u00bb column_border_radius=\u00bbnone\u00bb column_link_target=\u00bb_self\u00bb gradient_direction=\u00bbleft_to_right\u00bb overlay_strength=\u00bb0.3&#8243; width=\u00bb1\/2&#8243;...","og_url":"https:\/\/idis.conselldeivissa.es\/es\/salud\/cepca\/programas-educativos\/hablamos\/actividades\/","og_site_name":"IDIS. Igualdad, Diversidad, Inclusi\u00f3n y Salud","article_modified_time":"2022-06-14T10:26:29+00:00","twitter_card":"summary_large_image","twitter_misc":{"Tiempo de lectura":"2 minutos"},"schema":{"@context":"https:\/\/schema.org","@graph":[{"@type":"WebSite","@id":"https:\/\/idis.conselldeivissa.es\/#website","url":"https:\/\/idis.conselldeivissa.es\/","name":"IDIS. Igualdad, Diversidad, Inclusi\u00f3n y Salud","description":"Consell Insular d&#039;Eivissa","potentialAction":[{"@type":"SearchAction","target":{"@type":"EntryPoint","urlTemplate":"https:\/\/idis.conselldeivissa.es\/?s={search_term_string}"},"query-input":"required name=search_term_string"}],"inLanguage":"es"},{"@type":"WebPage","@id":"https:\/\/idis.conselldeivissa.es\/es\/salud\/cepca\/programas-educativos\/hablamos\/actividades\/#webpage","url":"https:\/\/idis.conselldeivissa.es\/es\/salud\/cepca\/programas-educativos\/hablamos\/actividades\/","name":"Sesiones del programa \"En Parlam?\" - IDIS. Igualdad, Diversidad, Inclusi\u00f3n y Salud","isPartOf":{"@id":"https:\/\/idis.conselldeivissa.es\/#website"},"datePublished":"2022-05-10T09:08:49+00:00","dateModified":"2022-06-14T10:26:29+00:00","breadcrumb":{"@id":"https:\/\/idis.conselldeivissa.es\/es\/salud\/cepca\/programas-educativos\/hablamos\/actividades\/#breadcrumb"},"inLanguage":"es","potentialAction":[{"@type":"ReadAction","target":["https:\/\/idis.conselldeivissa.es\/es\/salud\/cepca\/programas-educativos\/hablamos\/actividades\/"]}]},{"@type":"BreadcrumbList","@id":"https:\/\/idis.conselldeivissa.es\/es\/salud\/cepca\/programas-educativos\/hablamos\/actividades\/#breadcrumb","itemListElement":[{"@type":"ListItem","position":1,"name":"Inici","item":"https:\/\/idis.conselldeivissa.es\/es\/"},{"@type":"ListItem","position":2,"name":"Salud","item":"https:\/\/idis.conselldeivissa.es\/es\/salud\/"},{"@type":"ListItem","position":3,"name":"CEPCA","item":"https:\/\/idis.conselldeivissa.es\/es\/salud\/cepca\/"},{"@type":"ListItem","position":4,"name":"Programas preventivos","item":"https:\/\/idis.conselldeivissa.es\/es\/salud\/cepca\/programas-educativos\/"},{"@type":"ListItem","position":5,"name":"\u00abEn Parlam?\u00bb","item":"https:\/\/idis.conselldeivissa.es\/es\/salud\/cepca\/programas-educativos\/hablamos\/"},{"@type":"ListItem","position":6,"name":"Sesiones del programa \u00abEn Parlam?\u00bb"}]}]}},"acf":[],"_links":{"self":[{"href":"https:\/\/idis.conselldeivissa.es\/es\/wp-json\/wp\/v2\/pages\/4525","targetHints":{"allow":["GET"]}}],"collection":[{"href":"https:\/\/idis.conselldeivissa.es\/es\/wp-json\/wp\/v2\/pages"}],"about":[{"href":"https:\/\/idis.conselldeivissa.es\/es\/wp-json\/wp\/v2\/types\/page"}],"author":[{"embeddable":true,"href":"https:\/\/idis.conselldeivissa.es\/es\/wp-json\/wp\/v2\/users\/5"}],"replies":[{"embeddable":true,"href":"https:\/\/idis.conselldeivissa.es\/es\/wp-json\/wp\/v2\/comments?post=4525"}],"version-history":[{"count":9,"href":"https:\/\/idis.conselldeivissa.es\/es\/wp-json\/wp\/v2\/pages\/4525\/revisions"}],"predecessor-version":[{"id":5106,"href":"https:\/\/idis.conselldeivissa.es\/es\/wp-json\/wp\/v2\/pages\/4525\/revisions\/5106"}],"up":[{"embeddable":true,"href":"https:\/\/idis.conselldeivissa.es\/es\/wp-json\/wp\/v2\/pages\/3385"}],"wp:attachment":[{"href":"https:\/\/idis.conselldeivissa.es\/es\/wp-json\/wp\/v2\/media?parent=4525"}],"wp:term":[{"taxonomy":"post_tag","embeddable":true,"href":"https:\/\/idis.conselldeivissa.es\/es\/wp-json\/wp\/v2\/tags?post=4525"}],"curies":[{"name":"wp","href":"https:\/\/api.w.org\/{rel}","templated":true}]}}