{"id":4395,"date":"2022-05-05T11:22:14","date_gmt":"2022-05-05T09:22:14","guid":{"rendered":"https:\/\/idis.conselldeivissa.es\/?page_id=4395"},"modified":"2022-05-12T13:59:18","modified_gmt":"2022-05-12T11:59:18","slug":"dia-internacional-de-la-mujer-2022","status":"publish","type":"page","link":"https:\/\/idis.conselldeivissa.es\/es\/igualdad\/recursos-multimedia\/dia-internacional-de-la-mujer-2022\/","title":{"rendered":"D\u00eda Internacional de la Mujer 2022"},"content":{"rendered":"[vc_row type=\u00bbin_container\u00bb full_screen_row_position=\u00bbmiddle\u00bb column_margin=\u00bbdefault\u00bb column_direction=\u00bbdefault\u00bb column_direction_tablet=\u00bbdefault\u00bb column_direction_phone=\u00bbdefault\u00bb scene_position=\u00bbcenter\u00bb text_color=\u00bbdark\u00bb text_align=\u00bbleft\u00bb row_border_radius=\u00bbnone\u00bb row_border_radius_applies=\u00bbbg\u00bb overlay_strength=\u00bb0.3&#8243; gradient_direction=\u00bbleft_to_right\u00bb shape_divider_position=\u00bbbottom\u00bb bg_image_animation=\u00bbnone\u00bb][vc_column column_padding=\u00bbno-extra-padding\u00bb column_padding_tablet=\u00bbinherit\u00bb column_padding_phone=\u00bbinherit\u00bb column_padding_position=\u00bball\u00bb column_element_spacing=\u00bbdefault\u00bb background_color_opacity=\u00bb1&#8243; background_hover_color_opacity=\u00bb1&#8243; column_shadow=\u00bbnone\u00bb column_border_radius=\u00bbnone\u00bb column_link_target=\u00bb_self\u00bb gradient_direction=\u00bbleft_to_right\u00bb overlay_strength=\u00bb0.3&#8243; width=\u00bb1\/2&#8243; tablet_width_inherit=\u00bbdefault\u00bb tablet_text_alignment=\u00bbdefault\u00bb phone_text_alignment=\u00bbdefault\u00bb bg_image_animation=\u00bbnone\u00bb border_type=\u00bbsimple\u00bb column_border_width=\u00bbnone\u00bb column_border_style=\u00bbsolid\u00bb][vc_custom_heading source=\u00bbpost_title\u00bb font_container=\u00bbtag:h1|text_align:left\u00bb][vc_column_text el_class=\u00bbfechasGen\u00bb css=\u00bb.vc_custom_1652360440466{padding-bottom: 30px !important;}\u00bb]3 marzo de 2022[\/vc_column_text][vc_column_text css_animation=\u00bbfadeIn\u00bb]El Consell Insular d&#8217;Eivissa ha presentado el programa para celebrar el 8 de Marzo, D\u00eda de la Mujer, y reivindicar la igualdad entre hombres y mujeres. Entre los actos destacan la proyecci\u00f3n del cortometraje <em>Ellas<\/em> y de los realizados por los participantes del programa Corto y cambio de rol, un concurso de Tik Tok para que los j\u00f3venes muestren la importancia de la igualdad y charlas sobre deporte y salud. Adem\u00e1s, el juguete igualitario de este a\u00f1o es la peonza.[\/vc_column_text][vc_column_text css_animation=\u00bbfadeIn\u00bb]La consejera insular de Bienestar Social, Carolina Escandell, la coordinadora de la Oficina de la Mujer, Tonyi Ferrer, y la directora del Centro de Prevenci\u00f3n y Conductas Adictivas (CEPCA), Bel\u00e9n Alvite, han presentado los actos organizados para conmemorar el D\u00eda Internacional de la Mujer, que se celebra el 8 de marzo. \u00abOfrecemos actividades para todas las edades para recordar que la igualdad es un objetivo de todos y queremos recalcar la importancia de trabajar la igualdad con la juventud, no podemos dar un paso atr\u00e1s ni normalizar comportamientos que antes eran impensables\u00bb, ha manifestado Escandell.[\/vc_column_text][vc_column_text css_animation=\u00bbfadeIn\u00bb]Debido al \u00e9xito del a\u00f1o pasado del certamen de Tik Tok, este a\u00f1o se repite esta iniciativa incluida en el concurso nacional Rodando por la igualdad. Las personas participantes s\u00f3lo deben subir un v\u00eddeo a la red social con las etiquetas #Ibizaporlaigualdad y #rodandoporlaigualdad. Las bases se podr\u00e1n consultar en la p\u00e1gina web del Consell Insular d\u2019Eivissa (<a href=\"https:\/\/www.conselldeivissa.es\/es\/\" target=\"_blank\" rel=\"noopener\">www.conselldeivissa.es<\/a>). El 18 de marzo, a las 11.00 horas, se entregar\u00e1 el galard\u00f3n al mejor v\u00eddeo de Tik Tok.[\/vc_column_text][vc_column_text css_animation=\u00bbfadeIn\u00bb]El d\u00eda 7 de marzo, a las 19.00 horas, se proyectar\u00e1 el corto <em>Ellas<\/em> en el Teatro Espa\u00f1a. Posteriormente, las actrices y la directora del corto (B\u00e1rbara Hermosilla, Ana Vide y Marta Aledo) ofrecer\u00e1n un coloquio sobre el embarazo y el mundo laboral.<\/p>\n<p>Para el 8 de marzo, D\u00eda Internacional de la Mujer, est\u00e1n programadas diversas actividades:<\/p>\n<p>A las 9.00 horas se proyectar\u00e1 <em>Las hijas de Cynisca&#8217;. El deporte femenino habla de la igualdad<\/em> en el Auditorio de Cas Serres, en el Espacio Cultural de Can Ventosa y en el Palacio de Congresos de Eivissa.[\/vc_column_text][vc_column_text css_animation=\u00bbfadeIn\u00bb]Tambi\u00e9n se llevar\u00e1 a cabo la campa\u00f1a \u00abBaldufes. Dona-li voltes a la igualtat. \u00c9s bona per a tu\u00bb. Se entregar\u00e1n estos juguetes igualitarios y se ofrecer\u00e1 un cuentacuentos.<\/p>\n<p>A las 12.00 horas, en la Sala de Plenos, se leer\u00e1 la declaraci\u00f3n institucional del Consell Insular d&#8217;Eivissa por el D\u00eda Internacional de la Mujer, aprobada en el pasado pleno de febrero. La instituci\u00f3n se ha adherido al lema de 2022 de la Organizaci\u00f3n de las Naciones Unidas (ONU) \u201cIgualdad de g\u00e9nero hoy para un ma\u00f1ana sostenible\u201d, con el que se reconocen los esfuerzos de mujeres y ni\u00f1as de todo el mundo por combatir el cambio clim\u00e1tico.<\/p>\n<p>Por otra parte, en el programa del Consell Insular d\u2019Eivissa se incluyen las actividades organizadas por los colectivos feministas:<\/p>\n<p>17.30 horas: Confecci\u00f3n de pancartas en el Parc de la Pau.<\/p>\n<p>18.30 horas: Manifestaci\u00f3n en el Parc Reina Sof\u00eda.<\/p>\n<p>19.00 horas: Lectura del manifiesto, karaoke, y batucada.[\/vc_column_text][vc_column_text css_animation=\u00bbfadeIn\u00bb]Las actividades promovidas por el Consell Insular d&#8217;Eivissa con motivo del D\u00eda Internacional de la Mujer contin\u00faan el 14 de marzo, a las 11.00 horas, en la finca de Can Marines, con la presentaci\u00f3n de las unidades did\u00e1cticas del proyecto \u00abTornem a la terra\u00bb.<\/p>\n<p>El 25 de marzo, en el edificio polivalente de Cas Serres, se ofrecer\u00e1 la jornada \u00abDona i salut\u00bb, que incluir\u00e1 charlas sobre mujer y c\u00e1ncer (a cargo de Apaac), nutrici\u00f3n, suelo p\u00e9lvico\u2026<\/p>\n<p>El programa con motivo del D\u00eda Internacional de la Mujer concluir\u00e1 el 2 de abril, a las 19.00 horas, con la presentaci\u00f3n de los v\u00eddeos realizados por el alumnado del programa \u00abCorto y cambio de rol\u00bb. El acto tendr\u00e1 lugar en el Auditorio de Cas Serres.[\/vc_column_text][vc_column_text css_animation=\u00bbfadeIn\u00bb]Por otra parte, la coordinadora de la Oficina de la Mujer ha proporcionado datos de personas atendidas en este servicio durante el a\u00f1o 2021. Un total de 681 personas participaron en los distintos programas de la Oficina de la Mujer de Eivissa, 61 m\u00e1s que en 2020, cuando se registraron 620 mujeres.<\/p>\n<p>En cuanto al total de casos atendidos en el Programa de atenci\u00f3n y tratamiento a v\u00edctimas de violencia de g\u00e9nero, en 2021 fueron 549 (54 % de los casos y de las cuales menos de la mitad, 204, han denunciado el maltrato), mientras que el 2020, 474.<\/p>\n<p>De las 549 denunciantes de violencia de g\u00e9nero, 285 fueron v\u00edctimas de maltrato psicof\u00edsico; 134, maltrato ps\u00edquico y sexual; 21, de agresiones sexuales y 3 de tr\u00e1fico de mujeres.[\/vc_column_text][vc_column_text css_animation=\u00bbfadeIn\u00bb]Respecto al Programa de atenci\u00f3n psicol\u00f3gica para hijos\/hijas de mujeres v\u00edctimas de violencia de g\u00e9nero, 47 son hijos\/hijas de mujeres v\u00edctimas de violencia de g\u00e9nero y se han llevado a cabo un total de 130 sesiones de tratamiento.<\/p>\n<p>En cuanto al Programa de asesoramiento y atenci\u00f3n a la mujer, en 2021 se asistieron a 82 usuarias y en 2020, 70. En el de orientaci\u00f3n sociolaboral se atendieron 34 el a\u00f1o pasado y 31, en 2020.[\/vc_column_text][\/vc_column][vc_column column_padding=\u00bbpadding-5-percent\u00bb column_padding_tablet=\u00bbinherit\u00bb column_padding_phone=\u00bbinherit\u00bb column_padding_position=\u00bbleft\u00bb column_element_spacing=\u00bbdefault\u00bb background_color_opacity=\u00bb1&#8243; background_hover_color_opacity=\u00bb1&#8243; column_shadow=\u00bbnone\u00bb column_border_radius=\u00bbnone\u00bb column_link_target=\u00bb_self\u00bb gradient_direction=\u00bbleft_to_right\u00bb overlay_strength=\u00bb0.3&#8243; width=\u00bb1\/2&#8243; tablet_width_inherit=\u00bbdefault\u00bb tablet_text_alignment=\u00bbdefault\u00bb phone_text_alignment=\u00bbdefault\u00bb bg_image_animation=\u00bbnone\u00bb border_type=\u00bbsimple\u00bb column_border_width=\u00bbnone\u00bb column_border_style=\u00bbsolid\u00bb][image_with_animation image_url=\u00bb3992&#8243; animation=\u00bbFade In\u00bb hover_animation=\u00bbnone\u00bb alignment=\u00bb\u00bb border_radius=\u00bbnone\u00bb box_shadow=\u00bbnone\u00bb image_loading=\u00bbdefault\u00bb max_width=\u00bb100%\u00bb max_width_mobile=\u00bbdefault\u00bb][vc_custom_heading text=\u00bbDescargas\u00bb css=\u00bb.vc_custom_1651747185010{padding-top: 40px !important;padding-bottom: 15px !important;}\u00bb]<div class=\"iwithtext\"><div class=\"iwt-icon\"> <i class=\"icon-default-style fa fa-file-pdf-o accent-color\"><\/i> <\/div><div class=\"iwt-text\"> <a href=\"https:\/\/www.conselldeivissa.es\/buscador?p_p_id=com_liferay_portal_search_web_portlet_SearchPortlet&amp;p_p_lifecycle=0&amp;p_p_state=maximized&amp;p_p_mode=view&amp;_com_liferay_portal_search_web_portlet_SearchPortlet_mvcPath=%2Fview_content.jsp&amp;_com_liferay_portal_search_web_portlet_SearchPortlet_assetEntryId=265742&amp;_com_liferay_portal_search_web_portlet_SearchPortlet_type=content&amp;p_l_back_url=https%3A%2F%2Fwww.conselldeivissa.es%2Fbuscador%3Fp_p_id%3Dcom_liferay_portal_search_web_portlet_SearchPortlet%26p_p_lifecycle%3D0%26p_p_state%3Dnormal%26p_p_mode%3Dview%26_com_liferay_portal_search_web_portlet_SearchPortlet_mvcPath%3D%252Fsearch.jsp%26_com_liferay_portal_search_web_portlet_SearchPortlet_mvcPath%3D%252Fsearch.jsp%26_com_liferay_portal_search_web_portlet_SearchPortlet_keywords%3DDia%2BInternacional%2Bde%2Bla%2BViol%25C3%25A8ncia%2Bde%2BG%25C3%25A8nere%2B%26_com_liferay_portal_search_web_portlet_SearchPortlet_keywords%3DDia%2BInternacional%2Bde%2Bla%2BViol%25C3%25A8ncia%2Bde%2BG%25C3%25A8nere%2B\" target=\"_blank\" rel=\"noopener\">Cartel: D\u00eda Internacional de la Mujer 2022<\/a> <\/div><div class=\"clear\"><\/div><\/div>[\/vc_column][\/vc_row]\n","protected":false},"excerpt":{"rendered":"<p>[vc_row type=\u00bbin_container\u00bb full_screen_row_position=\u00bbmiddle\u00bb column_margin=\u00bbdefault\u00bb column_direction=\u00bbdefault\u00bb column_direction_tablet=\u00bbdefault\u00bb column_direction_phone=\u00bbdefault\u00bb scene_position=\u00bbcenter\u00bb text_color=\u00bbdark\u00bb text_align=\u00bbleft\u00bb row_border_radius=\u00bbnone\u00bb row_border_radius_applies=\u00bbbg\u00bb overlay_strength=\u00bb0.3&#8243; gradient_direction=\u00bbleft_to_right\u00bb shape_divider_position=\u00bbbottom\u00bb bg_image_animation=\u00bbnone\u00bb][vc_column column_padding=\u00bbno-extra-padding\u00bb column_padding_tablet=\u00bbinherit\u00bb column_padding_phone=\u00bbinherit\u00bb column_padding_position=\u00bball\u00bb column_element_spacing=\u00bbdefault\u00bb background_color_opacity=\u00bb1&#8243; background_hover_color_opacity=\u00bb1&#8243; column_shadow=\u00bbnone\u00bb column_border_radius=\u00bbnone\u00bb column_link_target=\u00bb_self\u00bb gradient_direction=\u00bbleft_to_right\u00bb overlay_strength=\u00bb0.3&#8243; width=\u00bb1\/2&#8243; tablet_width_inherit=\u00bbdefault\u00bb&#8230;<\/p>\n","protected":false},"author":4,"featured_media":0,"parent":4049,"menu_order":0,"comment_status":"closed","ping_status":"closed","template":"page-child.php","meta":{"footnotes":""},"tags":[],"class_list":["post-4395","page","type-page","status-publish"],"yoast_head":"<!-- This site is optimized with the Yoast SEO plugin v18.4.1 - https:\/\/yoast.com\/wordpress\/plugins\/seo\/ -->\n<title>D\u00eda Internacional de la Mujer 2022 - IDIS. Igualdad, Diversidad, Inclusi\u00f3n y Salud<\/title>\n<meta name=\"robots\" content=\"index, follow, max-snippet:-1, max-image-preview:large, max-video-preview:-1\" \/>\n<link rel=\"canonical\" href=\"https:\/\/idis.conselldeivissa.es\/es\/igualdad\/recursos-multimedia\/dia-internacional-de-la-mujer-2022\/\" \/>\n<meta property=\"og:locale\" content=\"es_ES\" \/>\n<meta property=\"og:type\" content=\"article\" \/>\n<meta property=\"og:title\" content=\"D\u00eda Internacional de la Mujer 2022 - IDIS. Igualdad, Diversidad, Inclusi\u00f3n y Salud\" \/>\n<meta property=\"og:description\" content=\"[vc_row type=\u00bbin_container\u00bb full_screen_row_position=\u00bbmiddle\u00bb column_margin=\u00bbdefault\u00bb column_direction=\u00bbdefault\u00bb column_direction_tablet=\u00bbdefault\u00bb column_direction_phone=\u00bbdefault\u00bb scene_position=\u00bbcenter\u00bb text_color=\u00bbdark\u00bb text_align=\u00bbleft\u00bb row_border_radius=\u00bbnone\u00bb row_border_radius_applies=\u00bbbg\u00bb overlay_strength=\u00bb0.3&#8243; gradient_direction=\u00bbleft_to_right\u00bb shape_divider_position=\u00bbbottom\u00bb bg_image_animation=\u00bbnone\u00bb][vc_column column_padding=\u00bbno-extra-padding\u00bb column_padding_tablet=\u00bbinherit\u00bb column_padding_phone=\u00bbinherit\u00bb column_padding_position=\u00bball\u00bb column_element_spacing=\u00bbdefault\u00bb background_color_opacity=\u00bb1&#8243; background_hover_color_opacity=\u00bb1&#8243; column_shadow=\u00bbnone\u00bb column_border_radius=\u00bbnone\u00bb column_link_target=\u00bb_self\u00bb gradient_direction=\u00bbleft_to_right\u00bb overlay_strength=\u00bb0.3&#8243; width=\u00bb1\/2&#8243; tablet_width_inherit=\u00bbdefault\u00bb...\" \/>\n<meta property=\"og:url\" content=\"https:\/\/idis.conselldeivissa.es\/es\/igualdad\/recursos-multimedia\/dia-internacional-de-la-mujer-2022\/\" \/>\n<meta property=\"og:site_name\" content=\"IDIS. Igualdad, Diversidad, Inclusi\u00f3n y Salud\" \/>\n<meta property=\"article:modified_time\" content=\"2022-05-12T11:59:18+00:00\" \/>\n<meta name=\"twitter:card\" content=\"summary_large_image\" \/>\n<meta name=\"twitter:label1\" content=\"Tiempo de lectura\" \/>\n\t<meta name=\"twitter:data1\" content=\"5 minutos\" \/>\n<script type=\"application\/ld+json\" class=\"yoast-schema-graph\">{\"@context\":\"https:\/\/schema.org\",\"@graph\":[{\"@type\":\"WebSite\",\"@id\":\"https:\/\/idis.conselldeivissa.es\/#website\",\"url\":\"https:\/\/idis.conselldeivissa.es\/\",\"name\":\"IDIS. Igualdad, Diversidad, Inclusi\u00f3n y Salud\",\"description\":\"Consell Insular d&#039;Eivissa\",\"potentialAction\":[{\"@type\":\"SearchAction\",\"target\":{\"@type\":\"EntryPoint\",\"urlTemplate\":\"https:\/\/idis.conselldeivissa.es\/?s={search_term_string}\"},\"query-input\":\"required name=search_term_string\"}],\"inLanguage\":\"es\"},{\"@type\":\"WebPage\",\"@id\":\"https:\/\/idis.conselldeivissa.es\/es\/igualdad\/recursos-multimedia\/dia-internacional-de-la-mujer-2022\/#webpage\",\"url\":\"https:\/\/idis.conselldeivissa.es\/es\/igualdad\/recursos-multimedia\/dia-internacional-de-la-mujer-2022\/\",\"name\":\"D\u00eda Internacional de la Mujer 2022 - IDIS. Igualdad, Diversidad, Inclusi\u00f3n y Salud\",\"isPartOf\":{\"@id\":\"https:\/\/idis.conselldeivissa.es\/#website\"},\"datePublished\":\"2022-05-05T09:22:14+00:00\",\"dateModified\":\"2022-05-12T11:59:18+00:00\",\"breadcrumb\":{\"@id\":\"https:\/\/idis.conselldeivissa.es\/es\/igualdad\/recursos-multimedia\/dia-internacional-de-la-mujer-2022\/#breadcrumb\"},\"inLanguage\":\"es\",\"potentialAction\":[{\"@type\":\"ReadAction\",\"target\":[\"https:\/\/idis.conselldeivissa.es\/es\/igualdad\/recursos-multimedia\/dia-internacional-de-la-mujer-2022\/\"]}]},{\"@type\":\"BreadcrumbList\",\"@id\":\"https:\/\/idis.conselldeivissa.es\/es\/igualdad\/recursos-multimedia\/dia-internacional-de-la-mujer-2022\/#breadcrumb\",\"itemListElement\":[{\"@type\":\"ListItem\",\"position\":1,\"name\":\"Inici\",\"item\":\"https:\/\/idis.conselldeivissa.es\/es\/\"},{\"@type\":\"ListItem\",\"position\":2,\"name\":\"Igualdad\",\"item\":\"https:\/\/idis.conselldeivissa.es\/es\/igualdad\/\"},{\"@type\":\"ListItem\",\"position\":3,\"name\":\"Recursos Multimedia\",\"item\":\"https:\/\/idis.conselldeivissa.es\/es\/igualdad\/recursos-multimedia\/\"},{\"@type\":\"ListItem\",\"position\":4,\"name\":\"D\u00eda Internacional de la Mujer 2022\"}]}]}<\/script>\n<!-- \/ Yoast SEO plugin. -->","yoast_head_json":{"title":"D\u00eda Internacional de la Mujer 2022 - IDIS. Igualdad, Diversidad, Inclusi\u00f3n y Salud","robots":{"index":"index","follow":"follow","max-snippet":"max-snippet:-1","max-image-preview":"max-image-preview:large","max-video-preview":"max-video-preview:-1"},"canonical":"https:\/\/idis.conselldeivissa.es\/es\/igualdad\/recursos-multimedia\/dia-internacional-de-la-mujer-2022\/","og_locale":"es_ES","og_type":"article","og_title":"D\u00eda Internacional de la Mujer 2022 - IDIS. Igualdad, Diversidad, Inclusi\u00f3n y Salud","og_description":"[vc_row type=\u00bbin_container\u00bb full_screen_row_position=\u00bbmiddle\u00bb column_margin=\u00bbdefault\u00bb column_direction=\u00bbdefault\u00bb column_direction_tablet=\u00bbdefault\u00bb column_direction_phone=\u00bbdefault\u00bb scene_position=\u00bbcenter\u00bb text_color=\u00bbdark\u00bb text_align=\u00bbleft\u00bb row_border_radius=\u00bbnone\u00bb row_border_radius_applies=\u00bbbg\u00bb overlay_strength=\u00bb0.3&#8243; gradient_direction=\u00bbleft_to_right\u00bb shape_divider_position=\u00bbbottom\u00bb bg_image_animation=\u00bbnone\u00bb][vc_column column_padding=\u00bbno-extra-padding\u00bb column_padding_tablet=\u00bbinherit\u00bb column_padding_phone=\u00bbinherit\u00bb column_padding_position=\u00bball\u00bb column_element_spacing=\u00bbdefault\u00bb background_color_opacity=\u00bb1&#8243; background_hover_color_opacity=\u00bb1&#8243; column_shadow=\u00bbnone\u00bb column_border_radius=\u00bbnone\u00bb column_link_target=\u00bb_self\u00bb gradient_direction=\u00bbleft_to_right\u00bb overlay_strength=\u00bb0.3&#8243; width=\u00bb1\/2&#8243; tablet_width_inherit=\u00bbdefault\u00bb...","og_url":"https:\/\/idis.conselldeivissa.es\/es\/igualdad\/recursos-multimedia\/dia-internacional-de-la-mujer-2022\/","og_site_name":"IDIS. Igualdad, Diversidad, Inclusi\u00f3n y Salud","article_modified_time":"2022-05-12T11:59:18+00:00","twitter_card":"summary_large_image","twitter_misc":{"Tiempo de lectura":"5 minutos"},"schema":{"@context":"https:\/\/schema.org","@graph":[{"@type":"WebSite","@id":"https:\/\/idis.conselldeivissa.es\/#website","url":"https:\/\/idis.conselldeivissa.es\/","name":"IDIS. Igualdad, Diversidad, Inclusi\u00f3n y Salud","description":"Consell Insular d&#039;Eivissa","potentialAction":[{"@type":"SearchAction","target":{"@type":"EntryPoint","urlTemplate":"https:\/\/idis.conselldeivissa.es\/?s={search_term_string}"},"query-input":"required name=search_term_string"}],"inLanguage":"es"},{"@type":"WebPage","@id":"https:\/\/idis.conselldeivissa.es\/es\/igualdad\/recursos-multimedia\/dia-internacional-de-la-mujer-2022\/#webpage","url":"https:\/\/idis.conselldeivissa.es\/es\/igualdad\/recursos-multimedia\/dia-internacional-de-la-mujer-2022\/","name":"D\u00eda Internacional de la Mujer 2022 - IDIS. Igualdad, Diversidad, Inclusi\u00f3n y Salud","isPartOf":{"@id":"https:\/\/idis.conselldeivissa.es\/#website"},"datePublished":"2022-05-05T09:22:14+00:00","dateModified":"2022-05-12T11:59:18+00:00","breadcrumb":{"@id":"https:\/\/idis.conselldeivissa.es\/es\/igualdad\/recursos-multimedia\/dia-internacional-de-la-mujer-2022\/#breadcrumb"},"inLanguage":"es","potentialAction":[{"@type":"ReadAction","target":["https:\/\/idis.conselldeivissa.es\/es\/igualdad\/recursos-multimedia\/dia-internacional-de-la-mujer-2022\/"]}]},{"@type":"BreadcrumbList","@id":"https:\/\/idis.conselldeivissa.es\/es\/igualdad\/recursos-multimedia\/dia-internacional-de-la-mujer-2022\/#breadcrumb","itemListElement":[{"@type":"ListItem","position":1,"name":"Inici","item":"https:\/\/idis.conselldeivissa.es\/es\/"},{"@type":"ListItem","position":2,"name":"Igualdad","item":"https:\/\/idis.conselldeivissa.es\/es\/igualdad\/"},{"@type":"ListItem","position":3,"name":"Recursos Multimedia","item":"https:\/\/idis.conselldeivissa.es\/es\/igualdad\/recursos-multimedia\/"},{"@type":"ListItem","position":4,"name":"D\u00eda Internacional de la Mujer 2022"}]}]}},"acf":[],"_links":{"self":[{"href":"https:\/\/idis.conselldeivissa.es\/es\/wp-json\/wp\/v2\/pages\/4395","targetHints":{"allow":["GET"]}}],"collection":[{"href":"https:\/\/idis.conselldeivissa.es\/es\/wp-json\/wp\/v2\/pages"}],"about":[{"href":"https:\/\/idis.conselldeivissa.es\/es\/wp-json\/wp\/v2\/types\/page"}],"author":[{"embeddable":true,"href":"https:\/\/idis.conselldeivissa.es\/es\/wp-json\/wp\/v2\/users\/4"}],"replies":[{"embeddable":true,"href":"https:\/\/idis.conselldeivissa.es\/es\/wp-json\/wp\/v2\/comments?post=4395"}],"version-history":[{"count":7,"href":"https:\/\/idis.conselldeivissa.es\/es\/wp-json\/wp\/v2\/pages\/4395\/revisions"}],"predecessor-version":[{"id":4686,"href":"https:\/\/idis.conselldeivissa.es\/es\/wp-json\/wp\/v2\/pages\/4395\/revisions\/4686"}],"up":[{"embeddable":true,"href":"https:\/\/idis.conselldeivissa.es\/es\/wp-json\/wp\/v2\/pages\/4049"}],"wp:attachment":[{"href":"https:\/\/idis.conselldeivissa.es\/es\/wp-json\/wp\/v2\/media?parent=4395"}],"wp:term":[{"taxonomy":"post_tag","embeddable":true,"href":"https:\/\/idis.conselldeivissa.es\/es\/wp-json\/wp\/v2\/tags?post=4395"}],"curies":[{"name":"wp","href":"https:\/\/api.w.org\/{rel}","templated":true}]}}