{"id":3400,"date":"2021-11-16T08:12:13","date_gmt":"2021-11-16T07:12:13","guid":{"rendered":"https:\/\/idis.conselldeivissa.es\/salut\/actividades-infantiles\/gimnastica-artistica\/"},"modified":"2022-06-13T13:18:08","modified_gmt":"2022-06-13T11:18:08","slug":"gimnasia-artistica","status":"publish","type":"page","link":"https:\/\/idis.conselldeivissa.es\/es\/salud\/actividades-infantiles\/gimnasia-artistica\/","title":{"rendered":"Gimnasia art\u00edstica"},"content":{"rendered":"[vc_row type=\u00bbin_container\u00bb full_screen_row_position=\u00bbmiddle\u00bb column_margin=\u00bbdefault\u00bb column_direction=\u00bbdefault\u00bb column_direction_tablet=\u00bbdefault\u00bb column_direction_phone=\u00bbdefault\u00bb scene_position=\u00bbcenter\u00bb text_color=\u00bbdark\u00bb text_align=\u00bbleft\u00bb row_border_radius=\u00bbnone\u00bb row_border_radius_applies=\u00bbbg\u00bb overlay_strength=\u00bb0.3&#8243; gradient_direction=\u00bbleft_to_right\u00bb shape_divider_position=\u00bbbottom\u00bb bg_image_animation=\u00bbnone\u00bb][vc_column column_padding=\u00bbno-extra-padding\u00bb column_padding_tablet=\u00bbinherit\u00bb column_padding_phone=\u00bbinherit\u00bb column_padding_position=\u00bball\u00bb column_element_spacing=\u00bbdefault\u00bb background_color_opacity=\u00bb1&#8243; background_hover_color_opacity=\u00bb1&#8243; column_shadow=\u00bbnone\u00bb column_border_radius=\u00bbnone\u00bb column_link_target=\u00bb_self\u00bb gradient_direction=\u00bbleft_to_right\u00bb overlay_strength=\u00bb0.3&#8243; width=\u00bb1\/2&#8243; tablet_width_inherit=\u00bbdefault\u00bb tablet_text_alignment=\u00bbdefault\u00bb phone_text_alignment=\u00bbdefault\u00bb bg_image_animation=\u00bbnone\u00bb border_type=\u00bbsimple\u00bb column_border_width=\u00bbnone\u00bb column_border_style=\u00bbsolid\u00bb][vc_custom_heading source=\u00bbpost_title\u00bb font_container=\u00bbtag:h1|text_align:left|color:%233b164a\u00bb use_theme_fonts=\u00bbyes\u00bb css=\u00bb.vc_custom_1645526443968{padding-bottom: 30px !important;}\u00bb][vc_column_text css_animation=\u00bbfadeIn\u00bb]La gimnasia art\u00edstica consiste en la realizaci\u00f3n de composiciones coreogr\u00e1ficas que combinan velocidad y movimientos corporales. Comenz\u00f3 a ser una disciplina ol\u00edmpica para los hombres en 1896 y femenina a partir de 1928. En competici\u00f3n se puede utilizar un \u00fanico aparato o varios para realizar los movimientos. En este \u00faltimo caso, el\/la gimnasta realiza un ejercicio en cada uno y suma las distintas calificaciones para obtener una puntuaci\u00f3n final.[\/vc_column_text][\/vc_column][vc_column column_padding=\u00bbpadding-5-percent\u00bb column_padding_tablet=\u00bbinherit\u00bb column_padding_phone=\u00bbinherit\u00bb column_padding_position=\u00bbleft\u00bb column_element_spacing=\u00bbdefault\u00bb background_color_opacity=\u00bb1&#8243; background_hover_color_opacity=\u00bb1&#8243; column_shadow=\u00bbnone\u00bb column_border_radius=\u00bbnone\u00bb column_link_target=\u00bb_self\u00bb gradient_direction=\u00bbleft_to_right\u00bb overlay_strength=\u00bb0.3&#8243; width=\u00bb1\/2&#8243; tablet_width_inherit=\u00bbdefault\u00bb tablet_text_alignment=\u00bbdefault\u00bb phone_text_alignment=\u00bbdefault\u00bb bg_image_animation=\u00bbnone\u00bb border_type=\u00bbsimple\u00bb column_border_width=\u00bbnone\u00bb column_border_style=\u00bbsolid\u00bb][image_with_animation image_url=\u00bb2632&#8243; animation=\u00bbFade In\u00bb hover_animation=\u00bbnone\u00bb alignment=\u00bb\u00bb border_radius=\u00bbnone\u00bb box_shadow=\u00bbnone\u00bb image_loading=\u00bbdefault\u00bb max_width=\u00bb100%\u00bb max_width_mobile=\u00bbdefault\u00bb][vc_custom_heading text=\u00bbInformaci\u00f3n y atenci\u00f3n\u00bb][vc_raw_html]JTNDZGl2JTNFJTBBJTNDc3Ryb25nJTNFQ29udGFjdG8lM0ElMjAlM0MlMkZiciUzRSUzQyUyRnN0cm9uZyUzRSUwQSUzQ3N0cm9uZyUzRVRlbCVDMyVBOWZvbm8lM0ElM0MlMkZzdHJvbmclM0UlMjA5NzElMjAzMTMlMjA1NTAlMjAlM0MlMkZiciUzRSUwQSUzQyUyRmRpdiUzRSUwQSUwQSUzQ2RpdiUyMGNsYXNzJTNEJTIyaG9yYXJpJTIyJTNFJTBBJTNDc3Ryb25nJTNFSG9yYXJpbyUzQSUyMCUzQyUyRmJyJTNFJTIwJTNDJTJGc3Ryb25nJTNFJTBBTHVuZXMlMjB5JTIwbWklQzMlQTlyY29sZXMlMkMlMjBkZSUyMDE2LjAwJTIwYSUyMDE3LjAwJTIwaCUyMCUyODFlciUyMG5pdmVsJTI5JTNDJTJGYnIlM0UlMjAlMEFNYXJ0ZXMlMjB5JTIwanVldmVzJTJDJTIwZGUlMjAxNi4wMCUyMGElMjAxNy4wMCUyMGglMjAlMjgyJUMyJUJBJTIwbml2ZWwlMjklM0MlMkZiciUzRSUyMCUwQSUzQ3N0cm9uZyUzRUN1b3RhJTIwbWVuc3VhbCUzQSUyMDEyJTIwZXVyb3MlM0MlMkZiciUzRSUyMCUzQyUyRnN0cm9uZyUzRSUyMCUwQSUzQyUyRmRpdiUzRQ==[\/vc_raw_html][divider line_type=\u00bbSmall Line\u00bb line_alignment=\u00bbdefault\u00bb line_thickness=\u00bb1&#8243; divider_color=\u00bbdefault\u00bb][vc_custom_heading text=\u00bbDescargas\u00bb font_container=\u00bbtag:h2|text_align:left|color:%233b164a\u00bb use_theme_fonts=\u00bbyes\u00bb css=\u00bb.vc_custom_1643891690804{padding-bottom: 15px !important;}\u00bb]<div class=\"iwithtext\"><div class=\"iwt-icon\"> <i class=\"icon-default-style fa fa-file-pdf-o accent-color\"><\/i> <\/div><div class=\"iwt-text\"> <a href=\"https:\/\/idis.conselldeivissa.es\/wp-content\/uploads\/2021\/11\/INFORMACIO-ACTIVITATS-PAVELLO.pdf\" target=\"_blank\" rel=\"noopener noreferrer\">Actividades en el pabell\u00f3n\u00a0 Sa Blanca Dona<\/a> <\/div><div class=\"clear\"><\/div><\/div>[\/vc_column][\/vc_row]\n","protected":false},"excerpt":{"rendered":"<p>[vc_row type=\u00bbin_container\u00bb full_screen_row_position=\u00bbmiddle\u00bb column_margin=\u00bbdefault\u00bb column_direction=\u00bbdefault\u00bb column_direction_tablet=\u00bbdefault\u00bb column_direction_phone=\u00bbdefault\u00bb scene_position=\u00bbcenter\u00bb text_color=\u00bbdark\u00bb text_align=\u00bbleft\u00bb row_border_radius=\u00bbnone\u00bb row_border_radius_applies=\u00bbbg\u00bb overlay_strength=\u00bb0.3&#8243; gradient_direction=\u00bbleft_to_right\u00bb shape_divider_position=\u00bbbottom\u00bb bg_image_animation=\u00bbnone\u00bb][vc_column column_padding=\u00bbno-extra-padding\u00bb column_padding_tablet=\u00bbinherit\u00bb column_padding_phone=\u00bbinherit\u00bb column_padding_position=\u00bball\u00bb column_element_spacing=\u00bbdefault\u00bb background_color_opacity=\u00bb1&#8243; background_hover_color_opacity=\u00bb1&#8243; column_shadow=\u00bbnone\u00bb column_border_radius=\u00bbnone\u00bb column_link_target=\u00bb_self\u00bb gradient_direction=\u00bbleft_to_right\u00bb overlay_strength=\u00bb0.3&#8243; width=\u00bb1\/2&#8243; tablet_width_inherit=\u00bbdefault\u00bb&#8230;<\/p>\n","protected":false},"author":5,"featured_media":0,"parent":3353,"menu_order":0,"comment_status":"closed","ping_status":"closed","template":"page-child.php","meta":{"footnotes":""},"tags":[],"class_list":["post-3400","page","type-page","status-publish"],"yoast_head":"<!-- This site is optimized with the Yoast SEO plugin v18.4.1 - https:\/\/yoast.com\/wordpress\/plugins\/seo\/ -->\n<title>Gimnasia art\u00edstica - IDIS. Igualdad, Diversidad, Inclusi\u00f3n y Salud<\/title>\n<meta name=\"robots\" content=\"index, follow, max-snippet:-1, max-image-preview:large, max-video-preview:-1\" \/>\n<link rel=\"canonical\" href=\"https:\/\/idis.conselldeivissa.es\/es\/salud\/actividades-infantiles\/gimnasia-artistica\/\" \/>\n<meta property=\"og:locale\" content=\"es_ES\" \/>\n<meta property=\"og:type\" content=\"article\" \/>\n<meta property=\"og:title\" content=\"Gimnasia art\u00edstica - IDIS. Igualdad, Diversidad, Inclusi\u00f3n y Salud\" \/>\n<meta property=\"og:description\" content=\"[vc_row type=\u00bbin_container\u00bb full_screen_row_position=\u00bbmiddle\u00bb column_margin=\u00bbdefault\u00bb column_direction=\u00bbdefault\u00bb column_direction_tablet=\u00bbdefault\u00bb column_direction_phone=\u00bbdefault\u00bb scene_position=\u00bbcenter\u00bb text_color=\u00bbdark\u00bb text_align=\u00bbleft\u00bb row_border_radius=\u00bbnone\u00bb row_border_radius_applies=\u00bbbg\u00bb overlay_strength=\u00bb0.3&#8243; gradient_direction=\u00bbleft_to_right\u00bb shape_divider_position=\u00bbbottom\u00bb bg_image_animation=\u00bbnone\u00bb][vc_column column_padding=\u00bbno-extra-padding\u00bb column_padding_tablet=\u00bbinherit\u00bb column_padding_phone=\u00bbinherit\u00bb column_padding_position=\u00bball\u00bb column_element_spacing=\u00bbdefault\u00bb background_color_opacity=\u00bb1&#8243; background_hover_color_opacity=\u00bb1&#8243; column_shadow=\u00bbnone\u00bb column_border_radius=\u00bbnone\u00bb column_link_target=\u00bb_self\u00bb gradient_direction=\u00bbleft_to_right\u00bb overlay_strength=\u00bb0.3&#8243; width=\u00bb1\/2&#8243; tablet_width_inherit=\u00bbdefault\u00bb...\" \/>\n<meta property=\"og:url\" content=\"https:\/\/idis.conselldeivissa.es\/es\/salud\/actividades-infantiles\/gimnasia-artistica\/\" \/>\n<meta property=\"og:site_name\" content=\"IDIS. Igualdad, Diversidad, Inclusi\u00f3n y Salud\" \/>\n<meta property=\"article:modified_time\" content=\"2022-06-13T11:18:08+00:00\" \/>\n<meta name=\"twitter:card\" content=\"summary_large_image\" \/>\n<meta name=\"twitter:label1\" content=\"Tiempo de lectura\" \/>\n\t<meta name=\"twitter:data1\" content=\"1 minuto\" \/>\n<script type=\"application\/ld+json\" class=\"yoast-schema-graph\">{\"@context\":\"https:\/\/schema.org\",\"@graph\":[{\"@type\":\"WebSite\",\"@id\":\"https:\/\/idis.conselldeivissa.es\/#website\",\"url\":\"https:\/\/idis.conselldeivissa.es\/\",\"name\":\"IDIS. Igualdad, Diversidad, Inclusi\u00f3n y Salud\",\"description\":\"Consell Insular d&#039;Eivissa\",\"potentialAction\":[{\"@type\":\"SearchAction\",\"target\":{\"@type\":\"EntryPoint\",\"urlTemplate\":\"https:\/\/idis.conselldeivissa.es\/?s={search_term_string}\"},\"query-input\":\"required name=search_term_string\"}],\"inLanguage\":\"es\"},{\"@type\":\"WebPage\",\"@id\":\"https:\/\/idis.conselldeivissa.es\/es\/salud\/actividades-infantiles\/gimnasia-artistica\/#webpage\",\"url\":\"https:\/\/idis.conselldeivissa.es\/es\/salud\/actividades-infantiles\/gimnasia-artistica\/\",\"name\":\"Gimnasia art\u00edstica - IDIS. Igualdad, Diversidad, Inclusi\u00f3n y Salud\",\"isPartOf\":{\"@id\":\"https:\/\/idis.conselldeivissa.es\/#website\"},\"datePublished\":\"2021-11-16T07:12:13+00:00\",\"dateModified\":\"2022-06-13T11:18:08+00:00\",\"breadcrumb\":{\"@id\":\"https:\/\/idis.conselldeivissa.es\/es\/salud\/actividades-infantiles\/gimnasia-artistica\/#breadcrumb\"},\"inLanguage\":\"es\",\"potentialAction\":[{\"@type\":\"ReadAction\",\"target\":[\"https:\/\/idis.conselldeivissa.es\/es\/salud\/actividades-infantiles\/gimnasia-artistica\/\"]}]},{\"@type\":\"BreadcrumbList\",\"@id\":\"https:\/\/idis.conselldeivissa.es\/es\/salud\/actividades-infantiles\/gimnasia-artistica\/#breadcrumb\",\"itemListElement\":[{\"@type\":\"ListItem\",\"position\":1,\"name\":\"Inici\",\"item\":\"https:\/\/idis.conselldeivissa.es\/es\/\"},{\"@type\":\"ListItem\",\"position\":2,\"name\":\"Salud\",\"item\":\"https:\/\/idis.conselldeivissa.es\/es\/salud\/\"},{\"@type\":\"ListItem\",\"position\":3,\"name\":\"Actividades infantiles y juveniles\",\"item\":\"https:\/\/idis.conselldeivissa.es\/es\/salud\/actividades-infantiles\/\"},{\"@type\":\"ListItem\",\"position\":4,\"name\":\"Gimnasia art\u00edstica\"}]}]}<\/script>\n<!-- \/ Yoast SEO plugin. -->","yoast_head_json":{"title":"Gimnasia art\u00edstica - IDIS. Igualdad, Diversidad, Inclusi\u00f3n y Salud","robots":{"index":"index","follow":"follow","max-snippet":"max-snippet:-1","max-image-preview":"max-image-preview:large","max-video-preview":"max-video-preview:-1"},"canonical":"https:\/\/idis.conselldeivissa.es\/es\/salud\/actividades-infantiles\/gimnasia-artistica\/","og_locale":"es_ES","og_type":"article","og_title":"Gimnasia art\u00edstica - IDIS. Igualdad, Diversidad, Inclusi\u00f3n y Salud","og_description":"[vc_row type=\u00bbin_container\u00bb full_screen_row_position=\u00bbmiddle\u00bb column_margin=\u00bbdefault\u00bb column_direction=\u00bbdefault\u00bb column_direction_tablet=\u00bbdefault\u00bb column_direction_phone=\u00bbdefault\u00bb scene_position=\u00bbcenter\u00bb text_color=\u00bbdark\u00bb text_align=\u00bbleft\u00bb row_border_radius=\u00bbnone\u00bb row_border_radius_applies=\u00bbbg\u00bb overlay_strength=\u00bb0.3&#8243; gradient_direction=\u00bbleft_to_right\u00bb shape_divider_position=\u00bbbottom\u00bb bg_image_animation=\u00bbnone\u00bb][vc_column column_padding=\u00bbno-extra-padding\u00bb column_padding_tablet=\u00bbinherit\u00bb column_padding_phone=\u00bbinherit\u00bb column_padding_position=\u00bball\u00bb column_element_spacing=\u00bbdefault\u00bb background_color_opacity=\u00bb1&#8243; background_hover_color_opacity=\u00bb1&#8243; column_shadow=\u00bbnone\u00bb column_border_radius=\u00bbnone\u00bb column_link_target=\u00bb_self\u00bb gradient_direction=\u00bbleft_to_right\u00bb overlay_strength=\u00bb0.3&#8243; width=\u00bb1\/2&#8243; tablet_width_inherit=\u00bbdefault\u00bb...","og_url":"https:\/\/idis.conselldeivissa.es\/es\/salud\/actividades-infantiles\/gimnasia-artistica\/","og_site_name":"IDIS. Igualdad, Diversidad, Inclusi\u00f3n y Salud","article_modified_time":"2022-06-13T11:18:08+00:00","twitter_card":"summary_large_image","twitter_misc":{"Tiempo de lectura":"1 minuto"},"schema":{"@context":"https:\/\/schema.org","@graph":[{"@type":"WebSite","@id":"https:\/\/idis.conselldeivissa.es\/#website","url":"https:\/\/idis.conselldeivissa.es\/","name":"IDIS. Igualdad, Diversidad, Inclusi\u00f3n y Salud","description":"Consell Insular d&#039;Eivissa","potentialAction":[{"@type":"SearchAction","target":{"@type":"EntryPoint","urlTemplate":"https:\/\/idis.conselldeivissa.es\/?s={search_term_string}"},"query-input":"required name=search_term_string"}],"inLanguage":"es"},{"@type":"WebPage","@id":"https:\/\/idis.conselldeivissa.es\/es\/salud\/actividades-infantiles\/gimnasia-artistica\/#webpage","url":"https:\/\/idis.conselldeivissa.es\/es\/salud\/actividades-infantiles\/gimnasia-artistica\/","name":"Gimnasia art\u00edstica - IDIS. Igualdad, Diversidad, Inclusi\u00f3n y Salud","isPartOf":{"@id":"https:\/\/idis.conselldeivissa.es\/#website"},"datePublished":"2021-11-16T07:12:13+00:00","dateModified":"2022-06-13T11:18:08+00:00","breadcrumb":{"@id":"https:\/\/idis.conselldeivissa.es\/es\/salud\/actividades-infantiles\/gimnasia-artistica\/#breadcrumb"},"inLanguage":"es","potentialAction":[{"@type":"ReadAction","target":["https:\/\/idis.conselldeivissa.es\/es\/salud\/actividades-infantiles\/gimnasia-artistica\/"]}]},{"@type":"BreadcrumbList","@id":"https:\/\/idis.conselldeivissa.es\/es\/salud\/actividades-infantiles\/gimnasia-artistica\/#breadcrumb","itemListElement":[{"@type":"ListItem","position":1,"name":"Inici","item":"https:\/\/idis.conselldeivissa.es\/es\/"},{"@type":"ListItem","position":2,"name":"Salud","item":"https:\/\/idis.conselldeivissa.es\/es\/salud\/"},{"@type":"ListItem","position":3,"name":"Actividades infantiles y juveniles","item":"https:\/\/idis.conselldeivissa.es\/es\/salud\/actividades-infantiles\/"},{"@type":"ListItem","position":4,"name":"Gimnasia art\u00edstica"}]}]}},"acf":[],"_links":{"self":[{"href":"https:\/\/idis.conselldeivissa.es\/es\/wp-json\/wp\/v2\/pages\/3400","targetHints":{"allow":["GET"]}}],"collection":[{"href":"https:\/\/idis.conselldeivissa.es\/es\/wp-json\/wp\/v2\/pages"}],"about":[{"href":"https:\/\/idis.conselldeivissa.es\/es\/wp-json\/wp\/v2\/types\/page"}],"author":[{"embeddable":true,"href":"https:\/\/idis.conselldeivissa.es\/es\/wp-json\/wp\/v2\/users\/5"}],"replies":[{"embeddable":true,"href":"https:\/\/idis.conselldeivissa.es\/es\/wp-json\/wp\/v2\/comments?post=3400"}],"version-history":[{"count":5,"href":"https:\/\/idis.conselldeivissa.es\/es\/wp-json\/wp\/v2\/pages\/3400\/revisions"}],"predecessor-version":[{"id":5068,"href":"https:\/\/idis.conselldeivissa.es\/es\/wp-json\/wp\/v2\/pages\/3400\/revisions\/5068"}],"up":[{"embeddable":true,"href":"https:\/\/idis.conselldeivissa.es\/es\/wp-json\/wp\/v2\/pages\/3353"}],"wp:attachment":[{"href":"https:\/\/idis.conselldeivissa.es\/es\/wp-json\/wp\/v2\/media?parent=3400"}],"wp:term":[{"taxonomy":"post_tag","embeddable":true,"href":"https:\/\/idis.conselldeivissa.es\/es\/wp-json\/wp\/v2\/tags?post=3400"}],"curies":[{"name":"wp","href":"https:\/\/api.w.org\/{rel}","templated":true}]}}