{"id":3385,"date":"2021-09-28T17:22:00","date_gmt":"2021-09-28T15:22:00","guid":{"rendered":"https:\/\/idis.conselldeivissa.es\/salut\/cepca\/programes-educatius\/en-parlam\/"},"modified":"2022-06-14T12:42:33","modified_gmt":"2022-06-14T10:42:33","slug":"hablamos","status":"publish","type":"page","link":"https:\/\/idis.conselldeivissa.es\/es\/salud\/cepca\/programas-educativos\/hablamos\/","title":{"rendered":"\u00abEn Parlam?\u00bb"},"content":{"rendered":"[vc_row type=\u00bbin_container\u00bb full_screen_row_position=\u00bbmiddle\u00bb column_margin=\u00bbdefault\u00bb column_direction=\u00bbdefault\u00bb column_direction_tablet=\u00bbdefault\u00bb column_direction_phone=\u00bbdefault\u00bb scene_position=\u00bbcenter\u00bb right_padding_tablet=\u00bb0&#8243; right_padding_phone=\u00bb0&#8243; text_color=\u00bbdark\u00bb text_align=\u00bbleft\u00bb row_border_radius=\u00bbnone\u00bb row_border_radius_applies=\u00bbbg\u00bb overlay_strength=\u00bb0.3&#8243; gradient_direction=\u00bbleft_to_right\u00bb shape_divider_position=\u00bbbottom\u00bb bg_image_animation=\u00bbnone\u00bb shape_type=\u00bb\u00bb][vc_column column_padding=\u00bbno-extra-padding\u00bb column_padding_tablet=\u00bbinherit\u00bb column_padding_phone=\u00bbinherit\u00bb column_padding_position=\u00bball\u00bb column_element_spacing=\u00bbdefault\u00bb background_color_opacity=\u00bb1&#8243; background_hover_color_opacity=\u00bb1&#8243; column_shadow=\u00bbnone\u00bb column_border_radius=\u00bbnone\u00bb column_link_target=\u00bb_self\u00bb gradient_direction=\u00bbleft_to_right\u00bb overlay_strength=\u00bb0.3&#8243; width=\u00bb1\/2&#8243; tablet_width_inherit=\u00bbdefault\u00bb tablet_text_alignment=\u00bbdefault\u00bb phone_text_alignment=\u00bbdefault\u00bb bg_image_animation=\u00bbnone\u00bb border_type=\u00bbsimple\u00bb column_border_width=\u00bbnone\u00bb column_border_style=\u00bbsolid\u00bb][vc_custom_heading source=\u00bbpost_title\u00bb font_container=\u00bbtag:h1|text_align:left|color:%233b164a\u00bb use_theme_fonts=\u00bbyes\u00bb css=\u00bb.vc_custom_1645705974347{padding-bottom: 30px !important;}\u00bb][vc_column_text css_animation=\u00bbfadeIn\u00bb]\n<h2>\u00bfQu\u00e9 es?<\/h2>\n<p>La educaci\u00f3n para la salud f\u00edsica, psicol\u00f3gica y social es una herramienta de prevenci\u00f3n necesaria para afrontar los retos de nuestra sociedad actual en diferentes \u00e1mbitos como son el consumo de drogas, los trastornos alimentarios, las nuevas tecnolog\u00edas de informaci\u00f3n, comunicaci\u00f3n y ocio (NTIC) y las buenas relaciones igualitarias y respetuosas entre las personas.<\/p>\n<p>El programa \u00abEn Parlam?\u00bb orienta a concienciar y dotar de informaci\u00f3n objetiva as\u00ed como promover actitudes, comportamientos y habilidades sociales de afrontamiento a situaciones reales que viven los j\u00f3venes para que sean capaces de desarrollar una mirada cr\u00edtica sobre estas tem\u00e1ticas y sean aut\u00f3nomos para tomar las decisiones m\u00e1s acertadas para promover la salud y el bienestar de ellos y de otras personas.[\/vc_column_text][vc_column_text css_animation=\u00bbfadeIn\u00bb]\n<h2>\u00bfQui\u00e9n lo lleva a cabo?<\/h2>\n<p>Los t\u00e9cnicos del CEPCA realizan las intervenciones en los centros de secundaria de toda la isla de Eivissa. A principio de curso, se coordinan las sesiones con los departamentos de Orientaci\u00f3n de los institutos para favorecer que se realicen dentro de los horarios de tutor\u00eda de todo el alumnado.<br \/>\nSe env\u00eda al equipo de Orientaci\u00f3n la informaci\u00f3n con las sesiones que pueden pedir por curso para que elijan con los tutores y tutoras los temas que consideren m\u00e1s adecuados.[\/vc_column_text][vc_column_text css_animation=\u00bbfadeIn\u00bb]\n<h2>\u00bfC\u00f3mo se puede acceder?<\/h2>\n<p>Todas nuestras charlas as\u00ed como los v\u00eddeos que se utilizan est\u00e1n colgados en esta web. Tambi\u00e9n se incluyen, dentro de alguna de las sesiones, unidades did\u00e1cticas<span class=\"VIiyi\" lang=\"es\"><span class=\"JLqJ4b ChMk0b\" data-language-for-alternatives=\"es\" data-language-to-translate-into=\"ca\" data-phrase-index=\"0\" data-number-of-phrases=\"1\"><span class=\"Q4iAWc\"> dise\u00f1adas para realizarlas en las tutor\u00edas<\/span><\/span><\/span> posteriormente a la intervenci\u00f3n de los t\u00e9cnicos del CEPCA.[\/vc_column_text][vc_column_text css_animation=\u00bbfadeIn\u00bb]\n<h2>Descripci\u00f3n y duraci\u00f3n<\/h2>\n<p>El programa \u00abEn Parlam?\u00bb consiste en sesiones informativas y formativas para los alumnos de 1\u00ba, 2\u00ba, 3\u00ba, 4\u00ba de ESO y FPB de los 18 IES de Eivissa (centros p\u00fablicos, concertados y privados).<\/p>\n<p>En estas actividades, realizadas durante los 55 minutos lectivos, se utilizan estrategias que implican la participaci\u00f3n activa del alumnado, desarrollando din\u00e1micas dirigidas al intercambio de informaci\u00f3n, opiniones, as\u00ed como a la resoluci\u00f3n de dudas, habilidades sociales, etc. ayudando a fomentar el debate y la reflexi\u00f3n por parte de los alumnos sobre los temas abordados.[\/vc_column_text][vc_column_text css_animation=\u00bbfadeIn\u00bb css=\u00bb.vc_custom_1655202852232{margin-top: 50px !important;}\u00bb]\n<h2>Objetivos generales<\/h2>\n<ul>\n<li>Ofrecer <span class=\"VIiyi\" lang=\"es\"><span class=\"JLqJ4b ChMk0b\" data-language-for-alternatives=\"es\" data-language-to-translate-into=\"ca\" data-phrase-index=\"0\" data-number-of-phrases=\"1\"><span class=\"Q4iAWc\">y dar a conocer el CEPCA como u<\/span><\/span><\/span>n servicio de prevenci\u00f3n de conductas de riesgo durante la adolescencia a todos los centros de educaci\u00f3n secundaria obligatoria.<\/li>\n<li>Proporcionar informaci\u00f3n objetiva y desmitificar falsas creencias sobre diferentes temas que afectan directamente a la poblaci\u00f3n adolescente.<\/li>\n<li>Desarrollar, en funci\u00f3n de las caracter\u00edsticas del grupo, estrategias de reducci\u00f3n de riesgos relacionados con los diferentes temas tratados.<\/li>\n<li>Potenciar la capacidad cr\u00edtica y fomentar la capacidad de tomar decisiones de manera individual y aut\u00f3noma ante posibles situaciones relacionadas con los temas abordados.<\/li>\n<\/ul>\n[\/vc_column_text][vc_column_text css_animation=\u00bbfadeIn\u00bb css=\u00bb.vc_custom_1655202966306{margin-top: 50px !important;}\u00bb]\n<h2>Sesiones que se ofrecen<\/h2>\n<div class=\"J0lOec\"><span class=\"VIiyi\" lang=\"es\"><span class=\"JLqJ4b ChMk0b\" data-language-for-alternatives=\"es\" data-language-to-translate-into=\"ca\" data-phrase-index=\"0\" data-number-of-phrases=\"2\"><span class=\"Q4iAWc\">En el apartado de enlaces se encuentran las diferentes sesiones del programa \u00abEn Parlam?\u00bb<\/span><\/span> <span class=\"JLqJ4b ChMk0b\" data-language-for-alternatives=\"es\" data-language-to-translate-into=\"ca\" data-phrase-index=\"1\" data-number-of-phrases=\"2\"><span class=\"Q4iAWc\">as\u00ed como la informaci\u00f3n que se env\u00eda a los departamentos de orientaci\u00f3n donde se especifica qu\u00e9 intervenciones son m\u00e1s recomendables pedir por cada curso.<\/span><\/span><\/span><\/div>\n[\/vc_column_text][\/vc_column][vc_column column_padding=\u00bbpadding-5-percent\u00bb column_padding_tablet=\u00bbinherit\u00bb column_padding_phone=\u00bbinherit\u00bb column_padding_position=\u00bbleft\u00bb column_element_spacing=\u00bbdefault\u00bb background_color_opacity=\u00bb1&#8243; background_hover_color_opacity=\u00bb1&#8243; column_shadow=\u00bbnone\u00bb column_border_radius=\u00bbnone\u00bb column_link_target=\u00bb_self\u00bb gradient_direction=\u00bbleft_to_right\u00bb overlay_strength=\u00bb0.3&#8243; width=\u00bb1\/2&#8243; tablet_width_inherit=\u00bbdefault\u00bb tablet_text_alignment=\u00bbdefault\u00bb phone_text_alignment=\u00bbdefault\u00bb bg_image_animation=\u00bbnone\u00bb border_type=\u00bbsimple\u00bb column_border_width=\u00bbnone\u00bb column_border_style=\u00bbsolid\u00bb][vc_video link=\u00bbhttps:\/\/vimeo.com\/695628366&#8243;][vc_custom_heading text=\u00bbEnlaces\u00bb][vc_raw_html]JTNDZGl2JTNFJTBBJTNDYSUyMGhyZWYlM0QlMjJodHRwcyUzQSUyRiUyRmlkaXMuY29uc2VsbGRlaXZpc3NhLmVzJTJGZXMlMkZzYWx1ZCUyRmNlcGNhJTJGcHJvZ3JhbWFzLWVkdWNhdGl2b3MlMkZoYWJsYW1vcyUyRmFjdGl2aWRhZGVzJTJGJTIyJTIwY2xhc3MlM0QlMjJidG5fbGlsYSUyMiUzRVNlc2lvbmVzJTIwZGVsJTIwUHJvZ3JhbWElMjBFbiUyMFBhcmxhbSUzRiUzQyUyRmElM0UlM0NiciUzRSUzQyUyRmRpdiUzRSUwQSUzQ2ElMjBocmVmJTNEJTIyaHR0cHMlM0ElMkYlMkZpZGlzLmNvbnNlbGxkZWl2aXNzYS5lcyUyRmVzJTJGc2FsdWQlMkZjZXBjYSUyRnByb2dyYW1hcy1lZHVjYXRpdm9zJTJGaGFibGFtb3MlMkZvZmVydGEtZGUtY2hhcmxhcyUyRiUyMiUyMGNsYXNzJTNEJTIyYnRuX2xpbGElMjIlM0VUYWJsYSUyMGNvbiUyMGxhcyUyMHNlc2lvbmVzJTIwcGFyYSUyMGNhZGElMjBjdXJzbyUzQyUyRmElM0U=[\/vc_raw_html][\/vc_column][\/vc_row][vc_row type=\u00bbin_container\u00bb full_screen_row_position=\u00bbmiddle\u00bb column_margin=\u00bbdefault\u00bb column_direction=\u00bbdefault\u00bb column_direction_tablet=\u00bbdefault\u00bb column_direction_phone=\u00bbdefault\u00bb scene_position=\u00bbcenter\u00bb text_color=\u00bbdark\u00bb text_align=\u00bbleft\u00bb row_border_radius=\u00bbnone\u00bb row_border_radius_applies=\u00bbbg\u00bb disable_element=\u00bbyes\u00bb overlay_strength=\u00bb0.3&#8243; gradient_direction=\u00bbleft_to_right\u00bb shape_divider_position=\u00bbbottom\u00bb bg_image_animation=\u00bbnone\u00bb shape_type=\u00bb\u00bb][vc_column column_padding=\u00bbno-extra-padding\u00bb column_padding_tablet=\u00bbinherit\u00bb column_padding_phone=\u00bbinherit\u00bb column_padding_position=\u00bball\u00bb column_element_spacing=\u00bbdefault\u00bb background_color_opacity=\u00bb1&#8243; background_hover_color_opacity=\u00bb1&#8243; column_shadow=\u00bbnone\u00bb column_border_radius=\u00bbnone\u00bb column_link_target=\u00bb_self\u00bb gradient_direction=\u00bbleft_to_right\u00bb overlay_strength=\u00bb0.3&#8243; width=\u00bb1\/1&#8243; tablet_width_inherit=\u00bbdefault\u00bb tablet_text_alignment=\u00bbdefault\u00bb phone_text_alignment=\u00bbdefault\u00bb bg_image_animation=\u00bbnone\u00bb border_type=\u00bbsimple\u00bb column_border_width=\u00bbnone\u00bb column_border_style=\u00bbsolid\u00bb][image_with_animation image_url=\u00bb765&#8243; animation=\u00bbFade In\u00bb hover_animation=\u00bbnone\u00bb constrain_group_1=\u00bbyes\u00bb alignment=\u00bb\u00bb border_radius=\u00bbnone\u00bb box_shadow=\u00bbnone\u00bb image_loading=\u00bbdefault\u00bb max_width=\u00bb100%\u00bb max_width_mobile=\u00bbdefault\u00bb margin_top=\u00bb40&#8243; margin_bottom=\u00bb40&#8243;][\/vc_column][\/vc_row]\n","protected":false},"excerpt":{"rendered":"<p>[vc_row type=\u00bbin_container\u00bb full_screen_row_position=\u00bbmiddle\u00bb column_margin=\u00bbdefault\u00bb column_direction=\u00bbdefault\u00bb column_direction_tablet=\u00bbdefault\u00bb column_direction_phone=\u00bbdefault\u00bb scene_position=\u00bbcenter\u00bb right_padding_tablet=\u00bb0&#8243; right_padding_phone=\u00bb0&#8243; text_color=\u00bbdark\u00bb text_align=\u00bbleft\u00bb row_border_radius=\u00bbnone\u00bb row_border_radius_applies=\u00bbbg\u00bb overlay_strength=\u00bb0.3&#8243; gradient_direction=\u00bbleft_to_right\u00bb shape_divider_position=\u00bbbottom\u00bb bg_image_animation=\u00bbnone\u00bb shape_type=\u00bb\u00bb][vc_column column_padding=\u00bbno-extra-padding\u00bb column_padding_tablet=\u00bbinherit\u00bb column_padding_phone=\u00bbinherit\u00bb column_padding_position=\u00bball\u00bb column_element_spacing=\u00bbdefault\u00bb background_color_opacity=\u00bb1&#8243; background_hover_color_opacity=\u00bb1&#8243; column_shadow=\u00bbnone\u00bb column_border_radius=\u00bbnone\u00bb column_link_target=\u00bb_self\u00bb gradient_direction=\u00bbleft_to_right\u00bb&#8230;<\/p>\n","protected":false},"author":3,"featured_media":0,"parent":3383,"menu_order":0,"comment_status":"closed","ping_status":"closed","template":"page-child.php","meta":{"footnotes":""},"tags":[],"class_list":["post-3385","page","type-page","status-publish"],"yoast_head":"<!-- This site is optimized with the Yoast SEO plugin v18.4.1 - https:\/\/yoast.com\/wordpress\/plugins\/seo\/ -->\n<title>&quot;En Parlam?&quot; - IDIS. Igualdad, Diversidad, Inclusi\u00f3n y Salud<\/title>\n<meta name=\"robots\" content=\"index, follow, max-snippet:-1, max-image-preview:large, max-video-preview:-1\" \/>\n<link rel=\"canonical\" href=\"https:\/\/idis.conselldeivissa.es\/es\/salud\/cepca\/programas-educativos\/hablamos\/\" \/>\n<meta property=\"og:locale\" content=\"es_ES\" \/>\n<meta property=\"og:type\" content=\"article\" \/>\n<meta property=\"og:title\" content=\"&quot;En Parlam?&quot; - IDIS. Igualdad, Diversidad, Inclusi\u00f3n y Salud\" \/>\n<meta property=\"og:description\" content=\"[vc_row type=\u00bbin_container\u00bb full_screen_row_position=\u00bbmiddle\u00bb column_margin=\u00bbdefault\u00bb column_direction=\u00bbdefault\u00bb column_direction_tablet=\u00bbdefault\u00bb column_direction_phone=\u00bbdefault\u00bb scene_position=\u00bbcenter\u00bb right_padding_tablet=\u00bb0&#8243; right_padding_phone=\u00bb0&#8243; text_color=\u00bbdark\u00bb text_align=\u00bbleft\u00bb row_border_radius=\u00bbnone\u00bb row_border_radius_applies=\u00bbbg\u00bb overlay_strength=\u00bb0.3&#8243; gradient_direction=\u00bbleft_to_right\u00bb shape_divider_position=\u00bbbottom\u00bb bg_image_animation=\u00bbnone\u00bb shape_type=\u00bb\u00bb][vc_column column_padding=\u00bbno-extra-padding\u00bb column_padding_tablet=\u00bbinherit\u00bb column_padding_phone=\u00bbinherit\u00bb column_padding_position=\u00bball\u00bb column_element_spacing=\u00bbdefault\u00bb background_color_opacity=\u00bb1&#8243; background_hover_color_opacity=\u00bb1&#8243; column_shadow=\u00bbnone\u00bb column_border_radius=\u00bbnone\u00bb column_link_target=\u00bb_self\u00bb gradient_direction=\u00bbleft_to_right\u00bb...\" \/>\n<meta property=\"og:url\" content=\"https:\/\/idis.conselldeivissa.es\/es\/salud\/cepca\/programas-educativos\/hablamos\/\" \/>\n<meta property=\"og:site_name\" content=\"IDIS. Igualdad, Diversidad, Inclusi\u00f3n y Salud\" \/>\n<meta property=\"article:modified_time\" content=\"2022-06-14T10:42:33+00:00\" \/>\n<meta name=\"twitter:card\" content=\"summary_large_image\" \/>\n<meta name=\"twitter:label1\" content=\"Tiempo de lectura\" \/>\n\t<meta name=\"twitter:data1\" content=\"3 minutos\" \/>\n<script type=\"application\/ld+json\" class=\"yoast-schema-graph\">{\"@context\":\"https:\/\/schema.org\",\"@graph\":[{\"@type\":\"WebSite\",\"@id\":\"https:\/\/idis.conselldeivissa.es\/#website\",\"url\":\"https:\/\/idis.conselldeivissa.es\/\",\"name\":\"IDIS. Igualdad, Diversidad, Inclusi\u00f3n y Salud\",\"description\":\"Consell Insular d&#039;Eivissa\",\"potentialAction\":[{\"@type\":\"SearchAction\",\"target\":{\"@type\":\"EntryPoint\",\"urlTemplate\":\"https:\/\/idis.conselldeivissa.es\/?s={search_term_string}\"},\"query-input\":\"required name=search_term_string\"}],\"inLanguage\":\"es\"},{\"@type\":\"WebPage\",\"@id\":\"https:\/\/idis.conselldeivissa.es\/es\/salud\/cepca\/programas-educativos\/hablamos\/#webpage\",\"url\":\"https:\/\/idis.conselldeivissa.es\/es\/salud\/cepca\/programas-educativos\/hablamos\/\",\"name\":\"\\\"En Parlam?\\\" - IDIS. Igualdad, Diversidad, Inclusi\u00f3n y Salud\",\"isPartOf\":{\"@id\":\"https:\/\/idis.conselldeivissa.es\/#website\"},\"datePublished\":\"2021-09-28T15:22:00+00:00\",\"dateModified\":\"2022-06-14T10:42:33+00:00\",\"breadcrumb\":{\"@id\":\"https:\/\/idis.conselldeivissa.es\/es\/salud\/cepca\/programas-educativos\/hablamos\/#breadcrumb\"},\"inLanguage\":\"es\",\"potentialAction\":[{\"@type\":\"ReadAction\",\"target\":[\"https:\/\/idis.conselldeivissa.es\/es\/salud\/cepca\/programas-educativos\/hablamos\/\"]}]},{\"@type\":\"BreadcrumbList\",\"@id\":\"https:\/\/idis.conselldeivissa.es\/es\/salud\/cepca\/programas-educativos\/hablamos\/#breadcrumb\",\"itemListElement\":[{\"@type\":\"ListItem\",\"position\":1,\"name\":\"Inici\",\"item\":\"https:\/\/idis.conselldeivissa.es\/es\/\"},{\"@type\":\"ListItem\",\"position\":2,\"name\":\"Salud\",\"item\":\"https:\/\/idis.conselldeivissa.es\/es\/salud\/\"},{\"@type\":\"ListItem\",\"position\":3,\"name\":\"CEPCA\",\"item\":\"https:\/\/idis.conselldeivissa.es\/es\/salud\/cepca\/\"},{\"@type\":\"ListItem\",\"position\":4,\"name\":\"Programas preventivos\",\"item\":\"https:\/\/idis.conselldeivissa.es\/es\/salud\/cepca\/programas-educativos\/\"},{\"@type\":\"ListItem\",\"position\":5,\"name\":\"\u00abEn Parlam?\u00bb\"}]}]}<\/script>\n<!-- \/ Yoast SEO plugin. -->","yoast_head_json":{"title":"\"En Parlam?\" - IDIS. Igualdad, Diversidad, Inclusi\u00f3n y Salud","robots":{"index":"index","follow":"follow","max-snippet":"max-snippet:-1","max-image-preview":"max-image-preview:large","max-video-preview":"max-video-preview:-1"},"canonical":"https:\/\/idis.conselldeivissa.es\/es\/salud\/cepca\/programas-educativos\/hablamos\/","og_locale":"es_ES","og_type":"article","og_title":"\"En Parlam?\" - IDIS. Igualdad, Diversidad, Inclusi\u00f3n y Salud","og_description":"[vc_row type=\u00bbin_container\u00bb full_screen_row_position=\u00bbmiddle\u00bb column_margin=\u00bbdefault\u00bb column_direction=\u00bbdefault\u00bb column_direction_tablet=\u00bbdefault\u00bb column_direction_phone=\u00bbdefault\u00bb scene_position=\u00bbcenter\u00bb right_padding_tablet=\u00bb0&#8243; right_padding_phone=\u00bb0&#8243; text_color=\u00bbdark\u00bb text_align=\u00bbleft\u00bb row_border_radius=\u00bbnone\u00bb row_border_radius_applies=\u00bbbg\u00bb overlay_strength=\u00bb0.3&#8243; gradient_direction=\u00bbleft_to_right\u00bb shape_divider_position=\u00bbbottom\u00bb bg_image_animation=\u00bbnone\u00bb shape_type=\u00bb\u00bb][vc_column column_padding=\u00bbno-extra-padding\u00bb column_padding_tablet=\u00bbinherit\u00bb column_padding_phone=\u00bbinherit\u00bb column_padding_position=\u00bball\u00bb column_element_spacing=\u00bbdefault\u00bb background_color_opacity=\u00bb1&#8243; background_hover_color_opacity=\u00bb1&#8243; column_shadow=\u00bbnone\u00bb column_border_radius=\u00bbnone\u00bb column_link_target=\u00bb_self\u00bb gradient_direction=\u00bbleft_to_right\u00bb...","og_url":"https:\/\/idis.conselldeivissa.es\/es\/salud\/cepca\/programas-educativos\/hablamos\/","og_site_name":"IDIS. Igualdad, Diversidad, Inclusi\u00f3n y Salud","article_modified_time":"2022-06-14T10:42:33+00:00","twitter_card":"summary_large_image","twitter_misc":{"Tiempo de lectura":"3 minutos"},"schema":{"@context":"https:\/\/schema.org","@graph":[{"@type":"WebSite","@id":"https:\/\/idis.conselldeivissa.es\/#website","url":"https:\/\/idis.conselldeivissa.es\/","name":"IDIS. Igualdad, Diversidad, Inclusi\u00f3n y Salud","description":"Consell Insular d&#039;Eivissa","potentialAction":[{"@type":"SearchAction","target":{"@type":"EntryPoint","urlTemplate":"https:\/\/idis.conselldeivissa.es\/?s={search_term_string}"},"query-input":"required name=search_term_string"}],"inLanguage":"es"},{"@type":"WebPage","@id":"https:\/\/idis.conselldeivissa.es\/es\/salud\/cepca\/programas-educativos\/hablamos\/#webpage","url":"https:\/\/idis.conselldeivissa.es\/es\/salud\/cepca\/programas-educativos\/hablamos\/","name":"\"En Parlam?\" - IDIS. Igualdad, Diversidad, Inclusi\u00f3n y Salud","isPartOf":{"@id":"https:\/\/idis.conselldeivissa.es\/#website"},"datePublished":"2021-09-28T15:22:00+00:00","dateModified":"2022-06-14T10:42:33+00:00","breadcrumb":{"@id":"https:\/\/idis.conselldeivissa.es\/es\/salud\/cepca\/programas-educativos\/hablamos\/#breadcrumb"},"inLanguage":"es","potentialAction":[{"@type":"ReadAction","target":["https:\/\/idis.conselldeivissa.es\/es\/salud\/cepca\/programas-educativos\/hablamos\/"]}]},{"@type":"BreadcrumbList","@id":"https:\/\/idis.conselldeivissa.es\/es\/salud\/cepca\/programas-educativos\/hablamos\/#breadcrumb","itemListElement":[{"@type":"ListItem","position":1,"name":"Inici","item":"https:\/\/idis.conselldeivissa.es\/es\/"},{"@type":"ListItem","position":2,"name":"Salud","item":"https:\/\/idis.conselldeivissa.es\/es\/salud\/"},{"@type":"ListItem","position":3,"name":"CEPCA","item":"https:\/\/idis.conselldeivissa.es\/es\/salud\/cepca\/"},{"@type":"ListItem","position":4,"name":"Programas preventivos","item":"https:\/\/idis.conselldeivissa.es\/es\/salud\/cepca\/programas-educativos\/"},{"@type":"ListItem","position":5,"name":"\u00abEn Parlam?\u00bb"}]}]}},"acf":[],"_links":{"self":[{"href":"https:\/\/idis.conselldeivissa.es\/es\/wp-json\/wp\/v2\/pages\/3385","targetHints":{"allow":["GET"]}}],"collection":[{"href":"https:\/\/idis.conselldeivissa.es\/es\/wp-json\/wp\/v2\/pages"}],"about":[{"href":"https:\/\/idis.conselldeivissa.es\/es\/wp-json\/wp\/v2\/types\/page"}],"author":[{"embeddable":true,"href":"https:\/\/idis.conselldeivissa.es\/es\/wp-json\/wp\/v2\/users\/3"}],"replies":[{"embeddable":true,"href":"https:\/\/idis.conselldeivissa.es\/es\/wp-json\/wp\/v2\/comments?post=3385"}],"version-history":[{"count":31,"href":"https:\/\/idis.conselldeivissa.es\/es\/wp-json\/wp\/v2\/pages\/3385\/revisions"}],"predecessor-version":[{"id":4556,"href":"https:\/\/idis.conselldeivissa.es\/es\/wp-json\/wp\/v2\/pages\/3385\/revisions\/4556"}],"up":[{"embeddable":true,"href":"https:\/\/idis.conselldeivissa.es\/es\/wp-json\/wp\/v2\/pages\/3383"}],"wp:attachment":[{"href":"https:\/\/idis.conselldeivissa.es\/es\/wp-json\/wp\/v2\/media?parent=3385"}],"wp:term":[{"taxonomy":"post_tag","embeddable":true,"href":"https:\/\/idis.conselldeivissa.es\/es\/wp-json\/wp\/v2\/tags?post=3385"}],"curies":[{"name":"wp","href":"https:\/\/api.w.org\/{rel}","templated":true}]}}