{"id":3366,"date":"2021-10-27T13:54:36","date_gmt":"2021-10-27T11:54:36","guid":{"rendered":"https:\/\/idis.conselldeivissa.es\/salut\/instalaciones-deportivas\/circuit-motocros-sa-coma\/"},"modified":"2022-06-15T10:56:27","modified_gmt":"2022-06-15T08:56:27","slug":"circuito-de-motocros-sa-coma","status":"publish","type":"page","link":"https:\/\/idis.conselldeivissa.es\/es\/salud\/instalaciones-deportivas\/circuito-de-motocros-sa-coma\/","title":{"rendered":"Circuito de Motocr\u00f3s de sa Coma"},"content":{"rendered":"[vc_row type=\u00bbin_container\u00bb full_screen_row_position=\u00bbmiddle\u00bb column_margin=\u00bbdefault\u00bb column_direction=\u00bbdefault\u00bb column_direction_tablet=\u00bbdefault\u00bb column_direction_phone=\u00bbdefault\u00bb scene_position=\u00bbcenter\u00bb text_color=\u00bbdark\u00bb text_align=\u00bbleft\u00bb row_border_radius=\u00bbnone\u00bb row_border_radius_applies=\u00bbbg\u00bb overlay_strength=\u00bb0.3&#8243; gradient_direction=\u00bbleft_to_right\u00bb shape_divider_position=\u00bbbottom\u00bb bg_image_animation=\u00bbnone\u00bb][vc_column column_padding=\u00bbno-extra-padding\u00bb column_padding_tablet=\u00bbinherit\u00bb column_padding_phone=\u00bbinherit\u00bb column_padding_position=\u00bball\u00bb column_element_spacing=\u00bbdefault\u00bb background_color_opacity=\u00bb1&#8243; background_hover_color_opacity=\u00bb1&#8243; column_shadow=\u00bbnone\u00bb column_border_radius=\u00bbnone\u00bb column_link_target=\u00bb_self\u00bb gradient_direction=\u00bbleft_to_right\u00bb overlay_strength=\u00bb0.3&#8243; width=\u00bb1\/2&#8243; tablet_width_inherit=\u00bbdefault\u00bb tablet_text_alignment=\u00bbdefault\u00bb phone_text_alignment=\u00bbdefault\u00bb bg_image_animation=\u00bbnone\u00bb border_type=\u00bbsimple\u00bb column_border_width=\u00bbnone\u00bb column_border_style=\u00bbsolid\u00bb][vc_custom_heading source=\u00bbpost_title\u00bb font_container=\u00bbtag:h1|text_align:left|color:%233b164a\u00bb use_theme_fonts=\u00bbyes\u00bb css=\u00bb.vc_custom_1645531957067{padding-bottom: 30px !important;}\u00bb][vc_column_text css_animation=\u00bbfadeIn\u00bb]El anteproyecto del Circuito de Motocr\u00f3s de sa Coma se ha realizado con la voluntad de minimizar el impacto visual y ambiental que supone la construcci\u00f3n de un complejo deportivo en esta zona. La actuaci\u00f3n propone una zona de servicio restringido del circuito; y una amplia zona de servicio al p\u00fablico. El proyecto se ha dise\u00f1ado con la intenci\u00f3n de dar respuesta a las necesidades del sector con una infraestructura adecuada y dimensionada al espacio circundante.[\/vc_column_text][vc_column_text css_animation=\u00bbfadeIn\u00bb]De forma provisional, mientras se construye la instalaci\u00f3n, sa Coma dispone de un circuito donde los amantes del motocross ya pueden entrenar y competir.[\/vc_column_text][vc_column_text css_animation=\u00bbfadeIn\u00bb]El nuevo circuito se conformar\u00e1 en una calle de diez metros de ancho con un trazado que tendr\u00e1 que homologar la Federaci\u00f3n Espa\u00f1ola de Motociclismo. Los desniveles en el trazado se realizar\u00e1n preferentemente mediante excavaci\u00f3n para evitar en la medida de lo posibles los terraplenes. De esta forma se pretende mejorar la integraci\u00f3n del circuito en su entorno. En la zona de servicio al p\u00fablico se situar\u00e1n dos edificios distribuidos en la planta baja. En el edificio de mayores dimensiones se situar\u00e1 el bar-cafeter\u00eda y un almac\u00e9n, mientras que en edificio anexo se situar\u00e1n los lavabos para el p\u00fablico.[\/vc_column_text][vc_column_text css_animation=\u00bbfadeIn\u00bb]Para la observaci\u00f3n p\u00fablica de la competici\u00f3n se propone habilitar diversos espacios al lado del circuito as\u00ed como una pasarela sobre el circuito que permita la libre circulaci\u00f3n del p\u00fablico entre estas zonas habilitadas. En la zona de acceso restringido se situar\u00e1n los edificios de servicio para la competici\u00f3n de motocr\u00f3s, los paddocks y una zona de aparcamiento de veh\u00edculos autorizados. Esta zona de aparcamiento se ha situado de forma paralelo al camino de acceso igual que los paddocks para las motos; mientras que los edificios de servicios se han situado de forma perpendicular al mismo.[\/vc_column_text][vc_column_text css_animation=\u00bbfadeIn\u00bb]El conjunto de los edificios se propone siguiendo un mismo lenguaje formal con la voluntad de que estos definan coherentemente una fachada del complejo. El programa de servicios se desarrolla en planta baja. El conjunto se ha dividido en cuatro peque\u00f1os edificios (acceso, vestuarios, dependencias para prensa juntamente con sala de reuniones y zona de servicios m\u00e9dicos juntamente con dependencia para los jueces de carrera) separados entre s\u00ed por un espacio exterior descubierto, lo cual permite su acceso y uso de forma independiente. La zona de paddocks se desarrolla en tres rafals, en los cuales en un extremo se sit\u00faan las zonas de lavado de motos. A continuaci\u00f3n de la zona de servicios y de paddocks se sit\u00faa la explanada que conforma la parrilla de salida. Al lado de esta se sit\u00faa la torre de control para cronometraje de unos siete metros de altura.[\/vc_column_text][vc_column_text css_animation=\u00bbfadeIn\u00bb]\n<h3><strong>Cuadro general de superficies<\/strong><\/h3>\n<p>Edificaciones \u2013 Circuito &#8211; Espacios Motocr\u00f3s Exteriores:[\/vc_column_text][vc_column_text css_animation=\u00bbfadeIn\u00bb]\n<h3><strong>1. ZONA DE USO RESTRINGIDO<\/strong><\/h3>\n<h3><strong>1.1. ZONA DE SERVICIO<\/strong><\/h3>\n<ul>\n<li>Control de acceso 21,00 m\u00b2<\/li>\n<li>Vestuarios 116,75 m\u00b2<\/li>\n<li>Prensa y sala de reuniones 87,30 m\u00b2<\/li>\n<li>Servicios m\u00e9dicos y juguetes 75,00 m\u00b2<\/li>\n<li>Torre de control 21,25 m\u00b2<\/li>\n<li>Paddock 634,50 m\u00b2<\/li>\n<li>Aparcamiento 199,40 m\u00b2<\/li>\n<li>Pavimentos exteriores intermedios 119,70 m\u00b2<\/li>\n<\/ul>\n[\/vc_column_text][vc_column_text css_animation=\u00bbfadeIn\u00bb]\n<h3><strong>1.2. CIRCUITO DE MOTOCR\u00d3S<\/strong><\/h3>\n<ul>\n<li>Parrilla de salida 125,00 m\u00b2<\/li>\n<li>Pista 11.319,00 m\u00b2<\/li>\n<li>Total 11.444,00 m\u00b2<\/li>\n<\/ul>\n[\/vc_column_text][vc_column_text css_animation=\u00bbfadeIn\u00bb]\n<h3><strong>1.3. ESPACIOS EXTERIORES<\/strong><\/h3>\n<ul>\n<li>\u00c1rea condicionada con tierras o gravas 3.248,80 m\u00b2<\/li>\n<\/ul>\n[\/vc_column_text][vc_column_text css_animation=\u00bbfadeIn\u00bb]\n<h3><strong>2. ZONA DE USO P\u00daBLIC<\/strong><\/h3>\n<h3><strong>2.1 ZONA DE SERVICIO<\/strong><\/h3>\n<ul>\n<li>Bar &#8211; Cafeter\u00eda y almac\u00e9n 205,82 m\u00b2<\/li>\n<li>Servicios p\u00fablicos 48,50 m\u00b2<\/li>\n<li>Pavimentos exteriores 76,05 m\u00b2<\/li>\n<\/ul>\n[\/vc_column_text][vc_column_text css_animation=\u00bbfadeIn\u00bb]\n<h3><strong>2.3. ESPACIOS EXTERIORES<\/strong><\/h3>\n<ul>\n<li>\u00c1rea condicionada para p\u00fablico en circuito 23.334,00 m\u00b2<\/li>\n<li>\u00c1rea acondicionada con tierras o gravas 4.067,00 m\u00b2<\/li>\n<li>Total 27.401,00 m\u00b2<\/li>\n<\/ul>\n[\/vc_column_text][\/vc_column][vc_column column_padding=\u00bbpadding-5-percent\u00bb column_padding_tablet=\u00bbinherit\u00bb column_padding_phone=\u00bbinherit\u00bb column_padding_position=\u00bbleft\u00bb column_element_spacing=\u00bbdefault\u00bb background_color_opacity=\u00bb1&#8243; background_hover_color_opacity=\u00bb1&#8243; column_shadow=\u00bbnone\u00bb column_border_radius=\u00bbnone\u00bb column_link_target=\u00bb_self\u00bb gradient_direction=\u00bbleft_to_right\u00bb overlay_strength=\u00bb0.3&#8243; width=\u00bb1\/2&#8243; tablet_width_inherit=\u00bbdefault\u00bb tablet_text_alignment=\u00bbdefault\u00bb phone_text_alignment=\u00bbdefault\u00bb bg_image_animation=\u00bbnone\u00bb border_type=\u00bbsimple\u00bb column_border_width=\u00bbnone\u00bb column_border_style=\u00bbsolid\u00bb][image_with_animation image_url=\u00bb1329&#8243; animation=\u00bbFade In\u00bb hover_animation=\u00bbnone\u00bb alignment=\u00bb\u00bb border_radius=\u00bbnone\u00bb box_shadow=\u00bbnone\u00bb image_loading=\u00bbdefault\u00bb max_width=\u00bb100%\u00bb max_width_mobile=\u00bbdefault\u00bb][\/vc_column][\/vc_row]\n","protected":false},"excerpt":{"rendered":"<p>[vc_row type=\u00bbin_container\u00bb full_screen_row_position=\u00bbmiddle\u00bb column_margin=\u00bbdefault\u00bb column_direction=\u00bbdefault\u00bb column_direction_tablet=\u00bbdefault\u00bb column_direction_phone=\u00bbdefault\u00bb scene_position=\u00bbcenter\u00bb text_color=\u00bbdark\u00bb text_align=\u00bbleft\u00bb row_border_radius=\u00bbnone\u00bb row_border_radius_applies=\u00bbbg\u00bb overlay_strength=\u00bb0.3&#8243; gradient_direction=\u00bbleft_to_right\u00bb shape_divider_position=\u00bbbottom\u00bb bg_image_animation=\u00bbnone\u00bb][vc_column column_padding=\u00bbno-extra-padding\u00bb column_padding_tablet=\u00bbinherit\u00bb column_padding_phone=\u00bbinherit\u00bb column_padding_position=\u00bball\u00bb column_element_spacing=\u00bbdefault\u00bb background_color_opacity=\u00bb1&#8243; background_hover_color_opacity=\u00bb1&#8243; column_shadow=\u00bbnone\u00bb column_border_radius=\u00bbnone\u00bb column_link_target=\u00bb_self\u00bb gradient_direction=\u00bbleft_to_right\u00bb overlay_strength=\u00bb0.3&#8243; width=\u00bb1\/2&#8243; tablet_width_inherit=\u00bbdefault\u00bb&#8230;<\/p>\n","protected":false},"author":5,"featured_media":0,"parent":3357,"menu_order":0,"comment_status":"closed","ping_status":"closed","template":"page-child.php","meta":{"footnotes":""},"tags":[],"class_list":["post-3366","page","type-page","status-publish"],"yoast_head":"<!-- This site is optimized with the Yoast SEO plugin v18.4.1 - https:\/\/yoast.com\/wordpress\/plugins\/seo\/ -->\n<title>Circuito de Motocr\u00f3s de sa Coma - IDIS. Igualdad, Diversidad, Inclusi\u00f3n y Salud<\/title>\n<meta name=\"robots\" content=\"index, follow, max-snippet:-1, max-image-preview:large, max-video-preview:-1\" \/>\n<link rel=\"canonical\" href=\"https:\/\/idis.conselldeivissa.es\/es\/salud\/instalaciones-deportivas\/circuito-de-motocros-sa-coma\/\" \/>\n<meta property=\"og:locale\" content=\"es_ES\" \/>\n<meta property=\"og:type\" content=\"article\" \/>\n<meta property=\"og:title\" content=\"Circuito de Motocr\u00f3s de sa Coma - IDIS. Igualdad, Diversidad, Inclusi\u00f3n y Salud\" \/>\n<meta property=\"og:description\" content=\"[vc_row type=\u00bbin_container\u00bb full_screen_row_position=\u00bbmiddle\u00bb column_margin=\u00bbdefault\u00bb column_direction=\u00bbdefault\u00bb column_direction_tablet=\u00bbdefault\u00bb column_direction_phone=\u00bbdefault\u00bb scene_position=\u00bbcenter\u00bb text_color=\u00bbdark\u00bb text_align=\u00bbleft\u00bb row_border_radius=\u00bbnone\u00bb row_border_radius_applies=\u00bbbg\u00bb overlay_strength=\u00bb0.3&#8243; gradient_direction=\u00bbleft_to_right\u00bb shape_divider_position=\u00bbbottom\u00bb bg_image_animation=\u00bbnone\u00bb][vc_column column_padding=\u00bbno-extra-padding\u00bb column_padding_tablet=\u00bbinherit\u00bb column_padding_phone=\u00bbinherit\u00bb column_padding_position=\u00bball\u00bb column_element_spacing=\u00bbdefault\u00bb background_color_opacity=\u00bb1&#8243; background_hover_color_opacity=\u00bb1&#8243; column_shadow=\u00bbnone\u00bb column_border_radius=\u00bbnone\u00bb column_link_target=\u00bb_self\u00bb gradient_direction=\u00bbleft_to_right\u00bb overlay_strength=\u00bb0.3&#8243; width=\u00bb1\/2&#8243; tablet_width_inherit=\u00bbdefault\u00bb...\" \/>\n<meta property=\"og:url\" content=\"https:\/\/idis.conselldeivissa.es\/es\/salud\/instalaciones-deportivas\/circuito-de-motocros-sa-coma\/\" \/>\n<meta property=\"og:site_name\" content=\"IDIS. Igualdad, Diversidad, Inclusi\u00f3n y Salud\" \/>\n<meta property=\"article:modified_time\" content=\"2022-06-15T08:56:27+00:00\" \/>\n<meta name=\"twitter:card\" content=\"summary_large_image\" \/>\n<meta name=\"twitter:label1\" content=\"Tiempo de lectura\" \/>\n\t<meta name=\"twitter:data1\" content=\"3 minutos\" \/>\n<script type=\"application\/ld+json\" class=\"yoast-schema-graph\">{\"@context\":\"https:\/\/schema.org\",\"@graph\":[{\"@type\":\"WebSite\",\"@id\":\"https:\/\/idis.conselldeivissa.es\/#website\",\"url\":\"https:\/\/idis.conselldeivissa.es\/\",\"name\":\"IDIS. Igualdad, Diversidad, Inclusi\u00f3n y Salud\",\"description\":\"Consell Insular d&#039;Eivissa\",\"potentialAction\":[{\"@type\":\"SearchAction\",\"target\":{\"@type\":\"EntryPoint\",\"urlTemplate\":\"https:\/\/idis.conselldeivissa.es\/?s={search_term_string}\"},\"query-input\":\"required name=search_term_string\"}],\"inLanguage\":\"es\"},{\"@type\":\"WebPage\",\"@id\":\"https:\/\/idis.conselldeivissa.es\/es\/salud\/instalaciones-deportivas\/circuito-de-motocros-sa-coma\/#webpage\",\"url\":\"https:\/\/idis.conselldeivissa.es\/es\/salud\/instalaciones-deportivas\/circuito-de-motocros-sa-coma\/\",\"name\":\"Circuito de Motocr\u00f3s de sa Coma - IDIS. Igualdad, Diversidad, Inclusi\u00f3n y Salud\",\"isPartOf\":{\"@id\":\"https:\/\/idis.conselldeivissa.es\/#website\"},\"datePublished\":\"2021-10-27T11:54:36+00:00\",\"dateModified\":\"2022-06-15T08:56:27+00:00\",\"breadcrumb\":{\"@id\":\"https:\/\/idis.conselldeivissa.es\/es\/salud\/instalaciones-deportivas\/circuito-de-motocros-sa-coma\/#breadcrumb\"},\"inLanguage\":\"es\",\"potentialAction\":[{\"@type\":\"ReadAction\",\"target\":[\"https:\/\/idis.conselldeivissa.es\/es\/salud\/instalaciones-deportivas\/circuito-de-motocros-sa-coma\/\"]}]},{\"@type\":\"BreadcrumbList\",\"@id\":\"https:\/\/idis.conselldeivissa.es\/es\/salud\/instalaciones-deportivas\/circuito-de-motocros-sa-coma\/#breadcrumb\",\"itemListElement\":[{\"@type\":\"ListItem\",\"position\":1,\"name\":\"Inici\",\"item\":\"https:\/\/idis.conselldeivissa.es\/es\/\"},{\"@type\":\"ListItem\",\"position\":2,\"name\":\"Salud\",\"item\":\"https:\/\/idis.conselldeivissa.es\/es\/salud\/\"},{\"@type\":\"ListItem\",\"position\":3,\"name\":\"Instalaciones deportivas\",\"item\":\"https:\/\/idis.conselldeivissa.es\/es\/salud\/instalaciones-deportivas\/\"},{\"@type\":\"ListItem\",\"position\":4,\"name\":\"Circuito de Motocr\u00f3s de sa Coma\"}]}]}<\/script>\n<!-- \/ Yoast SEO plugin. -->","yoast_head_json":{"title":"Circuito de Motocr\u00f3s de sa Coma - IDIS. Igualdad, Diversidad, Inclusi\u00f3n y Salud","robots":{"index":"index","follow":"follow","max-snippet":"max-snippet:-1","max-image-preview":"max-image-preview:large","max-video-preview":"max-video-preview:-1"},"canonical":"https:\/\/idis.conselldeivissa.es\/es\/salud\/instalaciones-deportivas\/circuito-de-motocros-sa-coma\/","og_locale":"es_ES","og_type":"article","og_title":"Circuito de Motocr\u00f3s de sa Coma - IDIS. Igualdad, Diversidad, Inclusi\u00f3n y Salud","og_description":"[vc_row type=\u00bbin_container\u00bb full_screen_row_position=\u00bbmiddle\u00bb column_margin=\u00bbdefault\u00bb column_direction=\u00bbdefault\u00bb column_direction_tablet=\u00bbdefault\u00bb column_direction_phone=\u00bbdefault\u00bb scene_position=\u00bbcenter\u00bb text_color=\u00bbdark\u00bb text_align=\u00bbleft\u00bb row_border_radius=\u00bbnone\u00bb row_border_radius_applies=\u00bbbg\u00bb overlay_strength=\u00bb0.3&#8243; gradient_direction=\u00bbleft_to_right\u00bb shape_divider_position=\u00bbbottom\u00bb bg_image_animation=\u00bbnone\u00bb][vc_column column_padding=\u00bbno-extra-padding\u00bb column_padding_tablet=\u00bbinherit\u00bb column_padding_phone=\u00bbinherit\u00bb column_padding_position=\u00bball\u00bb column_element_spacing=\u00bbdefault\u00bb background_color_opacity=\u00bb1&#8243; background_hover_color_opacity=\u00bb1&#8243; column_shadow=\u00bbnone\u00bb column_border_radius=\u00bbnone\u00bb column_link_target=\u00bb_self\u00bb gradient_direction=\u00bbleft_to_right\u00bb overlay_strength=\u00bb0.3&#8243; width=\u00bb1\/2&#8243; tablet_width_inherit=\u00bbdefault\u00bb...","og_url":"https:\/\/idis.conselldeivissa.es\/es\/salud\/instalaciones-deportivas\/circuito-de-motocros-sa-coma\/","og_site_name":"IDIS. Igualdad, Diversidad, Inclusi\u00f3n y Salud","article_modified_time":"2022-06-15T08:56:27+00:00","twitter_card":"summary_large_image","twitter_misc":{"Tiempo de lectura":"3 minutos"},"schema":{"@context":"https:\/\/schema.org","@graph":[{"@type":"WebSite","@id":"https:\/\/idis.conselldeivissa.es\/#website","url":"https:\/\/idis.conselldeivissa.es\/","name":"IDIS. Igualdad, Diversidad, Inclusi\u00f3n y Salud","description":"Consell Insular d&#039;Eivissa","potentialAction":[{"@type":"SearchAction","target":{"@type":"EntryPoint","urlTemplate":"https:\/\/idis.conselldeivissa.es\/?s={search_term_string}"},"query-input":"required name=search_term_string"}],"inLanguage":"es"},{"@type":"WebPage","@id":"https:\/\/idis.conselldeivissa.es\/es\/salud\/instalaciones-deportivas\/circuito-de-motocros-sa-coma\/#webpage","url":"https:\/\/idis.conselldeivissa.es\/es\/salud\/instalaciones-deportivas\/circuito-de-motocros-sa-coma\/","name":"Circuito de Motocr\u00f3s de sa Coma - IDIS. Igualdad, Diversidad, Inclusi\u00f3n y Salud","isPartOf":{"@id":"https:\/\/idis.conselldeivissa.es\/#website"},"datePublished":"2021-10-27T11:54:36+00:00","dateModified":"2022-06-15T08:56:27+00:00","breadcrumb":{"@id":"https:\/\/idis.conselldeivissa.es\/es\/salud\/instalaciones-deportivas\/circuito-de-motocros-sa-coma\/#breadcrumb"},"inLanguage":"es","potentialAction":[{"@type":"ReadAction","target":["https:\/\/idis.conselldeivissa.es\/es\/salud\/instalaciones-deportivas\/circuito-de-motocros-sa-coma\/"]}]},{"@type":"BreadcrumbList","@id":"https:\/\/idis.conselldeivissa.es\/es\/salud\/instalaciones-deportivas\/circuito-de-motocros-sa-coma\/#breadcrumb","itemListElement":[{"@type":"ListItem","position":1,"name":"Inici","item":"https:\/\/idis.conselldeivissa.es\/es\/"},{"@type":"ListItem","position":2,"name":"Salud","item":"https:\/\/idis.conselldeivissa.es\/es\/salud\/"},{"@type":"ListItem","position":3,"name":"Instalaciones deportivas","item":"https:\/\/idis.conselldeivissa.es\/es\/salud\/instalaciones-deportivas\/"},{"@type":"ListItem","position":4,"name":"Circuito de Motocr\u00f3s de sa Coma"}]}]}},"acf":[],"_links":{"self":[{"href":"https:\/\/idis.conselldeivissa.es\/es\/wp-json\/wp\/v2\/pages\/3366","targetHints":{"allow":["GET"]}}],"collection":[{"href":"https:\/\/idis.conselldeivissa.es\/es\/wp-json\/wp\/v2\/pages"}],"about":[{"href":"https:\/\/idis.conselldeivissa.es\/es\/wp-json\/wp\/v2\/types\/page"}],"author":[{"embeddable":true,"href":"https:\/\/idis.conselldeivissa.es\/es\/wp-json\/wp\/v2\/users\/5"}],"replies":[{"embeddable":true,"href":"https:\/\/idis.conselldeivissa.es\/es\/wp-json\/wp\/v2\/comments?post=3366"}],"version-history":[{"count":8,"href":"https:\/\/idis.conselldeivissa.es\/es\/wp-json\/wp\/v2\/pages\/3366\/revisions"}],"predecessor-version":[{"id":5177,"href":"https:\/\/idis.conselldeivissa.es\/es\/wp-json\/wp\/v2\/pages\/3366\/revisions\/5177"}],"up":[{"embeddable":true,"href":"https:\/\/idis.conselldeivissa.es\/es\/wp-json\/wp\/v2\/pages\/3357"}],"wp:attachment":[{"href":"https:\/\/idis.conselldeivissa.es\/es\/wp-json\/wp\/v2\/media?parent=3366"}],"wp:term":[{"taxonomy":"post_tag","embeddable":true,"href":"https:\/\/idis.conselldeivissa.es\/es\/wp-json\/wp\/v2\/tags?post=3366"}],"curies":[{"name":"wp","href":"https:\/\/api.w.org\/{rel}","templated":true}]}}