{"id":3258,"date":"2021-11-15T10:14:09","date_gmt":"2021-11-15T09:14:09","guid":{"rendered":"https:\/\/idis.conselldeivissa.es\/inclusion\/centre-ocupacional-per-a-persones-amb-discapacitat\/"},"modified":"2022-05-30T13:15:15","modified_gmt":"2022-05-30T11:15:15","slug":"centro-ocupacional-para-personas-con-discapacidad","status":"publish","type":"page","link":"https:\/\/idis.conselldeivissa.es\/es\/inclusion\/centro-ocupacional-para-personas-con-discapacidad\/","title":{"rendered":"Centro Ocupacional para Personas con Discapacidad"},"content":{"rendered":"[vc_row type=\u00bbin_container\u00bb full_screen_row_position=\u00bbmiddle\u00bb column_margin=\u00bbdefault\u00bb column_direction=\u00bbdefault\u00bb column_direction_tablet=\u00bbdefault\u00bb column_direction_phone=\u00bbdefault\u00bb scene_position=\u00bbcenter\u00bb text_color=\u00bbdark\u00bb text_align=\u00bbleft\u00bb row_border_radius=\u00bbnone\u00bb row_border_radius_applies=\u00bbbg\u00bb overlay_strength=\u00bb0.3&#8243; gradient_direction=\u00bbleft_to_right\u00bb shape_divider_position=\u00bbbottom\u00bb bg_image_animation=\u00bbnone\u00bb][vc_column column_padding=\u00bbno-extra-padding\u00bb column_padding_tablet=\u00bbinherit\u00bb column_padding_phone=\u00bbinherit\u00bb column_padding_position=\u00bball\u00bb column_element_spacing=\u00bbdefault\u00bb background_color_opacity=\u00bb1&#8243; background_hover_color_opacity=\u00bb1&#8243; column_shadow=\u00bbnone\u00bb column_border_radius=\u00bbnone\u00bb column_link_target=\u00bb_self\u00bb gradient_direction=\u00bbleft_to_right\u00bb overlay_strength=\u00bb0.3&#8243; width=\u00bb1\/2&#8243; tablet_width_inherit=\u00bbdefault\u00bb tablet_text_alignment=\u00bbdefault\u00bb phone_text_alignment=\u00bbdefault\u00bb bg_image_animation=\u00bbnone\u00bb border_type=\u00bbsimple\u00bb column_border_width=\u00bbnone\u00bb column_border_style=\u00bbsolid\u00bb][vc_custom_heading source=\u00bbpost_title\u00bb font_container=\u00bbtag:h1|text_align:left\u00bb css=\u00bb.vc_custom_1645101142198{padding-bottom: 30px !important;}\u00bb][vc_column_text css_animation=\u00bbfadeIn\u00bb]Servicio de atenci\u00f3n diurna de lunes a viernes con un horario de 8.00 a 15.00 horas, que ofrece los siguientes servicios:<\/p>\n<ul>\n<li>Mejora personal: actividades para la habilitaci\u00f3n estructural de la persona y la mejora de la relaci\u00f3n con el entorno social: habilidades de la vida diaria (cocina, habilidades sociales), habilidades funcionales (lectoescritura, manejo del sueldo&#8230;), educaci\u00f3n para la salud y conocimiento de la comunidad.<\/li>\n<li>Ocupaci\u00f3n terap\u00e9utica: talleres que permiten a los usuarios la adquisici\u00f3n de una serie de habilitados motrices, atencionals y de coordinaci\u00f3n mediante la realizaci\u00f3n de un\u00a0 producto que permite ver el resultado de su trabajo: talleres de encuadernaci\u00f3n, alfombras, bisuteria&#8230;<\/li>\n<li>Seguimiento de fisioterapia y nataci\u00f3n.<\/li>\n<li>Formaci\u00f3n ocupacional en tareas de lavander\u00eda, ayudando de cocina, jardiner\u00eda y agricultura.<\/li>\n<li>Apoyo y seguimiento de las familias.<\/li>\n<\/ul>\n[\/vc_column_text][vc_column_text css_animation=\u00bbfadeIn\u00bb]<strong>A qui\u00e9n va dirigido?<\/strong><\/p>\n<p>Servicio dirigido a personas con m\u00e1s de un 65 % de discapacidad, a quien, estando en edad laboral, la discapacidad los impide de manera temporal o definitiva integrarse en una empresa ordinaria o en un centro especial de trabajo.[\/vc_column_text][\/vc_column][vc_column column_padding=\u00bbpadding-5-percent\u00bb column_padding_tablet=\u00bbinherit\u00bb column_padding_phone=\u00bbinherit\u00bb column_padding_position=\u00bbleft\u00bb column_element_spacing=\u00bbdefault\u00bb background_color_opacity=\u00bb1&#8243; background_hover_color_opacity=\u00bb1&#8243; column_shadow=\u00bbnone\u00bb column_border_radius=\u00bbnone\u00bb column_link_target=\u00bb_self\u00bb gradient_direction=\u00bbleft_to_right\u00bb overlay_strength=\u00bb0.3&#8243; width=\u00bb1\/2&#8243; tablet_width_inherit=\u00bbdefault\u00bb tablet_text_alignment=\u00bbdefault\u00bb phone_text_alignment=\u00bbdefault\u00bb bg_image_animation=\u00bbnone\u00bb border_type=\u00bbsimple\u00bb column_border_width=\u00bbnone\u00bb column_border_style=\u00bbsolid\u00bb][image_with_animation image_url=\u00bb2323&#8243; animation=\u00bbFade In\u00bb hover_animation=\u00bbnone\u00bb alignment=\u00bb\u00bb border_radius=\u00bbnone\u00bb box_shadow=\u00bbnone\u00bb image_loading=\u00bbdefault\u00bb max_width=\u00bb100%\u00bb max_width_mobile=\u00bbdefault\u00bb][vc_custom_heading text=\u00bbInformaci\u00f3n y atenci\u00f3n\u00bb][vc_raw_html]JTNDZGl2JTNFJTBBJTNDc3Ryb25nJTNFRGlyZWNjaSVDMyVCM24lM0ElMjAlM0MlMkZzdHJvbmclM0UlM0MlMkZiciUzRSUyMCUwQUMlMkYlMjBkZSUyMENvc21lJTIwVmlkYWwlMjBMbCVDMyVBMHNlciUyQyUyMHMlMkZuJTIwJTNDJTJGYnIlM0UlMjAlMEElMjhFZGlmaWNpJTIwZGUlMjBTZXJ2ZWlzJTIwU29jaWFscyUyOSUyMCUzQyUyRmJyJTNFJTBBMDc4MDAlMjBFaXZpc3NhJTNDJTJGYnIlM0UlMEElM0MlMkZkaXYlM0UlMEElM0NkaXYlM0UlMEElM0NzdHJvbmclM0VDb250YWN0byUzQSUyMCUzQyUyRmJyJTNFJTNDJTJGc3Ryb25nJTNFJTBBJTNDc3Ryb25nJTNFVGVsLiUzQSUyMCUzQyUyRnN0cm9uZyUzRTk3MSUyMDE5NSUyMDYyNyUzQyUyRmJyJTNFJTBBJTNDc3Ryb25nJTNFJTNDZW0lM0VFbWFpbCUzQSUyMCUzQyUyRmVtJTNFJTNDJTJGc3Ryb25nJTNFJTIwJTNDYSUyMGhyZWYlM0QlMjJtYWlsdG8lM0F0cmliYXMlNDBjb25zZWxsZGVpdmlzc2EuZXMlMjIlMjB0YXJnZXQlM0QlMjJfYmxhbmslMjIlM0V0cmliYXMlNDBjb25zZWxsZGVpdmlzc2EuZXMlMjAlM0MlMkZpJTNFJTNDJTJGYSUzRSUzQyUyRmJyJTNFJTBBJTNDc3Ryb25nJTNFV2ViJTNBJTIwJTNDJTJGc3Ryb25nJTNFJTIwJTNDYSUyMGhyZWYlM0QlMjJodHRwcyUzQSUyRiUyRmNlbnRyZW9jdXBhY2lvbmFsY2Fzc2VycmVzLndvcmRwcmVzcy5jb20lMkYlMjIlMjB0YXJnZXQlM0QlMjJfYmxhbmslMjIlM0UlMjB3d3cuY2VudHJlb2N1cGFjaW9uYWxjYXNzZXJyZXMuY29tJTIwJTNDJTJGaSUzRSUzQyUyRmElM0UlM0MlMkZiciUzRSUwQSUzQyUyRmRpdiUzRSUwQSUwQSUzQ2RpdiUyMGNsYXNzJTNEJTIyaG9yYXJpJTIyJTNFJTBBJTNDc3Ryb25nJTNFSG9yYXJpbyUzQSUyMCUzQyUyRmJyJTNFJTIwJTNDJTJGc3Ryb25nJTNFRGUlMjA4LjAwJTIwYSUyMDE1LjAwJTIwaG9yZXMlMjAlMjhkZSUyMGx1bmVzJTIwYSUyMHZpZXJuZXMlMjklM0MlMkZiciUzRSUyMCUwQSUzQyUyRmRpdiUzRSUwQQ==[\/vc_raw_html][\/vc_column][\/vc_row]\n","protected":false},"excerpt":{"rendered":"<p>[vc_row type=\u00bbin_container\u00bb full_screen_row_position=\u00bbmiddle\u00bb column_margin=\u00bbdefault\u00bb column_direction=\u00bbdefault\u00bb column_direction_tablet=\u00bbdefault\u00bb column_direction_phone=\u00bbdefault\u00bb scene_position=\u00bbcenter\u00bb text_color=\u00bbdark\u00bb text_align=\u00bbleft\u00bb row_border_radius=\u00bbnone\u00bb row_border_radius_applies=\u00bbbg\u00bb overlay_strength=\u00bb0.3&#8243; gradient_direction=\u00bbleft_to_right\u00bb shape_divider_position=\u00bbbottom\u00bb bg_image_animation=\u00bbnone\u00bb][vc_column column_padding=\u00bbno-extra-padding\u00bb column_padding_tablet=\u00bbinherit\u00bb column_padding_phone=\u00bbinherit\u00bb column_padding_position=\u00bball\u00bb column_element_spacing=\u00bbdefault\u00bb background_color_opacity=\u00bb1&#8243; background_hover_color_opacity=\u00bb1&#8243; column_shadow=\u00bbnone\u00bb column_border_radius=\u00bbnone\u00bb column_link_target=\u00bb_self\u00bb gradient_direction=\u00bbleft_to_right\u00bb overlay_strength=\u00bb0.3&#8243; width=\u00bb1\/2&#8243; tablet_width_inherit=\u00bbdefault\u00bb&#8230;<\/p>\n","protected":false},"author":4,"featured_media":0,"parent":3036,"menu_order":0,"comment_status":"closed","ping_status":"closed","template":"page-child.php","meta":{"footnotes":""},"tags":[],"class_list":["post-3258","page","type-page","status-publish"],"yoast_head":"<!-- This site is optimized with the Yoast SEO plugin v18.4.1 - https:\/\/yoast.com\/wordpress\/plugins\/seo\/ -->\n<title>Centro Ocupacional para Personas con Discapacidad - IDIS. Igualdad, Diversidad, Inclusi\u00f3n y Salud<\/title>\n<meta name=\"robots\" content=\"index, follow, max-snippet:-1, max-image-preview:large, max-video-preview:-1\" \/>\n<link rel=\"canonical\" href=\"https:\/\/idis.conselldeivissa.es\/es\/inclusion\/centro-ocupacional-para-personas-con-discapacidad\/\" \/>\n<meta property=\"og:locale\" content=\"es_ES\" \/>\n<meta property=\"og:type\" content=\"article\" \/>\n<meta property=\"og:title\" content=\"Centro Ocupacional para Personas con Discapacidad - IDIS. Igualdad, Diversidad, Inclusi\u00f3n y Salud\" \/>\n<meta property=\"og:description\" content=\"[vc_row type=\u00bbin_container\u00bb full_screen_row_position=\u00bbmiddle\u00bb column_margin=\u00bbdefault\u00bb column_direction=\u00bbdefault\u00bb column_direction_tablet=\u00bbdefault\u00bb column_direction_phone=\u00bbdefault\u00bb scene_position=\u00bbcenter\u00bb text_color=\u00bbdark\u00bb text_align=\u00bbleft\u00bb row_border_radius=\u00bbnone\u00bb row_border_radius_applies=\u00bbbg\u00bb overlay_strength=\u00bb0.3&#8243; gradient_direction=\u00bbleft_to_right\u00bb shape_divider_position=\u00bbbottom\u00bb bg_image_animation=\u00bbnone\u00bb][vc_column column_padding=\u00bbno-extra-padding\u00bb column_padding_tablet=\u00bbinherit\u00bb column_padding_phone=\u00bbinherit\u00bb column_padding_position=\u00bball\u00bb column_element_spacing=\u00bbdefault\u00bb background_color_opacity=\u00bb1&#8243; background_hover_color_opacity=\u00bb1&#8243; column_shadow=\u00bbnone\u00bb column_border_radius=\u00bbnone\u00bb column_link_target=\u00bb_self\u00bb gradient_direction=\u00bbleft_to_right\u00bb overlay_strength=\u00bb0.3&#8243; width=\u00bb1\/2&#8243; tablet_width_inherit=\u00bbdefault\u00bb...\" \/>\n<meta property=\"og:url\" content=\"https:\/\/idis.conselldeivissa.es\/es\/inclusion\/centro-ocupacional-para-personas-con-discapacidad\/\" \/>\n<meta property=\"og:site_name\" content=\"IDIS. Igualdad, Diversidad, Inclusi\u00f3n y Salud\" \/>\n<meta property=\"article:modified_time\" content=\"2022-05-30T11:15:15+00:00\" \/>\n<meta name=\"twitter:card\" content=\"summary_large_image\" \/>\n<meta name=\"twitter:label1\" content=\"Tiempo de lectura\" \/>\n\t<meta name=\"twitter:data1\" content=\"2 minutos\" \/>\n<script type=\"application\/ld+json\" class=\"yoast-schema-graph\">{\"@context\":\"https:\/\/schema.org\",\"@graph\":[{\"@type\":\"WebSite\",\"@id\":\"https:\/\/idis.conselldeivissa.es\/#website\",\"url\":\"https:\/\/idis.conselldeivissa.es\/\",\"name\":\"IDIS. Igualdad, Diversidad, Inclusi\u00f3n y Salud\",\"description\":\"Consell Insular d&#039;Eivissa\",\"potentialAction\":[{\"@type\":\"SearchAction\",\"target\":{\"@type\":\"EntryPoint\",\"urlTemplate\":\"https:\/\/idis.conselldeivissa.es\/?s={search_term_string}\"},\"query-input\":\"required name=search_term_string\"}],\"inLanguage\":\"es\"},{\"@type\":\"WebPage\",\"@id\":\"https:\/\/idis.conselldeivissa.es\/es\/inclusion\/centro-ocupacional-para-personas-con-discapacidad\/#webpage\",\"url\":\"https:\/\/idis.conselldeivissa.es\/es\/inclusion\/centro-ocupacional-para-personas-con-discapacidad\/\",\"name\":\"Centro Ocupacional para Personas con Discapacidad - IDIS. Igualdad, Diversidad, Inclusi\u00f3n y Salud\",\"isPartOf\":{\"@id\":\"https:\/\/idis.conselldeivissa.es\/#website\"},\"datePublished\":\"2021-11-15T09:14:09+00:00\",\"dateModified\":\"2022-05-30T11:15:15+00:00\",\"breadcrumb\":{\"@id\":\"https:\/\/idis.conselldeivissa.es\/es\/inclusion\/centro-ocupacional-para-personas-con-discapacidad\/#breadcrumb\"},\"inLanguage\":\"es\",\"potentialAction\":[{\"@type\":\"ReadAction\",\"target\":[\"https:\/\/idis.conselldeivissa.es\/es\/inclusion\/centro-ocupacional-para-personas-con-discapacidad\/\"]}]},{\"@type\":\"BreadcrumbList\",\"@id\":\"https:\/\/idis.conselldeivissa.es\/es\/inclusion\/centro-ocupacional-para-personas-con-discapacidad\/#breadcrumb\",\"itemListElement\":[{\"@type\":\"ListItem\",\"position\":1,\"name\":\"Inici\",\"item\":\"https:\/\/idis.conselldeivissa.es\/es\/\"},{\"@type\":\"ListItem\",\"position\":2,\"name\":\"Inclusi\u00f3n\",\"item\":\"https:\/\/idis.conselldeivissa.es\/es\/inclusion\/\"},{\"@type\":\"ListItem\",\"position\":3,\"name\":\"Centro Ocupacional para Personas con Discapacidad\"}]}]}<\/script>\n<!-- \/ Yoast SEO plugin. -->","yoast_head_json":{"title":"Centro Ocupacional para Personas con Discapacidad - IDIS. Igualdad, Diversidad, Inclusi\u00f3n y Salud","robots":{"index":"index","follow":"follow","max-snippet":"max-snippet:-1","max-image-preview":"max-image-preview:large","max-video-preview":"max-video-preview:-1"},"canonical":"https:\/\/idis.conselldeivissa.es\/es\/inclusion\/centro-ocupacional-para-personas-con-discapacidad\/","og_locale":"es_ES","og_type":"article","og_title":"Centro Ocupacional para Personas con Discapacidad - IDIS. Igualdad, Diversidad, Inclusi\u00f3n y Salud","og_description":"[vc_row type=\u00bbin_container\u00bb full_screen_row_position=\u00bbmiddle\u00bb column_margin=\u00bbdefault\u00bb column_direction=\u00bbdefault\u00bb column_direction_tablet=\u00bbdefault\u00bb column_direction_phone=\u00bbdefault\u00bb scene_position=\u00bbcenter\u00bb text_color=\u00bbdark\u00bb text_align=\u00bbleft\u00bb row_border_radius=\u00bbnone\u00bb row_border_radius_applies=\u00bbbg\u00bb overlay_strength=\u00bb0.3&#8243; gradient_direction=\u00bbleft_to_right\u00bb shape_divider_position=\u00bbbottom\u00bb bg_image_animation=\u00bbnone\u00bb][vc_column column_padding=\u00bbno-extra-padding\u00bb column_padding_tablet=\u00bbinherit\u00bb column_padding_phone=\u00bbinherit\u00bb column_padding_position=\u00bball\u00bb column_element_spacing=\u00bbdefault\u00bb background_color_opacity=\u00bb1&#8243; background_hover_color_opacity=\u00bb1&#8243; column_shadow=\u00bbnone\u00bb column_border_radius=\u00bbnone\u00bb column_link_target=\u00bb_self\u00bb gradient_direction=\u00bbleft_to_right\u00bb overlay_strength=\u00bb0.3&#8243; width=\u00bb1\/2&#8243; tablet_width_inherit=\u00bbdefault\u00bb...","og_url":"https:\/\/idis.conselldeivissa.es\/es\/inclusion\/centro-ocupacional-para-personas-con-discapacidad\/","og_site_name":"IDIS. Igualdad, Diversidad, Inclusi\u00f3n y Salud","article_modified_time":"2022-05-30T11:15:15+00:00","twitter_card":"summary_large_image","twitter_misc":{"Tiempo de lectura":"2 minutos"},"schema":{"@context":"https:\/\/schema.org","@graph":[{"@type":"WebSite","@id":"https:\/\/idis.conselldeivissa.es\/#website","url":"https:\/\/idis.conselldeivissa.es\/","name":"IDIS. Igualdad, Diversidad, Inclusi\u00f3n y Salud","description":"Consell Insular d&#039;Eivissa","potentialAction":[{"@type":"SearchAction","target":{"@type":"EntryPoint","urlTemplate":"https:\/\/idis.conselldeivissa.es\/?s={search_term_string}"},"query-input":"required name=search_term_string"}],"inLanguage":"es"},{"@type":"WebPage","@id":"https:\/\/idis.conselldeivissa.es\/es\/inclusion\/centro-ocupacional-para-personas-con-discapacidad\/#webpage","url":"https:\/\/idis.conselldeivissa.es\/es\/inclusion\/centro-ocupacional-para-personas-con-discapacidad\/","name":"Centro Ocupacional para Personas con Discapacidad - IDIS. Igualdad, Diversidad, Inclusi\u00f3n y Salud","isPartOf":{"@id":"https:\/\/idis.conselldeivissa.es\/#website"},"datePublished":"2021-11-15T09:14:09+00:00","dateModified":"2022-05-30T11:15:15+00:00","breadcrumb":{"@id":"https:\/\/idis.conselldeivissa.es\/es\/inclusion\/centro-ocupacional-para-personas-con-discapacidad\/#breadcrumb"},"inLanguage":"es","potentialAction":[{"@type":"ReadAction","target":["https:\/\/idis.conselldeivissa.es\/es\/inclusion\/centro-ocupacional-para-personas-con-discapacidad\/"]}]},{"@type":"BreadcrumbList","@id":"https:\/\/idis.conselldeivissa.es\/es\/inclusion\/centro-ocupacional-para-personas-con-discapacidad\/#breadcrumb","itemListElement":[{"@type":"ListItem","position":1,"name":"Inici","item":"https:\/\/idis.conselldeivissa.es\/es\/"},{"@type":"ListItem","position":2,"name":"Inclusi\u00f3n","item":"https:\/\/idis.conselldeivissa.es\/es\/inclusion\/"},{"@type":"ListItem","position":3,"name":"Centro Ocupacional para Personas con Discapacidad"}]}]}},"acf":[],"_links":{"self":[{"href":"https:\/\/idis.conselldeivissa.es\/es\/wp-json\/wp\/v2\/pages\/3258","targetHints":{"allow":["GET"]}}],"collection":[{"href":"https:\/\/idis.conselldeivissa.es\/es\/wp-json\/wp\/v2\/pages"}],"about":[{"href":"https:\/\/idis.conselldeivissa.es\/es\/wp-json\/wp\/v2\/types\/page"}],"author":[{"embeddable":true,"href":"https:\/\/idis.conselldeivissa.es\/es\/wp-json\/wp\/v2\/users\/4"}],"replies":[{"embeddable":true,"href":"https:\/\/idis.conselldeivissa.es\/es\/wp-json\/wp\/v2\/comments?post=3258"}],"version-history":[{"count":8,"href":"https:\/\/idis.conselldeivissa.es\/es\/wp-json\/wp\/v2\/pages\/3258\/revisions"}],"predecessor-version":[{"id":4910,"href":"https:\/\/idis.conselldeivissa.es\/es\/wp-json\/wp\/v2\/pages\/3258\/revisions\/4910"}],"up":[{"embeddable":true,"href":"https:\/\/idis.conselldeivissa.es\/es\/wp-json\/wp\/v2\/pages\/3036"}],"wp:attachment":[{"href":"https:\/\/idis.conselldeivissa.es\/es\/wp-json\/wp\/v2\/media?parent=3258"}],"wp:term":[{"taxonomy":"post_tag","embeddable":true,"href":"https:\/\/idis.conselldeivissa.es\/es\/wp-json\/wp\/v2\/tags?post=3258"}],"curies":[{"name":"wp","href":"https:\/\/api.w.org\/{rel}","templated":true}]}}