{"id":3237,"date":"2021-11-15T09:41:49","date_gmt":"2021-11-15T08:41:49","guid":{"rendered":"https:\/\/idis.conselldeivissa.es\/inclusion\/servei-dassesorament-i-insercio-laboral-per-a-persones-amb-discapacitat\/"},"modified":"2022-05-30T12:47:56","modified_gmt":"2022-05-30T10:47:56","slug":"servei-dassesorament-i-insercio-laboral-per-a-persones-amb-discapacitat","status":"publish","type":"page","link":"https:\/\/idis.conselldeivissa.es\/es\/inclusion\/servei-dassesorament-i-insercio-laboral-per-a-persones-amb-discapacitat\/","title":{"rendered":"Servicio de Orientaci\u00f3n y de Apoyo a la Inserci\u00f3n Laboral para Personas con Discapacidad"},"content":{"rendered":"[vc_row type=\u00bbin_container\u00bb full_screen_row_position=\u00bbmiddle\u00bb column_margin=\u00bbdefault\u00bb column_direction=\u00bbdefault\u00bb column_direction_tablet=\u00bbdefault\u00bb column_direction_phone=\u00bbdefault\u00bb scene_position=\u00bbcenter\u00bb text_color=\u00bbdark\u00bb text_align=\u00bbleft\u00bb row_border_radius=\u00bbnone\u00bb row_border_radius_applies=\u00bbbg\u00bb overlay_strength=\u00bb0.3&#8243; gradient_direction=\u00bbleft_to_right\u00bb shape_divider_position=\u00bbbottom\u00bb bg_image_animation=\u00bbnone\u00bb][vc_column column_padding=\u00bbno-extra-padding\u00bb column_padding_tablet=\u00bbinherit\u00bb column_padding_phone=\u00bbinherit\u00bb column_padding_position=\u00bball\u00bb column_element_spacing=\u00bbdefault\u00bb background_color_opacity=\u00bb1&#8243; background_hover_color_opacity=\u00bb1&#8243; column_shadow=\u00bbnone\u00bb column_border_radius=\u00bbnone\u00bb column_link_target=\u00bb_self\u00bb gradient_direction=\u00bbleft_to_right\u00bb overlay_strength=\u00bb0.3&#8243; width=\u00bb1\/2&#8243; tablet_width_inherit=\u00bbdefault\u00bb tablet_text_alignment=\u00bbdefault\u00bb phone_text_alignment=\u00bbdefault\u00bb bg_image_animation=\u00bbnone\u00bb border_type=\u00bbsimple\u00bb column_border_width=\u00bbnone\u00bb column_border_style=\u00bbsolid\u00bb][vc_custom_heading source=\u00bbpost_title\u00bb font_container=\u00bbtag:h1|text_align:left\u00bb css=\u00bb.vc_custom_1645100628354{padding-bottom: 30px !important;}\u00bb][vc_column_text css_animation=\u00bbfadeIn\u00bb]El Servicio de Asesoramiento e Inserci\u00f3n Laboral para personas con discapacidad (SAIL-PD), es un servicio de apoyo a la inserci\u00f3n laboral de las personas con discapacidad de Eivissa. Mediante su equipo terap\u00e9utico y utilizando la metodolog\u00eda de trabajo con apoyo, orienta y proporciona apoyo a los usuarios, a sus famlias y a los empresarios en el proceso formativo y de inserci\u00f3n laboral.[\/vc_column_text][vc_column_text css_animation=\u00bbfadeIn\u00bb]El SAIL-PD es un servicio del Consejo Insular de Ibiza que pertenece en la red SOIB Itinerarios Integrales de Inserci\u00f3n, con cofinanciaci\u00f3n del Fondo Social Europeo, por los ejercicios 2019-2020 (BOIB num. 108, de 1 de septiembre de 2018).[\/vc_column_text][vc_column_text css_animation=\u00bbfadeIn\u00bb]<strong>\u00bfA qui\u00e9n va dirigido?<\/strong><\/p>\n<p><strong>A los usuarios:<\/strong><\/p>\n<ul>\n<li>Orientaci\u00f3n y atenci\u00f3n personalizada para realizar un itinerario de formaci\u00f3n y trabajo.<\/li>\n<li>Apoyo y seguimiento a la incorporaci\u00f3n, adaptaci\u00f3n y mantenimiento del puesto de trabajo.<\/li>\n<li>Formaci\u00f3n en un oficio y en las habilidades necesarias para buscar y mantener un trabajo.<\/li>\n<\/ul>\n[\/vc_column_text][vc_column_text css_animation=\u00bbfadeIn\u00bb]<strong>A la fam\u00edlia:<\/strong><\/p>\n<ul>\n<li>Informaci\u00f3n y asesoramiento durante todo el proceso de formaci\u00f3n e inserci\u00f3 laboral.<\/li>\n<\/ul>\n[\/vc_column_text][vc_column_text css_animation=\u00bbfadeIn\u00bb]<strong>Al empresario:<\/strong><\/p>\n<ul>\n<li>Informaci\u00f3n sobre la contrataci\u00f3n de personas con discapacidad.<\/li>\n<li>An\u00e1lisis de puesto de trabajo ofrecido y selecci\u00f3n del trabajador m\u00e1s adecuado.<\/li>\n<li>Presencia de un t\u00e9cnico en el lugar de trabajo para facilitar la adaptaci\u00f3n del trabajador y el aprendizaje de las tareas a desemepe\u00f1ar y seguimiento para facilitar el mantenimiento del puesto de trabajo.<\/li>\n<li>Posibilidad de pr\u00e1cticas en la empresa, previas a la contrataci\u00f3n.<\/li>\n<\/ul>\n[\/vc_column_text][\/vc_column][vc_column column_padding=\u00bbpadding-5-percent\u00bb column_padding_tablet=\u00bbinherit\u00bb column_padding_phone=\u00bbinherit\u00bb column_padding_position=\u00bbleft\u00bb column_element_spacing=\u00bbdefault\u00bb background_color_opacity=\u00bb1&#8243; background_hover_color_opacity=\u00bb1&#8243; column_shadow=\u00bbnone\u00bb column_border_radius=\u00bbnone\u00bb column_link_target=\u00bb_self\u00bb gradient_direction=\u00bbleft_to_right\u00bb overlay_strength=\u00bb0.3&#8243; width=\u00bb1\/2&#8243; tablet_width_inherit=\u00bbdefault\u00bb tablet_text_alignment=\u00bbdefault\u00bb phone_text_alignment=\u00bbdefault\u00bb bg_image_animation=\u00bbnone\u00bb border_type=\u00bbsimple\u00bb column_border_width=\u00bbnone\u00bb column_border_style=\u00bbsolid\u00bb][image_with_animation image_url=\u00bb2323&#8243; animation=\u00bbFade In\u00bb hover_animation=\u00bbnone\u00bb alignment=\u00bb\u00bb border_radius=\u00bbnone\u00bb box_shadow=\u00bbnone\u00bb image_loading=\u00bbdefault\u00bb max_width=\u00bb100%\u00bb max_width_mobile=\u00bbdefault\u00bb][vc_custom_heading text=\u00bbInformaci\u00f3n y atenci\u00f3n\u00bb][vc_raw_html]JTNDZGl2JTNFJTBBJTNDc3Ryb25nJTNFRGlyZWNjaSVDMyVCM24lM0ElMjAlM0MlMkZzdHJvbmclM0UlM0MlMkZiciUzRSUyMCUwQUMlMkYlMjBkZSUyMENvc21lJTIwVmlkYWwlMjBMbCVDMyVBMHNlciUyQyUyMHMlMkZuJTIwJTNDJTJGYnIlM0UlMEElMjhFZGlmaWNpJTIwZGUlMjBTZXJ2ZWlzJTIwU29jaWFscyUyOSUyMCUzQyUyRmJyJTNFJTBBMDc4MDAlMjBFaXZpc3NhJTNDJTJGYnIlM0UlMEElM0MlMkZkaXYlM0UlMEElM0NkaXYlM0UlMEElM0NzdHJvbmclM0VDb250YWN0byUzQSUyMCUzQyUyRmJyJTNFJTNDJTJGc3Ryb25nJTNFJTBBJTNDc3Ryb25nJTNFVGVsLiUzQSUyMCUzQyUyRnN0cm9uZyUzRTk3MSUyMDMwNyUyMDM1MyUyMCUyRiUyMDk3MSUyMDM5MyUyMDQzMyUzQyUyRmJyJTNFJTBBJTNDc3Ryb25nJTNFJTNDZW0lM0VFbWFpbCUzQSUyMCUzQyUyRmVtJTNFJTNDJTJGc3Ryb25nJTNFJTIwJTNDYSUyMGhyZWYlM0QlMjJtYWlsdG8lM0FzYWlsLXBkJTQwY29uc2VsbGRlaXZpc3NhLmVzJTIyJTIwdGFyZ2V0JTNEJTIyX2JsYW5rJTIyJTNFc2FpbC1wZCU0MGNvbnNlbGxkZWl2aXNzYS5lcyUyMCUzQyUyRmklM0UlM0MlMkZhJTNFJTNDJTJGYnIlM0UlMEElM0NzdHJvbmclM0VXZWIlM0ElMjAlM0MlMkZzdHJvbmclM0UlMjAlM0NhJTIwaHJlZiUzRCUyMmh0dHBzJTNBJTJGJTJGd3d3LmNvbnNlbGxkZWl2aXNzYS5lcyUyRmRlcGFydGFtZW50cyUyRmJlbmVzdGFyLXNvY2lhbC1pLXJlY3Vyc29zLWh1bWFucyUyRmJlbmVzdGFyLXNvY2lhbCUyRnBlcnNvbmFzLWFtYi1kaXNjYXBhY2l0YXQlMjIlMjB0YXJnZXQlM0QlMjJfYmxhbmslMjIlM0UlMjB3d3cuY29uc2VsbGRlaXZpc3NhLmVzJTIwJTNDJTJGaSUzRSUzQyUyRmElM0UlM0MlMkZiciUzRSUwQSUzQyUyRmRpdiUzRSUwQSUwQSUzQ2RpdiUyMGNsYXNzJTNEJTIyaG9yYXJpJTIyJTNFJTBBJTNDc3Ryb25nJTNFSG9yYXJpbyUzQSUyMCUzQyUyRmJyJTNFJTIwJTNDJTJGc3Ryb25nJTNFRGUlMjA4LjAwJTIwYSUyMDE1LjAwJTIwaG9yYXMlMjAlMjhkZSUyMGx1bmVzJTIwYSUyMHZpZXJuZXMlMjklM0MlMkZiciUzRSUyMCUwQSUzQyUyRmRpdiUzRSUwOSUwOSUwOSUwOSUwQSUzQyUyRmRpdiUzRSUwQQ==[\/vc_raw_html][divider line_type=\u00bbNo Line\u00bb][vc_raw_html]JTNDZGl2JTIwY2xhc3MlM0QlMjJpY29ub3MtYXNvY2lhY2lvbmVzJTIyJTNFJTBBJTNDYSUyMGhyZWYlM0QlMjJodHRwcyUzQSUyRiUyRnd3dy5mYWNlYm9vay5jb20lMkZwZW9wbGUlMkZTYWlscGQtU2FpbHBkLUNvbnNlbGwtRC1FaXZpc3NhJTJGMTAwMDU0NjUwMTMwNDM2JTJGJTIyJTIwdGFyZ2V0JTNEJTIyX2JsYW5rJTIyJTNFJTNDaSUyMGNsYXNzJTNEJTIyZmElMjBmYS1mYWNlYm9vayUyMiUzRSUzQyUyRmklM0UlM0MlMkZhJTNFJTA5JTA5JTA5JTBBJTNDYSUyMGhyZWYlM0QlMjJodHRwcyUzQSUyRiUyRnR3aXR0ZXIuY29tJTJGc2FpbHBkJTNGbGFuZyUzRGVzJTIyJTIwdGFyZ2V0JTNEJTIyX2JsYW5rJTIyJTNFJTNDaSUyMGNsYXNzJTNEJTIyZmElMjBmYS10d2l0dGVyJTIyJTNFJTNDJTJGaSUzRSUzQyUyRmElM0UlMDklMDklMDklMDklMDklMEElM0MlMkZkaXYlM0UlMEE=[\/vc_raw_html][\/vc_column][\/vc_row]\n","protected":false},"excerpt":{"rendered":"<p>[vc_row type=\u00bbin_container\u00bb full_screen_row_position=\u00bbmiddle\u00bb column_margin=\u00bbdefault\u00bb column_direction=\u00bbdefault\u00bb column_direction_tablet=\u00bbdefault\u00bb column_direction_phone=\u00bbdefault\u00bb scene_position=\u00bbcenter\u00bb text_color=\u00bbdark\u00bb text_align=\u00bbleft\u00bb row_border_radius=\u00bbnone\u00bb row_border_radius_applies=\u00bbbg\u00bb overlay_strength=\u00bb0.3&#8243; gradient_direction=\u00bbleft_to_right\u00bb shape_divider_position=\u00bbbottom\u00bb bg_image_animation=\u00bbnone\u00bb][vc_column column_padding=\u00bbno-extra-padding\u00bb column_padding_tablet=\u00bbinherit\u00bb column_padding_phone=\u00bbinherit\u00bb column_padding_position=\u00bball\u00bb column_element_spacing=\u00bbdefault\u00bb background_color_opacity=\u00bb1&#8243; background_hover_color_opacity=\u00bb1&#8243; column_shadow=\u00bbnone\u00bb column_border_radius=\u00bbnone\u00bb column_link_target=\u00bb_self\u00bb gradient_direction=\u00bbleft_to_right\u00bb overlay_strength=\u00bb0.3&#8243; width=\u00bb1\/2&#8243; tablet_width_inherit=\u00bbdefault\u00bb&#8230;<\/p>\n","protected":false},"author":4,"featured_media":0,"parent":3036,"menu_order":0,"comment_status":"closed","ping_status":"closed","template":"page-child.php","meta":{"footnotes":""},"tags":[],"class_list":["post-3237","page","type-page","status-publish"],"yoast_head":"<!-- This site is optimized with the Yoast SEO plugin v18.4.1 - https:\/\/yoast.com\/wordpress\/plugins\/seo\/ -->\n<title>Servicio de Orientaci\u00f3n y de Apoyo a la Inserci\u00f3n Laboral para Personas con Discapacidad - IDIS. Igualdad, Diversidad, Inclusi\u00f3n y Salud<\/title>\n<meta name=\"robots\" content=\"index, follow, max-snippet:-1, max-image-preview:large, max-video-preview:-1\" \/>\n<link rel=\"canonical\" href=\"https:\/\/idis.conselldeivissa.es\/es\/inclusion\/servei-dassesorament-i-insercio-laboral-per-a-persones-amb-discapacitat\/\" \/>\n<meta property=\"og:locale\" content=\"es_ES\" \/>\n<meta property=\"og:type\" content=\"article\" \/>\n<meta property=\"og:title\" content=\"Servicio de Orientaci\u00f3n y de Apoyo a la Inserci\u00f3n Laboral para Personas con Discapacidad - IDIS. Igualdad, Diversidad, Inclusi\u00f3n y Salud\" \/>\n<meta property=\"og:description\" content=\"[vc_row type=\u00bbin_container\u00bb full_screen_row_position=\u00bbmiddle\u00bb column_margin=\u00bbdefault\u00bb column_direction=\u00bbdefault\u00bb column_direction_tablet=\u00bbdefault\u00bb column_direction_phone=\u00bbdefault\u00bb scene_position=\u00bbcenter\u00bb text_color=\u00bbdark\u00bb text_align=\u00bbleft\u00bb row_border_radius=\u00bbnone\u00bb row_border_radius_applies=\u00bbbg\u00bb overlay_strength=\u00bb0.3&#8243; gradient_direction=\u00bbleft_to_right\u00bb shape_divider_position=\u00bbbottom\u00bb bg_image_animation=\u00bbnone\u00bb][vc_column column_padding=\u00bbno-extra-padding\u00bb column_padding_tablet=\u00bbinherit\u00bb column_padding_phone=\u00bbinherit\u00bb column_padding_position=\u00bball\u00bb column_element_spacing=\u00bbdefault\u00bb background_color_opacity=\u00bb1&#8243; background_hover_color_opacity=\u00bb1&#8243; column_shadow=\u00bbnone\u00bb column_border_radius=\u00bbnone\u00bb column_link_target=\u00bb_self\u00bb gradient_direction=\u00bbleft_to_right\u00bb overlay_strength=\u00bb0.3&#8243; width=\u00bb1\/2&#8243; tablet_width_inherit=\u00bbdefault\u00bb...\" \/>\n<meta property=\"og:url\" content=\"https:\/\/idis.conselldeivissa.es\/es\/inclusion\/servei-dassesorament-i-insercio-laboral-per-a-persones-amb-discapacitat\/\" \/>\n<meta property=\"og:site_name\" content=\"IDIS. Igualdad, Diversidad, Inclusi\u00f3n y Salud\" \/>\n<meta property=\"article:modified_time\" content=\"2022-05-30T10:47:56+00:00\" \/>\n<meta name=\"twitter:card\" content=\"summary_large_image\" \/>\n<meta name=\"twitter:label1\" content=\"Tiempo de lectura\" \/>\n\t<meta name=\"twitter:data1\" content=\"2 minutos\" \/>\n<script type=\"application\/ld+json\" class=\"yoast-schema-graph\">{\"@context\":\"https:\/\/schema.org\",\"@graph\":[{\"@type\":\"WebSite\",\"@id\":\"https:\/\/idis.conselldeivissa.es\/#website\",\"url\":\"https:\/\/idis.conselldeivissa.es\/\",\"name\":\"IDIS. Igualdad, Diversidad, Inclusi\u00f3n y Salud\",\"description\":\"Consell Insular d&#039;Eivissa\",\"potentialAction\":[{\"@type\":\"SearchAction\",\"target\":{\"@type\":\"EntryPoint\",\"urlTemplate\":\"https:\/\/idis.conselldeivissa.es\/?s={search_term_string}\"},\"query-input\":\"required name=search_term_string\"}],\"inLanguage\":\"es\"},{\"@type\":\"WebPage\",\"@id\":\"https:\/\/idis.conselldeivissa.es\/es\/inclusion\/servei-dassesorament-i-insercio-laboral-per-a-persones-amb-discapacitat\/#webpage\",\"url\":\"https:\/\/idis.conselldeivissa.es\/es\/inclusion\/servei-dassesorament-i-insercio-laboral-per-a-persones-amb-discapacitat\/\",\"name\":\"Servicio de Orientaci\u00f3n y de Apoyo a la Inserci\u00f3n Laboral para Personas con Discapacidad - IDIS. Igualdad, Diversidad, Inclusi\u00f3n y Salud\",\"isPartOf\":{\"@id\":\"https:\/\/idis.conselldeivissa.es\/#website\"},\"datePublished\":\"2021-11-15T08:41:49+00:00\",\"dateModified\":\"2022-05-30T10:47:56+00:00\",\"breadcrumb\":{\"@id\":\"https:\/\/idis.conselldeivissa.es\/es\/inclusion\/servei-dassesorament-i-insercio-laboral-per-a-persones-amb-discapacitat\/#breadcrumb\"},\"inLanguage\":\"es\",\"potentialAction\":[{\"@type\":\"ReadAction\",\"target\":[\"https:\/\/idis.conselldeivissa.es\/es\/inclusion\/servei-dassesorament-i-insercio-laboral-per-a-persones-amb-discapacitat\/\"]}]},{\"@type\":\"BreadcrumbList\",\"@id\":\"https:\/\/idis.conselldeivissa.es\/es\/inclusion\/servei-dassesorament-i-insercio-laboral-per-a-persones-amb-discapacitat\/#breadcrumb\",\"itemListElement\":[{\"@type\":\"ListItem\",\"position\":1,\"name\":\"Inici\",\"item\":\"https:\/\/idis.conselldeivissa.es\/es\/\"},{\"@type\":\"ListItem\",\"position\":2,\"name\":\"Inclusi\u00f3n\",\"item\":\"https:\/\/idis.conselldeivissa.es\/es\/inclusion\/\"},{\"@type\":\"ListItem\",\"position\":3,\"name\":\"Servicio de Orientaci\u00f3n y de Apoyo a la Inserci\u00f3n Laboral para Personas con Discapacidad\"}]}]}<\/script>\n<!-- \/ Yoast SEO plugin. -->","yoast_head_json":{"title":"Servicio de Orientaci\u00f3n y de Apoyo a la Inserci\u00f3n Laboral para Personas con Discapacidad - IDIS. Igualdad, Diversidad, Inclusi\u00f3n y Salud","robots":{"index":"index","follow":"follow","max-snippet":"max-snippet:-1","max-image-preview":"max-image-preview:large","max-video-preview":"max-video-preview:-1"},"canonical":"https:\/\/idis.conselldeivissa.es\/es\/inclusion\/servei-dassesorament-i-insercio-laboral-per-a-persones-amb-discapacitat\/","og_locale":"es_ES","og_type":"article","og_title":"Servicio de Orientaci\u00f3n y de Apoyo a la Inserci\u00f3n Laboral para Personas con Discapacidad - IDIS. Igualdad, Diversidad, Inclusi\u00f3n y Salud","og_description":"[vc_row type=\u00bbin_container\u00bb full_screen_row_position=\u00bbmiddle\u00bb column_margin=\u00bbdefault\u00bb column_direction=\u00bbdefault\u00bb column_direction_tablet=\u00bbdefault\u00bb column_direction_phone=\u00bbdefault\u00bb scene_position=\u00bbcenter\u00bb text_color=\u00bbdark\u00bb text_align=\u00bbleft\u00bb row_border_radius=\u00bbnone\u00bb row_border_radius_applies=\u00bbbg\u00bb overlay_strength=\u00bb0.3&#8243; gradient_direction=\u00bbleft_to_right\u00bb shape_divider_position=\u00bbbottom\u00bb bg_image_animation=\u00bbnone\u00bb][vc_column column_padding=\u00bbno-extra-padding\u00bb column_padding_tablet=\u00bbinherit\u00bb column_padding_phone=\u00bbinherit\u00bb column_padding_position=\u00bball\u00bb column_element_spacing=\u00bbdefault\u00bb background_color_opacity=\u00bb1&#8243; background_hover_color_opacity=\u00bb1&#8243; column_shadow=\u00bbnone\u00bb column_border_radius=\u00bbnone\u00bb column_link_target=\u00bb_self\u00bb gradient_direction=\u00bbleft_to_right\u00bb overlay_strength=\u00bb0.3&#8243; width=\u00bb1\/2&#8243; tablet_width_inherit=\u00bbdefault\u00bb...","og_url":"https:\/\/idis.conselldeivissa.es\/es\/inclusion\/servei-dassesorament-i-insercio-laboral-per-a-persones-amb-discapacitat\/","og_site_name":"IDIS. Igualdad, Diversidad, Inclusi\u00f3n y Salud","article_modified_time":"2022-05-30T10:47:56+00:00","twitter_card":"summary_large_image","twitter_misc":{"Tiempo de lectura":"2 minutos"},"schema":{"@context":"https:\/\/schema.org","@graph":[{"@type":"WebSite","@id":"https:\/\/idis.conselldeivissa.es\/#website","url":"https:\/\/idis.conselldeivissa.es\/","name":"IDIS. Igualdad, Diversidad, Inclusi\u00f3n y Salud","description":"Consell Insular d&#039;Eivissa","potentialAction":[{"@type":"SearchAction","target":{"@type":"EntryPoint","urlTemplate":"https:\/\/idis.conselldeivissa.es\/?s={search_term_string}"},"query-input":"required name=search_term_string"}],"inLanguage":"es"},{"@type":"WebPage","@id":"https:\/\/idis.conselldeivissa.es\/es\/inclusion\/servei-dassesorament-i-insercio-laboral-per-a-persones-amb-discapacitat\/#webpage","url":"https:\/\/idis.conselldeivissa.es\/es\/inclusion\/servei-dassesorament-i-insercio-laboral-per-a-persones-amb-discapacitat\/","name":"Servicio de Orientaci\u00f3n y de Apoyo a la Inserci\u00f3n Laboral para Personas con Discapacidad - IDIS. Igualdad, Diversidad, Inclusi\u00f3n y Salud","isPartOf":{"@id":"https:\/\/idis.conselldeivissa.es\/#website"},"datePublished":"2021-11-15T08:41:49+00:00","dateModified":"2022-05-30T10:47:56+00:00","breadcrumb":{"@id":"https:\/\/idis.conselldeivissa.es\/es\/inclusion\/servei-dassesorament-i-insercio-laboral-per-a-persones-amb-discapacitat\/#breadcrumb"},"inLanguage":"es","potentialAction":[{"@type":"ReadAction","target":["https:\/\/idis.conselldeivissa.es\/es\/inclusion\/servei-dassesorament-i-insercio-laboral-per-a-persones-amb-discapacitat\/"]}]},{"@type":"BreadcrumbList","@id":"https:\/\/idis.conselldeivissa.es\/es\/inclusion\/servei-dassesorament-i-insercio-laboral-per-a-persones-amb-discapacitat\/#breadcrumb","itemListElement":[{"@type":"ListItem","position":1,"name":"Inici","item":"https:\/\/idis.conselldeivissa.es\/es\/"},{"@type":"ListItem","position":2,"name":"Inclusi\u00f3n","item":"https:\/\/idis.conselldeivissa.es\/es\/inclusion\/"},{"@type":"ListItem","position":3,"name":"Servicio de Orientaci\u00f3n y de Apoyo a la Inserci\u00f3n Laboral para Personas con Discapacidad"}]}]}},"acf":[],"_links":{"self":[{"href":"https:\/\/idis.conselldeivissa.es\/es\/wp-json\/wp\/v2\/pages\/3237","targetHints":{"allow":["GET"]}}],"collection":[{"href":"https:\/\/idis.conselldeivissa.es\/es\/wp-json\/wp\/v2\/pages"}],"about":[{"href":"https:\/\/idis.conselldeivissa.es\/es\/wp-json\/wp\/v2\/types\/page"}],"author":[{"embeddable":true,"href":"https:\/\/idis.conselldeivissa.es\/es\/wp-json\/wp\/v2\/users\/4"}],"replies":[{"embeddable":true,"href":"https:\/\/idis.conselldeivissa.es\/es\/wp-json\/wp\/v2\/comments?post=3237"}],"version-history":[{"count":13,"href":"https:\/\/idis.conselldeivissa.es\/es\/wp-json\/wp\/v2\/pages\/3237\/revisions"}],"predecessor-version":[{"id":4257,"href":"https:\/\/idis.conselldeivissa.es\/es\/wp-json\/wp\/v2\/pages\/3237\/revisions\/4257"}],"up":[{"embeddable":true,"href":"https:\/\/idis.conselldeivissa.es\/es\/wp-json\/wp\/v2\/pages\/3036"}],"wp:attachment":[{"href":"https:\/\/idis.conselldeivissa.es\/es\/wp-json\/wp\/v2\/media?parent=3237"}],"wp:term":[{"taxonomy":"post_tag","embeddable":true,"href":"https:\/\/idis.conselldeivissa.es\/es\/wp-json\/wp\/v2\/tags?post=3237"}],"curies":[{"name":"wp","href":"https:\/\/api.w.org\/{rel}","templated":true}]}}