{"id":3183,"date":"2021-11-16T11:25:12","date_gmt":"2021-11-16T10:25:12","guid":{"rendered":"https:\/\/idis.conselldeivissa.es\/igualdad\/violencia-de-genero\/v-jornades-sobre-prostitucio-a-eivissa\/"},"modified":"2022-07-20T10:31:44","modified_gmt":"2022-07-20T08:31:44","slug":"v-jornadas-sobre-prostitucion-en-ibiza","status":"publish","type":"page","link":"https:\/\/idis.conselldeivissa.es\/es\/igualdad\/recursos-multimedia\/v-jornadas-sobre-prostitucion-en-ibiza\/","title":{"rendered":"V Jornadas sobre Prostituci\u00f3n en Eivissa 2021"},"content":{"rendered":"[vc_row type=\u00bbin_container\u00bb full_screen_row_position=\u00bbmiddle\u00bb column_margin=\u00bbdefault\u00bb column_direction=\u00bbdefault\u00bb column_direction_tablet=\u00bbdefault\u00bb column_direction_phone=\u00bbdefault\u00bb scene_position=\u00bbcenter\u00bb text_color=\u00bbdark\u00bb text_align=\u00bbleft\u00bb row_border_radius=\u00bbnone\u00bb row_border_radius_applies=\u00bbbg\u00bb overlay_strength=\u00bb0.3&#8243; gradient_direction=\u00bbleft_to_right\u00bb shape_divider_position=\u00bbbottom\u00bb bg_image_animation=\u00bbnone\u00bb][vc_column column_padding=\u00bbno-extra-padding\u00bb column_padding_tablet=\u00bbinherit\u00bb column_padding_phone=\u00bbinherit\u00bb column_padding_position=\u00bball\u00bb column_element_spacing=\u00bbdefault\u00bb background_color_opacity=\u00bb1&#8243; background_hover_color_opacity=\u00bb1&#8243; column_shadow=\u00bbnone\u00bb column_border_radius=\u00bbnone\u00bb column_link_target=\u00bb_self\u00bb gradient_direction=\u00bbleft_to_right\u00bb overlay_strength=\u00bb0.3&#8243; width=\u00bb1\/2&#8243; tablet_width_inherit=\u00bbdefault\u00bb tablet_text_alignment=\u00bbdefault\u00bb phone_text_alignment=\u00bbdefault\u00bb bg_image_animation=\u00bbnone\u00bb border_type=\u00bbsimple\u00bb column_border_width=\u00bbnone\u00bb column_border_style=\u00bbsolid\u00bb][vc_custom_heading source=\u00bbpost_title\u00bb font_container=\u00bbtag:h1|text_align:left|color:%233b164a\u00bb use_theme_fonts=\u00bbyes\u00bb][vc_column_text el_class=\u00bbfechasGen\u00bb css=\u00bb.vc_custom_1652359115849{padding-bottom: 30px !important;}\u00bb]15 SEPTIEMBRE DE 2021[\/vc_column_text][vc_column_text css_animation=\u00bbfadeIn\u00bb]La consejera de Bienestar Social y Recursos Humanos del Consell Insular d\u2019Eivissa, Carolina Escandell, la directora de la Oficina de la Mujer, Tonyi Ferrer, y Roc\u00edo L\u00f3pez, de M\u00e9dicos del Mundo, han presentado el programa de actos organizado para celebrar las V Jornadas sobre Prostituci\u00f3n que este a\u00f1o tiene como lema \u00abUn camino para buscar la abolici\u00f3n\u00bb. Estas jornadas se celebran para conmemorar el 23 de septiembre el D\u00eda Internacional Contra la Explotaci\u00f3n Sexual y el Tr\u00e1fico de Personas.[\/vc_column_text][vc_column_text css_animation=\u00bbfadeIn\u00bb]A lo largo del jueves 23 y del viernes 24 de septiembre, el Centro Cultural de Jes\u00fas acoger\u00e1 una serie de charlas y espacios de debate donde los expertos participantes, t\u00e9cnicos del ONG M\u00e9dicos del Mundo en Baleares y Catalu\u00f1a, abordar\u00e1n cuestiones como las metodolog\u00edas y las alternativas abolicionistas en la intervenci\u00f3n con mujeres a la prostituci\u00f3n o de los proyectos de atenci\u00f3n integral a la prostituci\u00f3n. Adem\u00e1s, el jueves a las 18.00 horas a Sa Punta des Mol\u00ed, en Sant Antoni, habr\u00e1 un desfile de moda de la marca solidaria \u2018Dona Kolors\u2019, firma de vestir femenina y proyecto social que ofrece una oportunidad laboral a las mujeres en riesgo de exclusi\u00f3n social. Adem\u00e1s, el lunes 27 de septiembre a las 12.00 horas se inaugura la exposici\u00f3n de Abel Azcona \u00abLos Padres\u00bb.[\/vc_column_text][vc_custom_heading text=\u00bbVideos\u00bb css=\u00bb.vc_custom_1643714475103{padding-top: 40px !important;padding-bottom: 15px !important;}\u00bb][vc_custom_heading text=\u00bb1\u00aa parte (23\/09\/2021)\u00bb][vc_video link=\u00bbhttps:\/\/vimeo.com\/731296467&#8243;][divider line_type=\u00bbNo Line\u00bb][vc_custom_heading text=\u00bb2\u00aa parte (24\/09\/2021)\u00bb][vc_video link=\u00bbhttps:\/\/vimeo.com\/729525868&#8243;][\/vc_column][vc_column column_padding=\u00bbpadding-5-percent\u00bb column_padding_tablet=\u00bbinherit\u00bb column_padding_phone=\u00bbinherit\u00bb column_padding_position=\u00bbleft\u00bb column_element_spacing=\u00bbdefault\u00bb background_color_opacity=\u00bb1&#8243; background_hover_color_opacity=\u00bb1&#8243; column_shadow=\u00bbnone\u00bb column_border_radius=\u00bbnone\u00bb column_link_target=\u00bb_self\u00bb gradient_direction=\u00bbleft_to_right\u00bb overlay_strength=\u00bb0.3&#8243; width=\u00bb1\/2&#8243; tablet_width_inherit=\u00bbdefault\u00bb tablet_text_alignment=\u00bbdefault\u00bb phone_text_alignment=\u00bbdefault\u00bb bg_image_animation=\u00bbnone\u00bb border_type=\u00bbsimple\u00bb column_border_width=\u00bbnone\u00bb column_border_style=\u00bbsolid\u00bb][image_with_animation image_url=\u00bb2766&#8243; animation=\u00bbFade In\u00bb hover_animation=\u00bbnone\u00bb alignment=\u00bb\u00bb border_radius=\u00bbnone\u00bb box_shadow=\u00bbnone\u00bb image_loading=\u00bbdefault\u00bb max_width=\u00bb100%\u00bb max_width_mobile=\u00bbdefault\u00bb][vc_custom_heading text=\u00bbDescargas\u00bb css=\u00bb.vc_custom_1643714553787{padding-top: 40px !important;padding-bottom: 15px !important;}\u00bb]<div class=\"iwithtext\"><div class=\"iwt-icon\"> <i class=\"icon-default-style fa fa-file-pdf-o accent-color\"><\/i> <\/div><div class=\"iwt-text\"> <a href=\"https:\/\/idis.conselldeivissa.es\/wp-content\/uploads\/2021\/11\/1.4.3.2-Cartel-V-Jornades-sobre-Prostitucia%CC%A8-a-Eivissa_compressed.pdf\" target=\"_blank\" rel=\"noopener\">Cartel de les V Jornadas sobre Prostituci\u00f3n en Ibiza<\/a> <\/div><div class=\"clear\"><\/div><\/div>[divider line_type=\u00bbNo Line\u00bb]<div class=\"iwithtext\"><div class=\"iwt-icon\"> <i class=\"icon-default-style fa fa-file-pdf-o accent-color\"><\/i> <\/div><div class=\"iwt-text\"> <a href=\"https:\/\/idis.conselldeivissa.es\/wp-content\/uploads\/2021\/11\/1.4.3.2-Cartell-Exposicia%CC%A8-dAbel-Azcona-Los-Pares_compressed.pdf\" target=\"_blank\" rel=\"noopener\">Cartel de Exposici\u00f3n de Abel Azcona<\/a> <\/div><div class=\"clear\"><\/div><\/div>[divider line_type=\u00bbNo Line\u00bb]<div class=\"iwithtext\"><div class=\"iwt-icon\"> <i class=\"icon-default-style fa fa-file-pdf-o accent-color\"><\/i> <\/div><div class=\"iwt-text\"> <a href=\"https:\/\/idis.conselldeivissa.es\/wp-content\/uploads\/2021\/11\/1.4.3.2-Cartel-Desfilada-de-Sa-Punta-des-Mol-_compressed.pdf\" target=\"_blank\" rel=\"noopener\">Desfilada a Sa Punta des Mol\u00ed<\/a> <\/div><div class=\"clear\"><\/div><\/div>[\/vc_column][\/vc_row][vc_row type=\u00bbin_container\u00bb full_screen_row_position=\u00bbmiddle\u00bb column_margin=\u00bbdefault\u00bb column_direction=\u00bbdefault\u00bb column_direction_tablet=\u00bbdefault\u00bb column_direction_phone=\u00bbdefault\u00bb scene_position=\u00bbcenter\u00bb text_color=\u00bbdark\u00bb text_align=\u00bbleft\u00bb row_border_radius=\u00bbnone\u00bb row_border_radius_applies=\u00bbbg\u00bb overlay_strength=\u00bb0.3&#8243; gradient_direction=\u00bbleft_to_right\u00bb shape_divider_position=\u00bbbottom\u00bb bg_image_animation=\u00bbnone\u00bb][vc_column column_padding=\u00bbno-extra-padding\u00bb column_padding_tablet=\u00bbinherit\u00bb column_padding_phone=\u00bbinherit\u00bb column_padding_position=\u00bball\u00bb column_element_spacing=\u00bbdefault\u00bb background_color_opacity=\u00bb1&#8243; background_hover_color_opacity=\u00bb1&#8243; column_shadow=\u00bbnone\u00bb column_border_radius=\u00bbnone\u00bb column_link_target=\u00bb_self\u00bb gradient_direction=\u00bbleft_to_right\u00bb overlay_strength=\u00bb0.3&#8243; width=\u00bb1\/1&#8243; tablet_width_inherit=\u00bbdefault\u00bb tablet_text_alignment=\u00bbdefault\u00bb phone_text_alignment=\u00bbdefault\u00bb bg_image_animation=\u00bbnone\u00bb border_type=\u00bbsimple\u00bb column_border_width=\u00bbnone\u00bb column_border_style=\u00bbsolid\u00bb][\/vc_column][\/vc_row]\n","protected":false},"excerpt":{"rendered":"<p>[vc_row type=\u00bbin_container\u00bb full_screen_row_position=\u00bbmiddle\u00bb column_margin=\u00bbdefault\u00bb column_direction=\u00bbdefault\u00bb column_direction_tablet=\u00bbdefault\u00bb column_direction_phone=\u00bbdefault\u00bb scene_position=\u00bbcenter\u00bb text_color=\u00bbdark\u00bb text_align=\u00bbleft\u00bb row_border_radius=\u00bbnone\u00bb row_border_radius_applies=\u00bbbg\u00bb overlay_strength=\u00bb0.3&#8243; gradient_direction=\u00bbleft_to_right\u00bb shape_divider_position=\u00bbbottom\u00bb bg_image_animation=\u00bbnone\u00bb][vc_column column_padding=\u00bbno-extra-padding\u00bb column_padding_tablet=\u00bbinherit\u00bb column_padding_phone=\u00bbinherit\u00bb column_padding_position=\u00bball\u00bb column_element_spacing=\u00bbdefault\u00bb background_color_opacity=\u00bb1&#8243; background_hover_color_opacity=\u00bb1&#8243; column_shadow=\u00bbnone\u00bb column_border_radius=\u00bbnone\u00bb column_link_target=\u00bb_self\u00bb gradient_direction=\u00bbleft_to_right\u00bb overlay_strength=\u00bb0.3&#8243; width=\u00bb1\/2&#8243; tablet_width_inherit=\u00bbdefault\u00bb&#8230;<\/p>\n","protected":false},"author":5,"featured_media":0,"parent":4049,"menu_order":0,"comment_status":"closed","ping_status":"closed","template":"page-child.php","meta":{"footnotes":""},"tags":[],"class_list":["post-3183","page","type-page","status-publish"],"yoast_head":"<!-- This site is optimized with the Yoast SEO plugin v18.4.1 - https:\/\/yoast.com\/wordpress\/plugins\/seo\/ -->\n<title>V Jornadas sobre Prostituci\u00f3n en Eivissa 2021 - IDIS. Igualdad, Diversidad, Inclusi\u00f3n y Salud<\/title>\n<meta name=\"robots\" content=\"index, follow, max-snippet:-1, max-image-preview:large, max-video-preview:-1\" \/>\n<link rel=\"canonical\" href=\"https:\/\/idis.conselldeivissa.es\/es\/igualdad\/recursos-multimedia\/v-jornadas-sobre-prostitucion-en-ibiza\/\" \/>\n<meta property=\"og:locale\" content=\"es_ES\" \/>\n<meta property=\"og:type\" content=\"article\" \/>\n<meta property=\"og:title\" content=\"V Jornadas sobre Prostituci\u00f3n en Eivissa 2021 - IDIS. Igualdad, Diversidad, Inclusi\u00f3n y Salud\" \/>\n<meta property=\"og:description\" content=\"[vc_row type=\u00bbin_container\u00bb full_screen_row_position=\u00bbmiddle\u00bb column_margin=\u00bbdefault\u00bb column_direction=\u00bbdefault\u00bb column_direction_tablet=\u00bbdefault\u00bb column_direction_phone=\u00bbdefault\u00bb scene_position=\u00bbcenter\u00bb text_color=\u00bbdark\u00bb text_align=\u00bbleft\u00bb row_border_radius=\u00bbnone\u00bb row_border_radius_applies=\u00bbbg\u00bb overlay_strength=\u00bb0.3&#8243; gradient_direction=\u00bbleft_to_right\u00bb shape_divider_position=\u00bbbottom\u00bb bg_image_animation=\u00bbnone\u00bb][vc_column column_padding=\u00bbno-extra-padding\u00bb column_padding_tablet=\u00bbinherit\u00bb column_padding_phone=\u00bbinherit\u00bb column_padding_position=\u00bball\u00bb column_element_spacing=\u00bbdefault\u00bb background_color_opacity=\u00bb1&#8243; background_hover_color_opacity=\u00bb1&#8243; column_shadow=\u00bbnone\u00bb column_border_radius=\u00bbnone\u00bb column_link_target=\u00bb_self\u00bb gradient_direction=\u00bbleft_to_right\u00bb overlay_strength=\u00bb0.3&#8243; width=\u00bb1\/2&#8243; tablet_width_inherit=\u00bbdefault\u00bb...\" \/>\n<meta property=\"og:url\" content=\"https:\/\/idis.conselldeivissa.es\/es\/igualdad\/recursos-multimedia\/v-jornadas-sobre-prostitucion-en-ibiza\/\" \/>\n<meta property=\"og:site_name\" content=\"IDIS. Igualdad, Diversidad, Inclusi\u00f3n y Salud\" \/>\n<meta property=\"article:modified_time\" content=\"2022-07-20T08:31:44+00:00\" \/>\n<meta name=\"twitter:card\" content=\"summary_large_image\" \/>\n<meta name=\"twitter:label1\" content=\"Tiempo de lectura\" \/>\n\t<meta name=\"twitter:data1\" content=\"2 minutos\" \/>\n<script type=\"application\/ld+json\" class=\"yoast-schema-graph\">{\"@context\":\"https:\/\/schema.org\",\"@graph\":[{\"@type\":\"WebSite\",\"@id\":\"https:\/\/idis.conselldeivissa.es\/#website\",\"url\":\"https:\/\/idis.conselldeivissa.es\/\",\"name\":\"IDIS. Igualdad, Diversidad, Inclusi\u00f3n y Salud\",\"description\":\"Consell Insular d&#039;Eivissa\",\"potentialAction\":[{\"@type\":\"SearchAction\",\"target\":{\"@type\":\"EntryPoint\",\"urlTemplate\":\"https:\/\/idis.conselldeivissa.es\/?s={search_term_string}\"},\"query-input\":\"required name=search_term_string\"}],\"inLanguage\":\"es\"},{\"@type\":\"WebPage\",\"@id\":\"https:\/\/idis.conselldeivissa.es\/es\/igualdad\/recursos-multimedia\/v-jornadas-sobre-prostitucion-en-ibiza\/#webpage\",\"url\":\"https:\/\/idis.conselldeivissa.es\/es\/igualdad\/recursos-multimedia\/v-jornadas-sobre-prostitucion-en-ibiza\/\",\"name\":\"V Jornadas sobre Prostituci\u00f3n en Eivissa 2021 - IDIS. Igualdad, Diversidad, Inclusi\u00f3n y Salud\",\"isPartOf\":{\"@id\":\"https:\/\/idis.conselldeivissa.es\/#website\"},\"datePublished\":\"2021-11-16T10:25:12+00:00\",\"dateModified\":\"2022-07-20T08:31:44+00:00\",\"breadcrumb\":{\"@id\":\"https:\/\/idis.conselldeivissa.es\/es\/igualdad\/recursos-multimedia\/v-jornadas-sobre-prostitucion-en-ibiza\/#breadcrumb\"},\"inLanguage\":\"es\",\"potentialAction\":[{\"@type\":\"ReadAction\",\"target\":[\"https:\/\/idis.conselldeivissa.es\/es\/igualdad\/recursos-multimedia\/v-jornadas-sobre-prostitucion-en-ibiza\/\"]}]},{\"@type\":\"BreadcrumbList\",\"@id\":\"https:\/\/idis.conselldeivissa.es\/es\/igualdad\/recursos-multimedia\/v-jornadas-sobre-prostitucion-en-ibiza\/#breadcrumb\",\"itemListElement\":[{\"@type\":\"ListItem\",\"position\":1,\"name\":\"Inici\",\"item\":\"https:\/\/idis.conselldeivissa.es\/es\/\"},{\"@type\":\"ListItem\",\"position\":2,\"name\":\"Igualdad\",\"item\":\"https:\/\/idis.conselldeivissa.es\/es\/igualdad\/\"},{\"@type\":\"ListItem\",\"position\":3,\"name\":\"Recursos Multimedia\",\"item\":\"https:\/\/idis.conselldeivissa.es\/es\/igualdad\/recursos-multimedia\/\"},{\"@type\":\"ListItem\",\"position\":4,\"name\":\"V Jornadas sobre Prostituci\u00f3n en Eivissa 2021\"}]}]}<\/script>\n<!-- \/ Yoast SEO plugin. -->","yoast_head_json":{"title":"V Jornadas sobre Prostituci\u00f3n en Eivissa 2021 - IDIS. Igualdad, Diversidad, Inclusi\u00f3n y Salud","robots":{"index":"index","follow":"follow","max-snippet":"max-snippet:-1","max-image-preview":"max-image-preview:large","max-video-preview":"max-video-preview:-1"},"canonical":"https:\/\/idis.conselldeivissa.es\/es\/igualdad\/recursos-multimedia\/v-jornadas-sobre-prostitucion-en-ibiza\/","og_locale":"es_ES","og_type":"article","og_title":"V Jornadas sobre Prostituci\u00f3n en Eivissa 2021 - IDIS. Igualdad, Diversidad, Inclusi\u00f3n y Salud","og_description":"[vc_row type=\u00bbin_container\u00bb full_screen_row_position=\u00bbmiddle\u00bb column_margin=\u00bbdefault\u00bb column_direction=\u00bbdefault\u00bb column_direction_tablet=\u00bbdefault\u00bb column_direction_phone=\u00bbdefault\u00bb scene_position=\u00bbcenter\u00bb text_color=\u00bbdark\u00bb text_align=\u00bbleft\u00bb row_border_radius=\u00bbnone\u00bb row_border_radius_applies=\u00bbbg\u00bb overlay_strength=\u00bb0.3&#8243; gradient_direction=\u00bbleft_to_right\u00bb shape_divider_position=\u00bbbottom\u00bb bg_image_animation=\u00bbnone\u00bb][vc_column column_padding=\u00bbno-extra-padding\u00bb column_padding_tablet=\u00bbinherit\u00bb column_padding_phone=\u00bbinherit\u00bb column_padding_position=\u00bball\u00bb column_element_spacing=\u00bbdefault\u00bb background_color_opacity=\u00bb1&#8243; background_hover_color_opacity=\u00bb1&#8243; column_shadow=\u00bbnone\u00bb column_border_radius=\u00bbnone\u00bb column_link_target=\u00bb_self\u00bb gradient_direction=\u00bbleft_to_right\u00bb overlay_strength=\u00bb0.3&#8243; width=\u00bb1\/2&#8243; tablet_width_inherit=\u00bbdefault\u00bb...","og_url":"https:\/\/idis.conselldeivissa.es\/es\/igualdad\/recursos-multimedia\/v-jornadas-sobre-prostitucion-en-ibiza\/","og_site_name":"IDIS. Igualdad, Diversidad, Inclusi\u00f3n y Salud","article_modified_time":"2022-07-20T08:31:44+00:00","twitter_card":"summary_large_image","twitter_misc":{"Tiempo de lectura":"2 minutos"},"schema":{"@context":"https:\/\/schema.org","@graph":[{"@type":"WebSite","@id":"https:\/\/idis.conselldeivissa.es\/#website","url":"https:\/\/idis.conselldeivissa.es\/","name":"IDIS. Igualdad, Diversidad, Inclusi\u00f3n y Salud","description":"Consell Insular d&#039;Eivissa","potentialAction":[{"@type":"SearchAction","target":{"@type":"EntryPoint","urlTemplate":"https:\/\/idis.conselldeivissa.es\/?s={search_term_string}"},"query-input":"required name=search_term_string"}],"inLanguage":"es"},{"@type":"WebPage","@id":"https:\/\/idis.conselldeivissa.es\/es\/igualdad\/recursos-multimedia\/v-jornadas-sobre-prostitucion-en-ibiza\/#webpage","url":"https:\/\/idis.conselldeivissa.es\/es\/igualdad\/recursos-multimedia\/v-jornadas-sobre-prostitucion-en-ibiza\/","name":"V Jornadas sobre Prostituci\u00f3n en Eivissa 2021 - IDIS. Igualdad, Diversidad, Inclusi\u00f3n y Salud","isPartOf":{"@id":"https:\/\/idis.conselldeivissa.es\/#website"},"datePublished":"2021-11-16T10:25:12+00:00","dateModified":"2022-07-20T08:31:44+00:00","breadcrumb":{"@id":"https:\/\/idis.conselldeivissa.es\/es\/igualdad\/recursos-multimedia\/v-jornadas-sobre-prostitucion-en-ibiza\/#breadcrumb"},"inLanguage":"es","potentialAction":[{"@type":"ReadAction","target":["https:\/\/idis.conselldeivissa.es\/es\/igualdad\/recursos-multimedia\/v-jornadas-sobre-prostitucion-en-ibiza\/"]}]},{"@type":"BreadcrumbList","@id":"https:\/\/idis.conselldeivissa.es\/es\/igualdad\/recursos-multimedia\/v-jornadas-sobre-prostitucion-en-ibiza\/#breadcrumb","itemListElement":[{"@type":"ListItem","position":1,"name":"Inici","item":"https:\/\/idis.conselldeivissa.es\/es\/"},{"@type":"ListItem","position":2,"name":"Igualdad","item":"https:\/\/idis.conselldeivissa.es\/es\/igualdad\/"},{"@type":"ListItem","position":3,"name":"Recursos Multimedia","item":"https:\/\/idis.conselldeivissa.es\/es\/igualdad\/recursos-multimedia\/"},{"@type":"ListItem","position":4,"name":"V Jornadas sobre Prostituci\u00f3n en Eivissa 2021"}]}]}},"acf":[],"_links":{"self":[{"href":"https:\/\/idis.conselldeivissa.es\/es\/wp-json\/wp\/v2\/pages\/3183","targetHints":{"allow":["GET"]}}],"collection":[{"href":"https:\/\/idis.conselldeivissa.es\/es\/wp-json\/wp\/v2\/pages"}],"about":[{"href":"https:\/\/idis.conselldeivissa.es\/es\/wp-json\/wp\/v2\/types\/page"}],"author":[{"embeddable":true,"href":"https:\/\/idis.conselldeivissa.es\/es\/wp-json\/wp\/v2\/users\/5"}],"replies":[{"embeddable":true,"href":"https:\/\/idis.conselldeivissa.es\/es\/wp-json\/wp\/v2\/comments?post=3183"}],"version-history":[{"count":10,"href":"https:\/\/idis.conselldeivissa.es\/es\/wp-json\/wp\/v2\/pages\/3183\/revisions"}],"predecessor-version":[{"id":6251,"href":"https:\/\/idis.conselldeivissa.es\/es\/wp-json\/wp\/v2\/pages\/3183\/revisions\/6251"}],"up":[{"embeddable":true,"href":"https:\/\/idis.conselldeivissa.es\/es\/wp-json\/wp\/v2\/pages\/4049"}],"wp:attachment":[{"href":"https:\/\/idis.conselldeivissa.es\/es\/wp-json\/wp\/v2\/media?parent=3183"}],"wp:term":[{"taxonomy":"post_tag","embeddable":true,"href":"https:\/\/idis.conselldeivissa.es\/es\/wp-json\/wp\/v2\/tags?post=3183"}],"curies":[{"name":"wp","href":"https:\/\/api.w.org\/{rel}","templated":true}]}}