{"id":3006,"date":"2021-12-03T12:21:13","date_gmt":"2021-12-03T11:21:13","guid":{"rendered":"https:\/\/idis.conselldeivissa.es\/?page_id=3006"},"modified":"2022-05-12T21:50:40","modified_gmt":"2022-05-12T19:50:40","slug":"ii-plan-estrategico-lgtbi","status":"publish","type":"page","link":"https:\/\/idis.conselldeivissa.es\/es\/diversidad\/ii-plan-estrategico-lgtbi\/","title":{"rendered":"II Plan estrat\u00e9gico LGTBI"},"content":{"rendered":"[vc_row type=\u00bbin_container\u00bb full_screen_row_position=\u00bbmiddle\u00bb column_margin=\u00bbdefault\u00bb column_direction=\u00bbdefault\u00bb column_direction_tablet=\u00bbdefault\u00bb column_direction_phone=\u00bbdefault\u00bb scene_position=\u00bbcenter\u00bb text_color=\u00bbdark\u00bb text_align=\u00bbleft\u00bb row_border_radius=\u00bbnone\u00bb row_border_radius_applies=\u00bbbg\u00bb overlay_strength=\u00bb0.3&#8243; gradient_direction=\u00bbleft_to_right\u00bb shape_divider_position=\u00bbbottom\u00bb bg_image_animation=\u00bbnone\u00bb][vc_column column_padding=\u00bbno-extra-padding\u00bb column_padding_tablet=\u00bbinherit\u00bb column_padding_phone=\u00bbinherit\u00bb column_padding_position=\u00bball\u00bb column_element_spacing=\u00bbdefault\u00bb background_color_opacity=\u00bb1&#8243; background_hover_color_opacity=\u00bb1&#8243; column_shadow=\u00bbnone\u00bb column_border_radius=\u00bbnone\u00bb column_link_target=\u00bb_self\u00bb gradient_direction=\u00bbleft_to_right\u00bb overlay_strength=\u00bb0.3&#8243; width=\u00bb1\/2&#8243; tablet_width_inherit=\u00bbdefault\u00bb tablet_text_alignment=\u00bbdefault\u00bb phone_text_alignment=\u00bbdefault\u00bb bg_image_animation=\u00bbnone\u00bb border_type=\u00bbsimple\u00bb column_border_width=\u00bbnone\u00bb column_border_style=\u00bbsolid\u00bb][vc_custom_heading text=\u00bbEl Consell LGTBI aprueba el II Plan Estrat\u00e9gico de Pol\u00edticas P\u00fablicas LGTBI en materia de Diversidad Sexual, Familiar y de G\u00e9nero de las Illes Balears\u00bb font_container=\u00bbtag:h1|text_align:left|color:%233b164a\u00bb use_theme_fonts=\u00bbyes\u00bb css=\u00bb.vc_custom_1638526548875{padding-bottom: 30px !important;}\u00bb][vc_column_text css_animation=\u00bbfadeIn\u00bb]El Pleno del Consejo de Lesbianas, Gays, Trans, Bisexuales e Intersexuales de las Illes Balears (Consejo de LGTBI) ha aprobado el II Plan Estrat\u00e9gico de Pol\u00edticas P\u00fablicas LGTBI y en Materia de Diversidad Sexual, Familiar y de G\u00e9nero del Govern de les Illes Balears.[\/vc_column_text][vc_column_text css_animation=\u00bbfadeIn\u00bb]Este Plan, que cuenta con un presupuesto total de 2,58 millones de euros para el periodo del 2021 al 2024, ampl\u00eda y profundiza las l\u00edneas estrat\u00e9gicas iniciadas durante el primer plan, e incluye m\u00e1s de un centenar de acciones en \u00e1mbitos como la educaci\u00f3n, la salud laboral, la memoria hist\u00f3rica o el activismo social en las Balears.[\/vc_column_text][vc_column_text css_animation=\u00bbfadeIn\u00bb]La consellera de Presidencia, Funci\u00f3n P\u00fablica e Igualdad, Mercedes Garrido, ha presidido la d\u00e9cima sesi\u00f3n del Consejo de LGTBI, en la que ha agradecido a todas las personas participantes el esfuerzo realizado en los cuatro grupos de trabajo que han ido perfilando objetivos y estrategias a lo largo del pasado a\u00f1o, desde que se empez\u00f3 el proceso de elaboraci\u00f3n, en junio de 2020.[\/vc_column_text][vc_column_text css_animation=\u00bbfadeIn\u00bb]\u00bbLa sociedad civil y las instituciones debemos trabajar conjuntamente para romper estereotipos, actitudes y comportamientos que vulneren los derechos de las personas LGTBI, que son derechos humanos\u00bb, ha afirmado la consellera durante su intervenci\u00f3n ante el Consejo, en el cual participan varias consejer\u00edas del Govern, consejos insulares, ayuntamientos, entidades sociales, empresariales y sindicales, as\u00ed como partidos con representaci\u00f3n parlamentaria, asociaciones en el \u00e1mbito del activismo LGTBIQ+ y personas expertas.[\/vc_column_text][vc_column_text css_animation=\u00bbfadeIn\u00bb]Este documento estrat\u00e9gico es \u00abmuy ambicioso porque incluye medidas necesarias tanto en el \u00e1mbito de la prevenci\u00f3n de la LGTBI-fobia como actuaciones para eliminarla e iniciativas para potenciar la igualdad y el desarrollo pleno de los derechos del colectivo\u00bb, ha apuntado Garrido. Algunas de estas acciones las desarrollar\u00e1 el Govern y otras ser\u00e1n abordadas por los entes locales, de acuerdo con sus competencias.[\/vc_column_text][vc_column_text css_animation=\u00bbfadeIn\u00bb]El II Plan prev\u00e9 cinco objetivos:<\/p>\n<ol>\n<li>Impulsar, implementar y coordinar pol\u00edticas p\u00fablicas en materia LGTBI desde un enfoque transversal.<\/li>\n<li>Contribuir a identificar y reducir el origen de las desigualdades y de las violencias que sufre el colectivo LGTBIQ+.<\/li>\n<li>Remover los obst\u00e1culos que encuentran las personas y familias LGTBIQ+ para tener una vida libre de violencia y discriminaci\u00f3n en todos los \u00e1mbitos.<\/li>\n<li>Potenciar y consolidar las capacidades de interlocuci\u00f3n y de apoyo a las entidades LGTBIQ+ de las Illes Balears para cooperar en las estrategias y acciones en materia de diversidad sexual, familiar y de g\u00e9nero en las Illes Balears.<\/li>\n<li>Impulsar acciones encaminadas a restituir la memoria y la dignidad de los colectivos y de las personas que fueron sometidas hist\u00f3ricamente a pr\u00e1cticas discriminatorias, de estigmatizaci\u00f3n y persecuci\u00f3n durante la dictadura y los primeros a\u00f1os de transici\u00f3n por raz\u00f3n de su orientaci\u00f3n sexual, identidad de g\u00e9nero, expresi\u00f3n de g\u00e9nero o caracter\u00edsticas sexuales.<\/li>\n<\/ol>\n[\/vc_column_text][vc_column_text css_animation=\u00bbfadeIn\u00bb]Entre las acciones previstas, se incluye la elaboraci\u00f3n de estudios y diagn\u00f3stico sobre la realidad de las personas LGTBI+ en Balears, el apoyo telef\u00f3nico en situaciones de LGTBI-fobia, incluyendo la prevenci\u00f3n del suicidio, y la elaboraci\u00f3n de normativa para luchar contra la violencia que sufren las personas trans durante su proceso de transici\u00f3n.[\/vc_column_text][vc_column_text css_animation=\u00bbfadeIn\u00bb]Tambi\u00e9n se prev\u00e9 la creaci\u00f3n de un protocolo integral para las personas con caracter\u00edsticas intersexuales, un protocolo de actuaci\u00f3n policial ante delitos de odio y un protocolo ante el acoso escolar por motivos de LGTBBI-fobia en los centros educativos.[\/vc_column_text][vc_column_text css_animation=\u00bbfadeIn\u00bb]Igualmente se impulsar\u00e1n actuaciones para eliminar la discriminaci\u00f3n en el entorno laboral, se dise\u00f1ar\u00e1n indicadores clave de pol\u00edticas p\u00fablicas LGTBI y se pondr\u00e1 en marcha una serie de acciones, talleres y campa\u00f1as de prevenci\u00f3n de la LGTBI-fobia, de sensibilizaci\u00f3n y de visibilizaci\u00f3n de la realidad LGTBI+ en nuestra sociedad.[\/vc_column_text][vc_column_text css_animation=\u00bbfadeIn\u00bb]Por \u00faltimo, el Plan incluye diversas medidas de reconocimiento y valoraci\u00f3n de las personas y asociaciones activistas por los derechos LGTBI+, y para la justicia y la reparaci\u00f3n hist\u00f3rica en memoria democr\u00e1tica LGTBI+.[\/vc_column_text][vc_column_text css_animation=\u00bbfadeIn\u00bb]As\u00ed, el documento ampl\u00eda y profundiza las medidas ya iniciadas en el I Plan Estrat\u00e9gico LGTBI de las Islas Baleares (2017-2019) y da continuidad a las pol\u00edticas p\u00fablicas iniciadas a ra\u00edz de la publicaci\u00f3n de la Ley 8\/2016, de 30 de mayo, para garantizar los derechos de lesbianas, gays, trans, bisexuales e intersexuales y para erradicar la LGTBI-fobia[\/vc_column_text][\/vc_column][vc_column column_padding=\u00bbpadding-5-percent\u00bb column_padding_tablet=\u00bbinherit\u00bb column_padding_phone=\u00bbinherit\u00bb column_padding_position=\u00bbleft\u00bb column_element_spacing=\u00bbdefault\u00bb background_color_opacity=\u00bb1&#8243; background_hover_color_opacity=\u00bb1&#8243; column_shadow=\u00bbnone\u00bb column_border_radius=\u00bbnone\u00bb column_link_target=\u00bb_self\u00bb gradient_direction=\u00bbleft_to_right\u00bb overlay_strength=\u00bb0.3&#8243; width=\u00bb1\/2&#8243; tablet_width_inherit=\u00bbdefault\u00bb tablet_text_alignment=\u00bbdefault\u00bb phone_text_alignment=\u00bbdefault\u00bb bg_image_animation=\u00bbnone\u00bb border_type=\u00bbsimple\u00bb column_border_width=\u00bbnone\u00bb column_border_style=\u00bbsolid\u00bb][image_with_animation image_url=\u00bb2196&#8243; animation=\u00bbFade In\u00bb hover_animation=\u00bbnone\u00bb alignment=\u00bb\u00bb border_radius=\u00bbnone\u00bb box_shadow=\u00bbnone\u00bb image_loading=\u00bbdefault\u00bb max_width=\u00bb100%\u00bb max_width_mobile=\u00bbdefault\u00bb][vc_custom_heading text=\u00bbDescargas\u00bb font_container=\u00bbtag:h2|text_align:left|color:%233b164a\u00bb use_theme_fonts=\u00bbyes\u00bb css=\u00bb.vc_custom_1638526559396{padding-top: 40px !important;padding-bottom: 15px !important;}\u00bb]<div class=\"iwithtext\"><div class=\"iwt-icon\"> <i class=\"icon-default-style fa fa-file-pdf-o accent-color\"><\/i> <\/div><div class=\"iwt-text\"> <a href=\"https:\/\/docplayer.es\/215420847-Ii-plan-estrategico-de-politicas-publicas-lgtbi-y-en-materia-de-diversidad-sexual-familiar-y-de-genero-del-gobierno-de-las-islas-baleares.html\" target=\"_blank\" rel=\"noopener\">II Plan Estrat\u00e9gico de Pol\u00edticas P\u00fablicas LGTBI y en Materia de Diversidad Sexual, Familiar y de G\u00e9nero del GOIB 2021-2024<\/a> <\/div><div class=\"clear\"><\/div><\/div>[\/vc_column][\/vc_row]\n","protected":false},"excerpt":{"rendered":"<p>[vc_row type=\u00bbin_container\u00bb full_screen_row_position=\u00bbmiddle\u00bb column_margin=\u00bbdefault\u00bb column_direction=\u00bbdefault\u00bb column_direction_tablet=\u00bbdefault\u00bb column_direction_phone=\u00bbdefault\u00bb scene_position=\u00bbcenter\u00bb text_color=\u00bbdark\u00bb text_align=\u00bbleft\u00bb row_border_radius=\u00bbnone\u00bb row_border_radius_applies=\u00bbbg\u00bb overlay_strength=\u00bb0.3&#8243; gradient_direction=\u00bbleft_to_right\u00bb shape_divider_position=\u00bbbottom\u00bb bg_image_animation=\u00bbnone\u00bb][vc_column column_padding=\u00bbno-extra-padding\u00bb column_padding_tablet=\u00bbinherit\u00bb column_padding_phone=\u00bbinherit\u00bb column_padding_position=\u00bball\u00bb column_element_spacing=\u00bbdefault\u00bb background_color_opacity=\u00bb1&#8243; background_hover_color_opacity=\u00bb1&#8243; column_shadow=\u00bbnone\u00bb column_border_radius=\u00bbnone\u00bb column_link_target=\u00bb_self\u00bb gradient_direction=\u00bbleft_to_right\u00bb overlay_strength=\u00bb0.3&#8243; width=\u00bb1\/2&#8243; tablet_width_inherit=\u00bbdefault\u00bb&#8230;<\/p>\n","protected":false},"author":4,"featured_media":0,"parent":1777,"menu_order":0,"comment_status":"closed","ping_status":"closed","template":"page-child.php","meta":{"footnotes":""},"tags":[],"class_list":["post-3006","page","type-page","status-publish"],"yoast_head":"<!-- This site is optimized with the Yoast SEO plugin v18.4.1 - https:\/\/yoast.com\/wordpress\/plugins\/seo\/ -->\n<title>II Plan estrat\u00e9gico LGTBI - IDIS. Igualdad, Diversidad, Inclusi\u00f3n y Salud<\/title>\n<meta name=\"robots\" content=\"index, follow, max-snippet:-1, max-image-preview:large, max-video-preview:-1\" \/>\n<link rel=\"canonical\" href=\"https:\/\/idis.conselldeivissa.es\/es\/diversidad\/ii-plan-estrategico-lgtbi\/\" \/>\n<meta property=\"og:locale\" content=\"es_ES\" \/>\n<meta property=\"og:type\" content=\"article\" \/>\n<meta property=\"og:title\" content=\"II Plan estrat\u00e9gico LGTBI - IDIS. Igualdad, Diversidad, Inclusi\u00f3n y Salud\" \/>\n<meta property=\"og:description\" content=\"[vc_row type=\u00bbin_container\u00bb full_screen_row_position=\u00bbmiddle\u00bb column_margin=\u00bbdefault\u00bb column_direction=\u00bbdefault\u00bb column_direction_tablet=\u00bbdefault\u00bb column_direction_phone=\u00bbdefault\u00bb scene_position=\u00bbcenter\u00bb text_color=\u00bbdark\u00bb text_align=\u00bbleft\u00bb row_border_radius=\u00bbnone\u00bb row_border_radius_applies=\u00bbbg\u00bb overlay_strength=\u00bb0.3&#8243; gradient_direction=\u00bbleft_to_right\u00bb shape_divider_position=\u00bbbottom\u00bb bg_image_animation=\u00bbnone\u00bb][vc_column column_padding=\u00bbno-extra-padding\u00bb column_padding_tablet=\u00bbinherit\u00bb column_padding_phone=\u00bbinherit\u00bb column_padding_position=\u00bball\u00bb column_element_spacing=\u00bbdefault\u00bb background_color_opacity=\u00bb1&#8243; background_hover_color_opacity=\u00bb1&#8243; column_shadow=\u00bbnone\u00bb column_border_radius=\u00bbnone\u00bb column_link_target=\u00bb_self\u00bb gradient_direction=\u00bbleft_to_right\u00bb overlay_strength=\u00bb0.3&#8243; width=\u00bb1\/2&#8243; tablet_width_inherit=\u00bbdefault\u00bb...\" \/>\n<meta property=\"og:url\" content=\"https:\/\/idis.conselldeivissa.es\/es\/diversidad\/ii-plan-estrategico-lgtbi\/\" \/>\n<meta property=\"og:site_name\" content=\"IDIS. Igualdad, Diversidad, Inclusi\u00f3n y Salud\" \/>\n<meta property=\"article:modified_time\" content=\"2022-05-12T19:50:40+00:00\" \/>\n<meta name=\"twitter:card\" content=\"summary_large_image\" \/>\n<meta name=\"twitter:label1\" content=\"Tiempo de lectura\" \/>\n\t<meta name=\"twitter:data1\" content=\"4 minutos\" \/>\n<script type=\"application\/ld+json\" class=\"yoast-schema-graph\">{\"@context\":\"https:\/\/schema.org\",\"@graph\":[{\"@type\":\"WebSite\",\"@id\":\"https:\/\/idis.conselldeivissa.es\/#website\",\"url\":\"https:\/\/idis.conselldeivissa.es\/\",\"name\":\"IDIS. Igualdad, Diversidad, Inclusi\u00f3n y Salud\",\"description\":\"Consell Insular d&#039;Eivissa\",\"potentialAction\":[{\"@type\":\"SearchAction\",\"target\":{\"@type\":\"EntryPoint\",\"urlTemplate\":\"https:\/\/idis.conselldeivissa.es\/?s={search_term_string}\"},\"query-input\":\"required name=search_term_string\"}],\"inLanguage\":\"es\"},{\"@type\":\"WebPage\",\"@id\":\"https:\/\/idis.conselldeivissa.es\/es\/diversidad\/ii-plan-estrategico-lgtbi\/#webpage\",\"url\":\"https:\/\/idis.conselldeivissa.es\/es\/diversidad\/ii-plan-estrategico-lgtbi\/\",\"name\":\"II Plan estrat\u00e9gico LGTBI - IDIS. Igualdad, Diversidad, Inclusi\u00f3n y Salud\",\"isPartOf\":{\"@id\":\"https:\/\/idis.conselldeivissa.es\/#website\"},\"datePublished\":\"2021-12-03T11:21:13+00:00\",\"dateModified\":\"2022-05-12T19:50:40+00:00\",\"breadcrumb\":{\"@id\":\"https:\/\/idis.conselldeivissa.es\/es\/diversidad\/ii-plan-estrategico-lgtbi\/#breadcrumb\"},\"inLanguage\":\"es\",\"potentialAction\":[{\"@type\":\"ReadAction\",\"target\":[\"https:\/\/idis.conselldeivissa.es\/es\/diversidad\/ii-plan-estrategico-lgtbi\/\"]}]},{\"@type\":\"BreadcrumbList\",\"@id\":\"https:\/\/idis.conselldeivissa.es\/es\/diversidad\/ii-plan-estrategico-lgtbi\/#breadcrumb\",\"itemListElement\":[{\"@type\":\"ListItem\",\"position\":1,\"name\":\"Inici\",\"item\":\"https:\/\/idis.conselldeivissa.es\/es\/\"},{\"@type\":\"ListItem\",\"position\":2,\"name\":\"Diversidad\",\"item\":\"https:\/\/idis.conselldeivissa.es\/es\/diversidad\/\"},{\"@type\":\"ListItem\",\"position\":3,\"name\":\"II Plan estrat\u00e9gico LGTBI\"}]}]}<\/script>\n<!-- \/ Yoast SEO plugin. -->","yoast_head_json":{"title":"II Plan estrat\u00e9gico LGTBI - IDIS. Igualdad, Diversidad, Inclusi\u00f3n y Salud","robots":{"index":"index","follow":"follow","max-snippet":"max-snippet:-1","max-image-preview":"max-image-preview:large","max-video-preview":"max-video-preview:-1"},"canonical":"https:\/\/idis.conselldeivissa.es\/es\/diversidad\/ii-plan-estrategico-lgtbi\/","og_locale":"es_ES","og_type":"article","og_title":"II Plan estrat\u00e9gico LGTBI - IDIS. Igualdad, Diversidad, Inclusi\u00f3n y Salud","og_description":"[vc_row type=\u00bbin_container\u00bb full_screen_row_position=\u00bbmiddle\u00bb column_margin=\u00bbdefault\u00bb column_direction=\u00bbdefault\u00bb column_direction_tablet=\u00bbdefault\u00bb column_direction_phone=\u00bbdefault\u00bb scene_position=\u00bbcenter\u00bb text_color=\u00bbdark\u00bb text_align=\u00bbleft\u00bb row_border_radius=\u00bbnone\u00bb row_border_radius_applies=\u00bbbg\u00bb overlay_strength=\u00bb0.3&#8243; gradient_direction=\u00bbleft_to_right\u00bb shape_divider_position=\u00bbbottom\u00bb bg_image_animation=\u00bbnone\u00bb][vc_column column_padding=\u00bbno-extra-padding\u00bb column_padding_tablet=\u00bbinherit\u00bb column_padding_phone=\u00bbinherit\u00bb column_padding_position=\u00bball\u00bb column_element_spacing=\u00bbdefault\u00bb background_color_opacity=\u00bb1&#8243; background_hover_color_opacity=\u00bb1&#8243; column_shadow=\u00bbnone\u00bb column_border_radius=\u00bbnone\u00bb column_link_target=\u00bb_self\u00bb gradient_direction=\u00bbleft_to_right\u00bb overlay_strength=\u00bb0.3&#8243; width=\u00bb1\/2&#8243; tablet_width_inherit=\u00bbdefault\u00bb...","og_url":"https:\/\/idis.conselldeivissa.es\/es\/diversidad\/ii-plan-estrategico-lgtbi\/","og_site_name":"IDIS. Igualdad, Diversidad, Inclusi\u00f3n y Salud","article_modified_time":"2022-05-12T19:50:40+00:00","twitter_card":"summary_large_image","twitter_misc":{"Tiempo de lectura":"4 minutos"},"schema":{"@context":"https:\/\/schema.org","@graph":[{"@type":"WebSite","@id":"https:\/\/idis.conselldeivissa.es\/#website","url":"https:\/\/idis.conselldeivissa.es\/","name":"IDIS. Igualdad, Diversidad, Inclusi\u00f3n y Salud","description":"Consell Insular d&#039;Eivissa","potentialAction":[{"@type":"SearchAction","target":{"@type":"EntryPoint","urlTemplate":"https:\/\/idis.conselldeivissa.es\/?s={search_term_string}"},"query-input":"required name=search_term_string"}],"inLanguage":"es"},{"@type":"WebPage","@id":"https:\/\/idis.conselldeivissa.es\/es\/diversidad\/ii-plan-estrategico-lgtbi\/#webpage","url":"https:\/\/idis.conselldeivissa.es\/es\/diversidad\/ii-plan-estrategico-lgtbi\/","name":"II Plan estrat\u00e9gico LGTBI - IDIS. Igualdad, Diversidad, Inclusi\u00f3n y Salud","isPartOf":{"@id":"https:\/\/idis.conselldeivissa.es\/#website"},"datePublished":"2021-12-03T11:21:13+00:00","dateModified":"2022-05-12T19:50:40+00:00","breadcrumb":{"@id":"https:\/\/idis.conselldeivissa.es\/es\/diversidad\/ii-plan-estrategico-lgtbi\/#breadcrumb"},"inLanguage":"es","potentialAction":[{"@type":"ReadAction","target":["https:\/\/idis.conselldeivissa.es\/es\/diversidad\/ii-plan-estrategico-lgtbi\/"]}]},{"@type":"BreadcrumbList","@id":"https:\/\/idis.conselldeivissa.es\/es\/diversidad\/ii-plan-estrategico-lgtbi\/#breadcrumb","itemListElement":[{"@type":"ListItem","position":1,"name":"Inici","item":"https:\/\/idis.conselldeivissa.es\/es\/"},{"@type":"ListItem","position":2,"name":"Diversidad","item":"https:\/\/idis.conselldeivissa.es\/es\/diversidad\/"},{"@type":"ListItem","position":3,"name":"II Plan estrat\u00e9gico LGTBI"}]}]}},"acf":[],"_links":{"self":[{"href":"https:\/\/idis.conselldeivissa.es\/es\/wp-json\/wp\/v2\/pages\/3006","targetHints":{"allow":["GET"]}}],"collection":[{"href":"https:\/\/idis.conselldeivissa.es\/es\/wp-json\/wp\/v2\/pages"}],"about":[{"href":"https:\/\/idis.conselldeivissa.es\/es\/wp-json\/wp\/v2\/types\/page"}],"author":[{"embeddable":true,"href":"https:\/\/idis.conselldeivissa.es\/es\/wp-json\/wp\/v2\/users\/4"}],"replies":[{"embeddable":true,"href":"https:\/\/idis.conselldeivissa.es\/es\/wp-json\/wp\/v2\/comments?post=3006"}],"version-history":[{"count":9,"href":"https:\/\/idis.conselldeivissa.es\/es\/wp-json\/wp\/v2\/pages\/3006\/revisions"}],"predecessor-version":[{"id":4735,"href":"https:\/\/idis.conselldeivissa.es\/es\/wp-json\/wp\/v2\/pages\/3006\/revisions\/4735"}],"up":[{"embeddable":true,"href":"https:\/\/idis.conselldeivissa.es\/es\/wp-json\/wp\/v2\/pages\/1777"}],"wp:attachment":[{"href":"https:\/\/idis.conselldeivissa.es\/es\/wp-json\/wp\/v2\/media?parent=3006"}],"wp:term":[{"taxonomy":"post_tag","embeddable":true,"href":"https:\/\/idis.conselldeivissa.es\/es\/wp-json\/wp\/v2\/tags?post=3006"}],"curies":[{"name":"wp","href":"https:\/\/api.w.org\/{rel}","templated":true}]}}