{"id":2907,"date":"2020-11-10T08:22:37","date_gmt":"2020-11-10T07:22:37","guid":{"rendered":"https:\/\/idis.conselldeivissa.es\/?page_id=2907"},"modified":"2022-05-17T10:17:27","modified_gmt":"2022-05-17T08:17:27","slug":"aviso-legal-y-politica-de-privacidad","status":"publish","type":"page","link":"https:\/\/idis.conselldeivissa.es\/es\/aviso-legal-y-politica-de-privacidad\/","title":{"rendered":"Aviso Legal y Pol\u00edtica de Privacidad"},"content":{"rendered":"<div class=\" portlet-content-container\">\n<div class=\"portlet-body\">\n<div class=\"\" data-fragments-editor-item-id=\"20132-62961\" data-fragments-editor-item-type=\"fragments-editor-mapped-item\">\n<div class=\"journal-content-article \" data-analytics-asset-id=\"62959\" data-analytics-asset-title=\"Aviso Legal y Pol\u00edtica de Privacidad\" data-analytics-asset-type=\"web-content\">\n<p><strong>CONDICIONES LEGALES Y SU ACEPTACI\u00d3N<\/strong><\/p>\n<p>Estas condiciones generales, regulan el uso del servicio del portal d&#8217;Internet <a href=\"https:\/\/www.conselldeivissa.es\/\">https:\/\/www.conselldeivissa.es\/<\/a><\/p>\n<p><strong>OBJETO<\/strong><\/p>\n<p>A trav\u00e9s del portal, <a href=\"https:\/\/www.conselldeivissa.es\/\">https:\/\/www.conselldeivissa.es\/<\/a> se facilita a los usuarios el acceso y la utilizaci\u00f3n de diversos servicios y contenidos que est\u00e1n a disposici\u00f3n de los ciudadanos de Eivissa. El Consell d&#8217;Eivissa se reserva el derecho a modificar unilateralmente, en cualquier momento y sin aviso previo, la presentaci\u00f3n y la configuraci\u00f3n del Portal, as\u00ed como tambi\u00e9n se reserva el derecho a modificar o eliminar algunos servicios y utilidades.<\/p>\n<p><strong>CONDICIONES DE ACCESO Y FUNCIONAMIENTO DEL PORTAL<\/strong><\/p>\n<ul>\n<li><a href=\"https:\/\/www.conselldeivissa.es\/\" target=\"_blank\" rel=\"noopener\">https:\/\/www.conselldeivissa.es\/<\/a> es un portal totalmente gratuito para sus usuarios. No obstante, la utilizaci\u00f3n de ciertos servicios se ha de realizar mediante suscripci\u00f3n previa.<\/li>\n<li>El usuario se compromete a utilizar el portal de manera correcta y de acuerdo con la ley. En caso de provocar perjuicios al Portal\u00a0 del Consell d&#8217;Eivissa, ser\u00e1 responsable de los da\u00f1os provocados.<\/li>\n<li><a href=\"https:\/\/www.conselldeivissa.es\/\">https:\/\/www.conselldeivissa.es\/<\/a> no se hace cargo del mal uso del portal y de irregularidades en los PC de los usuarios, de las cuales seran responsables los propios usuarios.<\/li>\n<\/ul>\n<p><strong>POL\u00cdTICA DE PRIVACIDAD DE DATOS PERSONALES<\/strong><\/p>\n<p>La Pol\u00edtica de Privacidad forma parte de las Condiciones Generales que rigen la P\u00e1gina <a href=\"https:\/\/www.conselldeivissa.es\/\" target=\"_blank\" rel=\"noopener\">https:\/\/www.conselldeivissa.es\/<\/a> junto con la Pol\u00edtica de Cookies y el Aviso Legal.<\/p>\n<p>Consell d&#8217;Eivissa respeta la legislaci\u00f3n vigente en materia de protecci\u00f3n de datos personales, la privacidad de los usuarios y el secreto y seguridad de los datos personales, de conformidad con lo establecido en la legislaci\u00f3n aplicable en materia de protecci\u00f3n de datos, en concreto, el Reglamento 2016\/679 del Parlamento Europeo y del Consejo de 27 de abril de 2016 y la Ley Org\u00e1nica de Protecci\u00f3n de Datos y Garant\u00eda de Derechos Digitales 3\/2018, de 5 de diciembre y de sus normas de desarrollo, adoptando para ello las medidas t\u00e9cnicas y organizativas necesarias para evitar la p\u00e9rdida, mal uso, alteraci\u00f3n, acceso no autorizado y robo de los datos personales facilitados, habida cuenta del estado de la tecnolog\u00eda, la naturaleza de los datos y los riesgos a los que est\u00e1n expuestos.<\/p>\n<p><strong>\u00bfQui\u00e9n es el Responsable del tratamiento de sus datos personales?<\/strong><\/p>\n<p>Los datos que se recojan o nos facilites voluntariamente por medio de la P\u00e1gina Web, ya sea por la navegaci\u00f3n en la misma, as\u00ed como todos aquellos que nos puedas facilitar en los formularios de contacto, v\u00eda email o por tel\u00e9fono, ser\u00e1n recabados y tratados por el Responsable del Tratamiento, cuyos datos se indican a continuaci\u00f3n<\/p>\n<ul>\n<li>Responsable del Tratamiento: Consell d&#8217;Eivissa<\/li>\n<li>CIF: S-0733001-B<\/li>\n<li>Direcci\u00f3n: av. d&#8217;Espanya, 49 CP: 07800 &#8211; Eivissa (Illes Balears).<\/li>\n<li>Tel\u00e9fono: 971 195 900<\/li>\n<li>WEB:<a href=\"https:\/\/www.conselldeivissa.es\/\">https:\/\/www.conselldeivissa.es\/<\/a><\/li>\n<li>Email: info@conselldeivissa.es<\/li>\n<\/ul>\n<p><strong>\u00bfCon que finalidades vamos a tratar sus datos personales?<\/strong><\/p>\n<ul>\n<li>Contestar a tus consultas, solicitudes o peticiones.<\/li>\n<li>Gestionar el servicio solicitado, contestar tu solicitud, o tramitar tu petici\u00f3n, de las distintas propuestas que proponemos desde nuestra WEB.<\/li>\n<li>Informaci\u00f3n por medios electr\u00f3nicos, que versen sobre tu solicitud.<\/li>\n<li>Para tratamiento de las distintas finalidades en funci\u00f3n de los servicios que sean objeto de prestaci\u00f3n y, en todo caso, para mantener el contacto y la comunicaci\u00f3n con \u00e9stas.<\/li>\n<li>Informaci\u00f3n general o de eventos por medios electr\u00f3nicos, siempre que exista autorizaci\u00f3n expresa.<\/li>\n<li>Realizar an\u00e1lisis y mejoras en la Web, sobre nuestros servicios.<\/li>\n<\/ul>\n<p><strong>\u00bfCu\u00e1l es la legitimaci\u00f3n para el tratamiento de sus datos?<\/strong><\/p>\n<p>RGPD 2016\/679 \u00bf Art\u00edculo 6.1a) el interesado dio su consentimiento para el tratamiento de sus datos personales para uno o varios fines espec\u00edficos.<\/p>\n<p>Cumplimiento de obligaciones legales por nuestra parte.<\/p>\n<p>Cumplimiento por el Consell de una misi\u00f3n realizada en inter\u00e9s p\u00fablico o en ejercicio de Poderes P\u00fablicos, en otros la protecci\u00f3n de intereses vitales y en otros la ejecuci\u00f3n de un contrato.<\/p>\n<p>La aceptaci\u00f3n y consentimiento del interesado: En aquellos casos donde para realizar una solicitud sea necesario cumplimentar un formulario y hacer un \u00abclick\u00bb en el bot\u00f3n de enviar, la realizaci\u00f3n del mismo implicar\u00e1 necesariamente que ha sido informado y ha otorgado expresamente su consentimiento al contenido de la cl\u00e1usula anexada a dicho formulario o aceptaci\u00f3n de la pol\u00edtica de privacidad.<\/p>\n<p><strong>\u00bfA qui\u00e9nes le comunicaremos sus datos?<\/strong><\/p>\n<p>Los datos que nos proporcionas podr\u00e1n ser comunicados a terceras entidades para el cumplimiento de fines directamente relacionados con funciones leg\u00edtimas de persona cedente y persona cesionaria, como a las entidades u organismos a los que exista obligaci\u00f3n legal de realizar comunicaciones de datos, entidades u organizaciones p\u00fablicas o privadas con las que lleguemos a acuerdos para desarrollar proyectos sociales, culturales o deportivos o acuerdos de colaboraci\u00f3n, etc.<\/p>\n<p><strong>\u00bfDurante qu\u00e9 plazo almacenaremos sus datos?<\/strong><\/p>\n<p>Los datos personales ser\u00e1n mantenidos mientras se mantenga la vinculaci\u00f3n con el Responsable. Al finalizar los mismos, los datos personales tratados en cada una de las finalidades indicadas se mantendr\u00e1n durante los plazos legalmente previstos o durante el plazo que un juez o tribunal los pueda requerir atendiendo al plazo de prescripci\u00f3n de acciones judiciales. Los datos tratados se mantendr\u00e1n en tanto no expiren los plazos legales aludidos anteriormente, si hubiera obligaci\u00f3n legal de mantenimiento, o de no existir ese plazo legal, hasta que el interesado solicite su supresi\u00f3n o revoque el consentimiento otorgado.<\/p>\n<p><strong>\u00bfCu\u00e1les son sus derechos?<\/strong><\/p>\n<ul>\n<li>A saber, si estamos tratando sus datos o no.<\/li>\n<li>A acceder a sus datos personales.<\/li>\n<li>A solicitar la rectificaci\u00f3n de sus datos si son inexactos.<\/li>\n<li>A solicitar la supresi\u00f3n de sus datos si ya no son necesarios para los fines para los que fueron recogidos o si nos retira el consentimiento otorgado.<\/li>\n<li>A solicitar el derecho a oponerse a un determinado tratamiento basado en el consentimiento del interesado.<\/li>\n<li>A solicitar la limitaci\u00f3n del tratamiento de sus datos, en algunos supuestos, en cuyo caso s\u00f3lo se conservar\u00e1n de acuerdo con la normativa vigente.<\/li>\n<li>A portar sus datos, que le ser\u00e1n facilitados en un formato estructurado, de uso com\u00fan o lectura mec\u00e1nica.<\/li>\n<li>A presentar una reclamaci\u00f3n ante el Delegado de Protecci\u00f3n de Datos (en su caso) o ante la Agencia Espa\u00f1ola de Protecci\u00f3n de Datos o autoridad de control competente, si cree que no le hemos atendido correctamente.<\/li>\n<li>A revocar el consentimiento para cada finalidad espec\u00edfica, sin que ello afecte a licitud del tratamiento basado en el consentimiento expreso.<\/li>\n<\/ul>\n<p><strong>\u00bfC\u00f3mo puede ejercer sus derechos?<\/strong><\/p>\n<p>Le informamos que podr\u00e1 ejercitar los derechos de acceso, rectificaci\u00f3n, supresi\u00f3n y oposici\u00f3n, mediante escrito junto con fotocopia de DNI al Delegado de Protecci\u00f3n de Datos, en la siguiente direcci\u00f3n:<\/p>\n<ul>\n<li>Consell d&#8217;Eivissa<\/li>\n<li>av. d&#8217;Espanya, 49 CP: 07800 &#8211; Eivissa (Illes Balears).<\/li>\n<\/ul>\n<p>En determinados supuestos el interesado podr\u00e1 solicitar la limitaci\u00f3n del tratamiento de sus datos, en cuyo caso s\u00f3lo los conservaremos de acuerdo con la normativa vigente.<\/p>\n<p>En determinados supuestos puede ejercitar su derecho a la portabilidad de los datos, que ser\u00e1n entregados en un formato estructurado, de uso com\u00fan o lectura mec\u00e1nica a usted o el nuevo responsable de tratamiento que designe.<\/p>\n<p>Tiene derecho a revocar en cualquier momento el consentimiento para cualquiera de los tratamientos para los que lo ha otorgado.<\/p>\n<p>Se informa al interesado o representante del mismo, que podr\u00e1 presentar una reclamaci\u00f3n ante la Agencia Espa\u00f1ola de Protecci\u00f3n de Datos, en el supuesto que considere que no se ha atendido convenientemente el ejercicio de sus derechos.<\/p>\n<p><strong>Cambios en la Pol\u00edtica de Privacidad:<\/strong><\/p>\n<p>Consell d&#8217;Eivissa, se reserva el derecho a modificar o adaptar la presente Pol\u00edtica de Privacidad en todo momento. Por lo tanto, le recomendamos que revise la misma cada vez que acceda a la P\u00e1gina Web. En el supuesto de que usuario se haya registrado en la p\u00e1gina web y acceda a su cuenta o perfil, al acceder a la misma, se le informar\u00e1 en el supuesto de que haya habido modificaciones sustanciales en relaci\u00f3n con el tratamiento de sus datos personales.<\/p>\n<\/div>\n<\/div>\n<\/div>\n<\/div>\n","protected":false},"excerpt":{"rendered":"<p>CONDICIONES LEGALES Y SU ACEPTACI\u00d3N Estas condiciones generales, regulan el uso del servicio del portal d&#8217;Internet https:\/\/www.conselldeivissa.es\/ OBJETO A trav\u00e9s del portal, https:\/\/www.conselldeivissa.es\/ se facilita a los usuarios el acceso&#8230;<\/p>\n","protected":false},"author":3,"featured_media":0,"parent":0,"menu_order":0,"comment_status":"closed","ping_status":"closed","template":"","meta":{"footnotes":""},"tags":[],"class_list":["post-2907","page","type-page","status-publish"],"yoast_head":"<!-- This site is optimized with the Yoast SEO plugin v18.4.1 - https:\/\/yoast.com\/wordpress\/plugins\/seo\/ -->\n<title>Aviso Legal y Pol\u00edtica de Privacidad - IDIS. Igualdad, Diversidad, Inclusi\u00f3n y Salud<\/title>\n<meta name=\"robots\" content=\"index, follow, max-snippet:-1, max-image-preview:large, max-video-preview:-1\" \/>\n<link rel=\"canonical\" href=\"https:\/\/idis.conselldeivissa.es\/es\/aviso-legal-y-politica-de-privacidad\/\" \/>\n<meta property=\"og:locale\" content=\"es_ES\" \/>\n<meta property=\"og:type\" content=\"article\" \/>\n<meta property=\"og:title\" content=\"Aviso Legal y Pol\u00edtica de Privacidad - IDIS. Igualdad, Diversidad, Inclusi\u00f3n y Salud\" \/>\n<meta property=\"og:description\" content=\"CONDICIONES LEGALES Y SU ACEPTACI\u00d3N Estas condiciones generales, regulan el uso del servicio del portal d&#8217;Internet https:\/\/www.conselldeivissa.es\/ OBJETO A trav\u00e9s del portal, https:\/\/www.conselldeivissa.es\/ se facilita a los usuarios el acceso...\" \/>\n<meta property=\"og:url\" content=\"https:\/\/idis.conselldeivissa.es\/es\/aviso-legal-y-politica-de-privacidad\/\" \/>\n<meta property=\"og:site_name\" content=\"IDIS. Igualdad, Diversidad, Inclusi\u00f3n y Salud\" \/>\n<meta property=\"article:modified_time\" content=\"2022-05-17T08:17:27+00:00\" \/>\n<meta name=\"twitter:card\" content=\"summary_large_image\" \/>\n<meta name=\"twitter:label1\" content=\"Tiempo de lectura\" \/>\n\t<meta name=\"twitter:data1\" content=\"7 minutos\" \/>\n<script type=\"application\/ld+json\" class=\"yoast-schema-graph\">{\"@context\":\"https:\/\/schema.org\",\"@graph\":[{\"@type\":\"WebSite\",\"@id\":\"https:\/\/idis.conselldeivissa.es\/#website\",\"url\":\"https:\/\/idis.conselldeivissa.es\/\",\"name\":\"IDIS. Igualdad, Diversidad, Inclusi\u00f3n y Salud\",\"description\":\"Consell Insular d&#039;Eivissa\",\"potentialAction\":[{\"@type\":\"SearchAction\",\"target\":{\"@type\":\"EntryPoint\",\"urlTemplate\":\"https:\/\/idis.conselldeivissa.es\/?s={search_term_string}\"},\"query-input\":\"required name=search_term_string\"}],\"inLanguage\":\"es\"},{\"@type\":\"WebPage\",\"@id\":\"https:\/\/idis.conselldeivissa.es\/es\/aviso-legal-y-politica-de-privacidad\/#webpage\",\"url\":\"https:\/\/idis.conselldeivissa.es\/es\/aviso-legal-y-politica-de-privacidad\/\",\"name\":\"Aviso Legal y Pol\u00edtica de Privacidad - IDIS. Igualdad, Diversidad, Inclusi\u00f3n y Salud\",\"isPartOf\":{\"@id\":\"https:\/\/idis.conselldeivissa.es\/#website\"},\"datePublished\":\"2020-11-10T07:22:37+00:00\",\"dateModified\":\"2022-05-17T08:17:27+00:00\",\"breadcrumb\":{\"@id\":\"https:\/\/idis.conselldeivissa.es\/es\/aviso-legal-y-politica-de-privacidad\/#breadcrumb\"},\"inLanguage\":\"es\",\"potentialAction\":[{\"@type\":\"ReadAction\",\"target\":[\"https:\/\/idis.conselldeivissa.es\/es\/aviso-legal-y-politica-de-privacidad\/\"]}]},{\"@type\":\"BreadcrumbList\",\"@id\":\"https:\/\/idis.conselldeivissa.es\/es\/aviso-legal-y-politica-de-privacidad\/#breadcrumb\",\"itemListElement\":[{\"@type\":\"ListItem\",\"position\":1,\"name\":\"Inici\",\"item\":\"https:\/\/idis.conselldeivissa.es\/es\/\"},{\"@type\":\"ListItem\",\"position\":2,\"name\":\"Aviso Legal y Pol\u00edtica de Privacidad\"}]}]}<\/script>\n<!-- \/ Yoast SEO plugin. -->","yoast_head_json":{"title":"Aviso Legal y Pol\u00edtica de Privacidad - IDIS. Igualdad, Diversidad, Inclusi\u00f3n y Salud","robots":{"index":"index","follow":"follow","max-snippet":"max-snippet:-1","max-image-preview":"max-image-preview:large","max-video-preview":"max-video-preview:-1"},"canonical":"https:\/\/idis.conselldeivissa.es\/es\/aviso-legal-y-politica-de-privacidad\/","og_locale":"es_ES","og_type":"article","og_title":"Aviso Legal y Pol\u00edtica de Privacidad - IDIS. Igualdad, Diversidad, Inclusi\u00f3n y Salud","og_description":"CONDICIONES LEGALES Y SU ACEPTACI\u00d3N Estas condiciones generales, regulan el uso del servicio del portal d&#8217;Internet https:\/\/www.conselldeivissa.es\/ OBJETO A trav\u00e9s del portal, https:\/\/www.conselldeivissa.es\/ se facilita a los usuarios el acceso...","og_url":"https:\/\/idis.conselldeivissa.es\/es\/aviso-legal-y-politica-de-privacidad\/","og_site_name":"IDIS. Igualdad, Diversidad, Inclusi\u00f3n y Salud","article_modified_time":"2022-05-17T08:17:27+00:00","twitter_card":"summary_large_image","twitter_misc":{"Tiempo de lectura":"7 minutos"},"schema":{"@context":"https:\/\/schema.org","@graph":[{"@type":"WebSite","@id":"https:\/\/idis.conselldeivissa.es\/#website","url":"https:\/\/idis.conselldeivissa.es\/","name":"IDIS. Igualdad, Diversidad, Inclusi\u00f3n y Salud","description":"Consell Insular d&#039;Eivissa","potentialAction":[{"@type":"SearchAction","target":{"@type":"EntryPoint","urlTemplate":"https:\/\/idis.conselldeivissa.es\/?s={search_term_string}"},"query-input":"required name=search_term_string"}],"inLanguage":"es"},{"@type":"WebPage","@id":"https:\/\/idis.conselldeivissa.es\/es\/aviso-legal-y-politica-de-privacidad\/#webpage","url":"https:\/\/idis.conselldeivissa.es\/es\/aviso-legal-y-politica-de-privacidad\/","name":"Aviso Legal y Pol\u00edtica de Privacidad - IDIS. Igualdad, Diversidad, Inclusi\u00f3n y Salud","isPartOf":{"@id":"https:\/\/idis.conselldeivissa.es\/#website"},"datePublished":"2020-11-10T07:22:37+00:00","dateModified":"2022-05-17T08:17:27+00:00","breadcrumb":{"@id":"https:\/\/idis.conselldeivissa.es\/es\/aviso-legal-y-politica-de-privacidad\/#breadcrumb"},"inLanguage":"es","potentialAction":[{"@type":"ReadAction","target":["https:\/\/idis.conselldeivissa.es\/es\/aviso-legal-y-politica-de-privacidad\/"]}]},{"@type":"BreadcrumbList","@id":"https:\/\/idis.conselldeivissa.es\/es\/aviso-legal-y-politica-de-privacidad\/#breadcrumb","itemListElement":[{"@type":"ListItem","position":1,"name":"Inici","item":"https:\/\/idis.conselldeivissa.es\/es\/"},{"@type":"ListItem","position":2,"name":"Aviso Legal y Pol\u00edtica de Privacidad"}]}]}},"acf":[],"_links":{"self":[{"href":"https:\/\/idis.conselldeivissa.es\/es\/wp-json\/wp\/v2\/pages\/2907","targetHints":{"allow":["GET"]}}],"collection":[{"href":"https:\/\/idis.conselldeivissa.es\/es\/wp-json\/wp\/v2\/pages"}],"about":[{"href":"https:\/\/idis.conselldeivissa.es\/es\/wp-json\/wp\/v2\/types\/page"}],"author":[{"embeddable":true,"href":"https:\/\/idis.conselldeivissa.es\/es\/wp-json\/wp\/v2\/users\/3"}],"replies":[{"embeddable":true,"href":"https:\/\/idis.conselldeivissa.es\/es\/wp-json\/wp\/v2\/comments?post=2907"}],"version-history":[{"count":4,"href":"https:\/\/idis.conselldeivissa.es\/es\/wp-json\/wp\/v2\/pages\/2907\/revisions"}],"predecessor-version":[{"id":4779,"href":"https:\/\/idis.conselldeivissa.es\/es\/wp-json\/wp\/v2\/pages\/2907\/revisions\/4779"}],"wp:attachment":[{"href":"https:\/\/idis.conselldeivissa.es\/es\/wp-json\/wp\/v2\/media?parent=2907"}],"wp:term":[{"taxonomy":"post_tag","embeddable":true,"href":"https:\/\/idis.conselldeivissa.es\/es\/wp-json\/wp\/v2\/tags?post=2907"}],"curies":[{"name":"wp","href":"https:\/\/api.w.org\/{rel}","templated":true}]}}